{"id":3919,"date":"2020-03-26T12:25:35","date_gmt":"2020-03-26T12:25:35","guid":{"rendered":"https:\/\/www.dcatala.com\/productos\/caquis-persimon\/"},"modified":"2026-03-31T13:08:53","modified_gmt":"2026-03-31T11:08:53","slug":"caquis-persimon","status":"publish","type":"page","link":"https:\/\/www.dcatala.com\/ca\/fruita\/caquis-persimon\/","title":{"rendered":"Caquis \/ Persimon"},"content":{"rendered":"\t\t<div data-elementor-type=\"wp-page\" data-elementor-id=\"3919\" class=\"elementor elementor-3919 elementor-497\" data-elementor-post-type=\"page\">\n\t\t\t\t\t\t<section class=\"elementor-section elementor-top-section elementor-element elementor-element-48fc94ee elementor-section-full_width elementor-section-height-min-height elementor-section-height-default elementor-section-items-middle\" data-id=\"48fc94ee\" data-element_type=\"section\" data-e-type=\"section\">\n\t\t\t\t\t\t<div class=\"elementor-container elementor-column-gap-default\">\n\t\t\t\t\t<div class=\"elementor-column elementor-col-100 elementor-top-column elementor-element elementor-element-313b58f1\" data-id=\"313b58f1\" data-element_type=\"column\" data-e-type=\"column\">\n\t\t\t<div class=\"elementor-widget-wrap elementor-element-populated\">\n\t\t\t\t\t\t<div class=\"elementor-element elementor-element-7e2ff4a9 elementor--h-position-center elementor--v-position-middle elementor-arrows-position-inside elementor-pagination-position-inside elementor-widget elementor-widget-slides\" data-id=\"7e2ff4a9\" data-element_type=\"widget\" data-e-type=\"widget\" data-settings=\"{&quot;navigation&quot;:&quot;both&quot;,&quot;autoplay&quot;:&quot;yes&quot;,&quot;pause_on_hover&quot;:&quot;yes&quot;,&quot;pause_on_interaction&quot;:&quot;yes&quot;,&quot;autoplay_speed&quot;:5000,&quot;infinite&quot;:&quot;yes&quot;,&quot;transition&quot;:&quot;slide&quot;,&quot;transition_speed&quot;:500}\" data-widget_type=\"slides.default\">\n\t\t\t\t<div class=\"elementor-widget-container\">\n\t\t\t\t\t\t\t\t\t<div class=\"elementor-swiper\">\n\t\t\t\t\t<div class=\"elementor-slides-wrapper elementor-main-swiper swiper\" role=\"region\" aria-roledescription=\"carousel\" aria-label=\"Diapositivas\" dir=\"ltr\" data-animation=\"fadeInUp\">\n\t\t\t\t<div class=\"swiper-wrapper elementor-slides\">\n\t\t\t\t\t\t\t\t\t\t<div class=\"elementor-repeater-item-3f6ce38 swiper-slide\" role=\"group\" aria-roledescription=\"slide\"><div class=\"swiper-slide-bg\" role=\"img\" aria-label=\"caquis\"><\/div><div class=\"swiper-slide-inner\" ><div class=\"swiper-slide-contents\"><div class=\"elementor-slide-heading\">Caquis \/ Persimon<\/div><\/div><\/div><\/div>\t\t\t\t<\/div>\n\t\t\t\t\t\t\t<\/div>\n\t\t\t\t<\/div>\n\t\t\t\t\t\t\t\t<\/div>\n\t\t\t\t<\/div>\n\t\t\t\t\t<\/div>\n\t\t<\/div>\n\t\t\t\t\t<\/div>\n\t\t<\/section>\n\t\t\t\t<section class=\"elementor-section elementor-top-section elementor-element elementor-element-561f6fe8 elementor-section-boxed elementor-section-height-default elementor-section-height-default\" data-id=\"561f6fe8\" data-element_type=\"section\" data-e-type=\"section\">\n\t\t\t\t\t\t<div class=\"elementor-container elementor-column-gap-default\">\n\t\t\t\t\t<div class=\"elementor-column elementor-col-100 elementor-top-column elementor-element elementor-element-8fd2395\" data-id=\"8fd2395\" data-element_type=\"column\" data-e-type=\"column\">\n\t\t\t<div class=\"elementor-widget-wrap elementor-element-populated\">\n\t\t\t\t\t\t<div class=\"elementor-element elementor-element-761ee2f7 elementor-widget elementor-widget-spacer\" data-id=\"761ee2f7\" data-element_type=\"widget\" data-e-type=\"widget\" data-widget_type=\"spacer.default\">\n\t\t\t\t<div class=\"elementor-widget-container\">\n\t\t\t\t\t\t\t<div class=\"elementor-spacer\">\n\t\t\t<div class=\"elementor-spacer-inner\"><\/div>\n\t\t<\/div>\n\t\t\t\t\t\t<\/div>\n\t\t\t\t<\/div>\n\t\t\t\t\t<\/div>\n\t\t<\/div>\n\t\t\t\t\t<\/div>\n\t\t<\/section>\n\t\t\t\t<section class=\"elementor-section elementor-top-section elementor-element elementor-element-15865a32 elementor-section-boxed elementor-section-height-default elementor-section-height-default\" data-id=\"15865a32\" data-element_type=\"section\" data-e-type=\"section\">\n\t\t\t\t\t\t<div class=\"elementor-container elementor-column-gap-default\">\n\t\t\t\t\t<div class=\"elementor-column elementor-col-50 elementor-top-column elementor-element elementor-element-2418c57f\" data-id=\"2418c57f\" data-element_type=\"column\" data-e-type=\"column\">\n\t\t\t<div class=\"elementor-widget-wrap elementor-element-populated\">\n\t\t\t\t\t\t<div class=\"elementor-element elementor-element-44fb8e91 elementor-widget elementor-widget-text-editor\" data-id=\"44fb8e91\" data-element_type=\"widget\" data-e-type=\"widget\" data-widget_type=\"text-editor.default\">\n\t\t\t\t<div class=\"elementor-widget-container\">\n\t\t\t\t\t\t\t\t\t<div class=\"col-xs-12 col-sm-6 col-md-4 col-lg-4\"><div class=\"texte\"><p>Els caquis s\u00f3n el fruit comestible d&#8217;un nombre d&#8217;esp\u00e8cies d&#8217;arbres del g\u00e8nere Diospyros. Diospyros, de la fam\u00edlia de la Ebenaceae, i certes esp\u00e8cies de Diospyros, s\u00f3n les fonts de la majoria dels tipus de fusta de ban\u00fas, i no totes les esp\u00e8cies produeixen fruits comestibles.<\/p><p>El color de la fruita madura dels ceps conreades va des de la llum groga- taronja a taronja -vermell fosc, depenent de l&#8217;esp\u00e8cie i variedad.Los fruits varien en grand\u00e0ria de 1,5 a 9 cm (0,5 a 4 polzades ) de di\u00e0metre, i existeixen varietats que poden ser de forma esf\u00e8rica, de gla, o carabassa, El calze generalment roman unit a la fruita despr\u00e9s de la collita i \u00e9s m\u00e9s f\u00e0cil treure una vegada que la fruita est\u00e0 madura.<\/p><p>La fruita madura t\u00e9 un alt contingut de glucosa. El contingut en prote\u00efna \u00e9s baix, per\u00f2 t\u00e9 un perfil de prote\u00efna equilibrat.<\/p><\/div><\/div>\t\t\t\t\t\t\t\t<\/div>\n\t\t\t\t<\/div>\n\t\t\t\t<div class=\"elementor-element elementor-element-6aecaba5 elementor-widget elementor-widget-spacer\" data-id=\"6aecaba5\" data-element_type=\"widget\" data-e-type=\"widget\" data-widget_type=\"spacer.default\">\n\t\t\t\t<div class=\"elementor-widget-container\">\n\t\t\t\t\t\t\t<div class=\"elementor-spacer\">\n\t\t\t<div class=\"elementor-spacer-inner\"><\/div>\n\t\t<\/div>\n\t\t\t\t\t\t<\/div>\n\t\t\t\t<\/div>\n\t\t\t\t\t<\/div>\n\t\t<\/div>\n\t\t\t\t<div class=\"elementor-column elementor-col-50 elementor-top-column elementor-element elementor-element-2312b23\" data-id=\"2312b23\" data-element_type=\"column\" data-e-type=\"column\">\n\t\t\t<div class=\"elementor-widget-wrap elementor-element-populated\">\n\t\t\t\t\t\t<div class=\"elementor-element elementor-element-536f81b5 elementor-widget elementor-widget-heading\" data-id=\"536f81b5\" data-element_type=\"widget\" data-e-type=\"widget\" data-widget_type=\"heading.default\">\n\t\t\t\t<div class=\"elementor-widget-container\">\n\t\t\t\t\t<h2 class=\"elementor-heading-title elementor-size-default\">Propietats nutritives\n<\/h2>\t\t\t\t<\/div>\n\t\t\t\t<\/div>\n\t\t\t\t<div class=\"elementor-element elementor-element-3e12b493 elementor-widget elementor-widget-heading\" data-id=\"3e12b493\" data-element_type=\"widget\" data-e-type=\"widget\" data-widget_type=\"heading.default\">\n\t\t\t\t<div class=\"elementor-widget-container\">\n\t\t\t\t\t<h2 class=\"elementor-heading-title elementor-size-default\">Composici\u00f3 per 100 grams<\/h2>\t\t\t\t<\/div>\n\t\t\t\t<\/div>\n\t\t\t\t<div class=\"elementor-element elementor-element-76bc8ce9 elementor-widget elementor-widget-progress\" data-id=\"76bc8ce9\" data-element_type=\"widget\" data-e-type=\"widget\" data-widget_type=\"progress.default\">\n\t\t\t\t<div class=\"elementor-widget-container\">\n\t\t\t\t\t\t\t\t<span class=\"elementor-title\" id=\"elementor-progress-bar-76bc8ce9\">\n\t\t\t\tCalories (KCAL) - 77\t\t\t<\/span>\n\t\t\n\t\t<div aria-labelledby=\"elementor-progress-bar-76bc8ce9\" class=\"elementor-progress-wrapper\" role=\"progressbar\" aria-valuemin=\"0\" aria-valuemax=\"100\" aria-valuenow=\"77\">\n\t\t\t<div class=\"elementor-progress-bar\" data-max=\"77\">\n\t\t\t\t<span class=\"elementor-progress-text\"><\/span>\n\t\t\t\t\t\t\t<\/div>\n\t\t<\/div>\n\t\t\t\t\t\t<\/div>\n\t\t\t\t<\/div>\n\t\t\t\t<div class=\"elementor-element elementor-element-4d126153 elementor-widget elementor-widget-progress\" data-id=\"4d126153\" data-element_type=\"widget\" data-e-type=\"widget\" data-widget_type=\"progress.default\">\n\t\t\t\t<div class=\"elementor-widget-container\">\n\t\t\t\t\t\t\t\t<span class=\"elementor-title\" id=\"elementor-progress-bar-4d126153\">\n\t\t\t\tHidrats de carboni (G) - 19.6\t\t\t<\/span>\n\t\t\n\t\t<div aria-labelledby=\"elementor-progress-bar-4d126153\" class=\"elementor-progress-wrapper\" role=\"progressbar\" aria-valuemin=\"0\" aria-valuemax=\"100\" aria-valuenow=\"19.6\">\n\t\t\t<div class=\"elementor-progress-bar\" data-max=\"19.6\">\n\t\t\t\t<span class=\"elementor-progress-text\"><\/span>\n\t\t\t\t\t\t\t<\/div>\n\t\t<\/div>\n\t\t\t\t\t\t<\/div>\n\t\t\t\t<\/div>\n\t\t\t\t<div class=\"elementor-element elementor-element-6abf5199 elementor-widget elementor-widget-progress\" data-id=\"6abf5199\" data-element_type=\"widget\" data-e-type=\"widget\" data-widget_type=\"progress.default\">\n\t\t\t\t<div class=\"elementor-widget-container\">\n\t\t\t\t\t\t\t\t<span class=\"elementor-title\" id=\"elementor-progress-bar-6abf5199\">\n\t\t\t\tSodi  (G) - 0.6\t\t\t<\/span>\n\t\t\n\t\t<div aria-labelledby=\"elementor-progress-bar-6abf5199\" class=\"elementor-progress-wrapper\" role=\"progressbar\" aria-valuemin=\"0\" aria-valuemax=\"100\" aria-valuenow=\"6\">\n\t\t\t<div class=\"elementor-progress-bar\" data-max=\"6\">\n\t\t\t\t<span class=\"elementor-progress-text\"><\/span>\n\t\t\t\t\t\t\t<\/div>\n\t\t<\/div>\n\t\t\t\t\t\t<\/div>\n\t\t\t\t<\/div>\n\t\t\t\t<div class=\"elementor-element elementor-element-7570396f elementor-widget elementor-widget-progress\" data-id=\"7570396f\" data-element_type=\"widget\" data-e-type=\"widget\" data-widget_type=\"progress.default\">\n\t\t\t\t<div class=\"elementor-widget-container\">\n\t\t\t\t\t\t\t\t<span class=\"elementor-title\" id=\"elementor-progress-bar-7570396f\">\n\t\t\t\tFerro (MG)\t0,3\t\t\t<\/span>\n\t\t\n\t\t<div aria-labelledby=\"elementor-progress-bar-7570396f\" class=\"elementor-progress-wrapper\" role=\"progressbar\" aria-valuemin=\"0\" aria-valuemax=\"100\" aria-valuenow=\"3\">\n\t\t\t<div class=\"elementor-progress-bar\" data-max=\"3\">\n\t\t\t\t<span class=\"elementor-progress-text\"><\/span>\n\t\t\t\t\t\t\t<\/div>\n\t\t<\/div>\n\t\t\t\t\t\t<\/div>\n\t\t\t\t<\/div>\n\t\t\t\t<div class=\"elementor-element elementor-element-6bba3187 elementor-widget elementor-widget-progress\" data-id=\"6bba3187\" data-element_type=\"widget\" data-e-type=\"widget\" data-widget_type=\"progress.default\">\n\t\t\t\t<div class=\"elementor-widget-container\">\n\t\t\t\t\t\t\t\t<span class=\"elementor-title\" id=\"elementor-progress-bar-6bba3187\">\n\t\t\t\tCalci (MG) - 6\t\t\t<\/span>\n\t\t\n\t\t<div aria-labelledby=\"elementor-progress-bar-6bba3187\" class=\"elementor-progress-wrapper\" role=\"progressbar\" aria-valuemin=\"0\" aria-valuemax=\"100\" aria-valuenow=\"60\">\n\t\t\t<div class=\"elementor-progress-bar\" data-max=\"60\">\n\t\t\t\t<span class=\"elementor-progress-text\"><\/span>\n\t\t\t\t\t\t\t<\/div>\n\t\t<\/div>\n\t\t\t\t\t\t<\/div>\n\t\t\t\t<\/div>\n\t\t\t\t<div class=\"elementor-element elementor-element-1540a938 elementor-widget elementor-widget-progress\" data-id=\"1540a938\" data-element_type=\"widget\" data-e-type=\"widget\" data-widget_type=\"progress.default\">\n\t\t\t\t<div class=\"elementor-widget-container\">\n\t\t\t\t\t\t\t\t<span class=\"elementor-title\" id=\"elementor-progress-bar-1540a938\">\n\t\t\t\tMagnesi (MG) - 8\t\t\t<\/span>\n\t\t\n\t\t<div aria-labelledby=\"elementor-progress-bar-1540a938\" class=\"elementor-progress-wrapper\" role=\"progressbar\" aria-valuemin=\"0\" aria-valuemax=\"100\" aria-valuenow=\"27\">\n\t\t\t<div class=\"elementor-progress-bar\" data-max=\"27\">\n\t\t\t\t<span class=\"elementor-progress-text\"><\/span>\n\t\t\t\t\t\t\t<\/div>\n\t\t<\/div>\n\t\t\t\t\t\t<\/div>\n\t\t\t\t<\/div>\n\t\t\t\t<div class=\"elementor-element elementor-element-1d6e4894 elementor-widget elementor-widget-progress\" data-id=\"1d6e4894\" data-element_type=\"widget\" data-e-type=\"widget\" data-widget_type=\"progress.default\">\n\t\t\t\t<div class=\"elementor-widget-container\">\n\t\t\t\t\t\t\t\t<span class=\"elementor-title\" id=\"elementor-progress-bar-1d6e4894\">\n\t\t\t\t\u00c0cid Asc\u00f2rbic (MG) - 11\t\t\t<\/span>\n\t\t\n\t\t<div aria-labelledby=\"elementor-progress-bar-1d6e4894\" class=\"elementor-progress-wrapper\" role=\"progressbar\" aria-valuemin=\"0\" aria-valuemax=\"100\" aria-valuenow=\"7\">\n\t\t\t<div class=\"elementor-progress-bar\" data-max=\"7\">\n\t\t\t\t<span class=\"elementor-progress-text\"><\/span>\n\t\t\t\t\t\t\t<\/div>\n\t\t<\/div>\n\t\t\t\t\t\t<\/div>\n\t\t\t\t<\/div>\n\t\t\t\t\t<\/div>\n\t\t<\/div>\n\t\t\t\t\t<\/div>\n\t\t<\/section>\n\t\t\t\t<section class=\"elementor-section elementor-top-section elementor-element elementor-element-43e4a17b tableprods elementor-section-boxed elementor-section-height-default elementor-section-height-default\" data-id=\"43e4a17b\" data-element_type=\"section\" data-e-type=\"section\">\n\t\t\t\t\t\t<div class=\"elementor-container elementor-column-gap-default\">\n\t\t\t\t\t<div class=\"elementor-column elementor-col-100 elementor-top-column elementor-element elementor-element-4d5249d\" data-id=\"4d5249d\" data-element_type=\"column\" data-e-type=\"column\">\n\t\t\t<div class=\"elementor-widget-wrap elementor-element-populated\">\n\t\t\t\t\t\t<div class=\"elementor-element elementor-element-3542eac8 elementor-widget elementor-widget-spacer\" data-id=\"3542eac8\" data-element_type=\"widget\" data-e-type=\"widget\" data-widget_type=\"spacer.default\">\n\t\t\t\t<div class=\"elementor-widget-container\">\n\t\t\t\t\t\t\t<div class=\"elementor-spacer\">\n\t\t\t<div class=\"elementor-spacer-inner\"><\/div>\n\t\t<\/div>\n\t\t\t\t\t\t<\/div>\n\t\t\t\t<\/div>\n\t\t\t\t<div class=\"elementor-element elementor-element-461f928 elementor-widget elementor-widget-heading\" data-id=\"461f928\" data-element_type=\"widget\" data-e-type=\"widget\" data-widget_type=\"heading.default\">\n\t\t\t\t<div class=\"elementor-widget-container\">\n\t\t\t\t\t<h2 class=\"elementor-heading-title elementor-size-default\">Calendari<\/h2>\t\t\t\t<\/div>\n\t\t\t\t<\/div>\n\t\t\t\t<div class=\"elementor-element elementor-element-6f2a63c4 elementor-widget elementor-widget-image\" data-id=\"6f2a63c4\" data-element_type=\"widget\" data-e-type=\"widget\" data-widget_type=\"image.default\">\n\t\t\t\t<div class=\"elementor-widget-container\">\n\t\t\t\t\t\t\t\t\t\t\t\t\t\t\t<img fetchpriority=\"high\" decoding=\"async\" width=\"1024\" height=\"123\" src=\"https:\/\/www.dcatala.com\/wp-content\/uploads\/2020\/06\/caqui_CA-1024x123.png\" class=\"attachment-large size-large wp-image-7023\" alt=\"\" srcset=\"https:\/\/www.dcatala.com\/wp-content\/uploads\/2020\/06\/caqui_CA-1024x123.png 1024w, https:\/\/www.dcatala.com\/wp-content\/uploads\/2020\/06\/caqui_CA-300x36.png 300w, https:\/\/www.dcatala.com\/wp-content\/uploads\/2020\/06\/caqui_CA-768x92.png 768w, https:\/\/www.dcatala.com\/wp-content\/uploads\/2020\/06\/caqui_CA-1536x184.png 1536w, https:\/\/www.dcatala.com\/wp-content\/uploads\/2020\/06\/caqui_CA-2048x245.png 2048w\" sizes=\"(max-width: 1024px) 100vw, 1024px\" \/>\t\t\t\t\t\t\t\t\t\t\t\t\t\t\t<\/div>\n\t\t\t\t<\/div>\n\t\t\t\t\t<\/div>\n\t\t<\/div>\n\t\t\t\t\t<\/div>\n\t\t<\/section>\n\t\t\t\t<\/div>\n\t\t","protected":false},"excerpt":{"rendered":"<p>Caquis \/ Persimon Els caquis s\u00f3n el fruit comestible d&#8217;un nombre d&#8217;esp\u00e8cies d&#8217;arbres del g\u00e8nere Diospyros. Diospyros, de la fam\u00edlia de la Ebenaceae, i certes esp\u00e8cies de Diospyros, s\u00f3n les fonts de la majoria dels tipus de fusta de ban\u00fas, i no totes les esp\u00e8cies produeixen fruits comestibles. El color de la fruita madura dels &#8230; <a title=\"Caquis \/ Persimon\" class=\"read-more\" href=\"https:\/\/www.dcatala.com\/ca\/fruita\/caquis-persimon\/\" aria-label=\"M\u00e9s informaci\u00f3 sobre Caquis \/ Persimon\">Llegiu m\u00e9s<\/a><\/p>\n","protected":false},"author":1,"featured_media":0,"parent":3804,"menu_order":0,"comment_status":"closed","ping_status":"closed","template":"elementor_header_footer","meta":{"footnotes":""},"class_list":["post-3919","page","type-page","status-publish"],"yoast_head":"<!-- This site is optimized with the Yoast SEO plugin v27.5 - https:\/\/yoast.com\/product\/yoast-seo-wordpress\/ -->\n<title>Caquis \/ Persimon - DOMINGO CATAL\u00c0<\/title>\n<meta name=\"description\" content=\"Caquis \/ Persimon Els caquis s\u00f3n el fruit comestible d&#039;un nombre d&#039;esp\u00e8cies d&#039;arbres del g\u00e8nere Diospyros. Diospyros, de la fam\u00edlia de la Ebenaceae, i\" \/>\n<meta name=\"robots\" content=\"index, follow, max-snippet:-1, max-image-preview:large, max-video-preview:-1\" \/>\n<link rel=\"canonical\" href=\"https:\/\/www.dcatala.com\/ca\/fruita\/caquis-persimon\/\" \/>\n<meta name=\"twitter:label1\" content=\"Temps estimat de lectura\" \/>\n\t<meta name=\"twitter:data1\" content=\"1 minut\" \/>\n<script type=\"application\/ld+json\" class=\"yoast-schema-graph\">{\"@context\":\"https:\\\/\\\/schema.org\",\"@graph\":[{\"@type\":\"WebPage\",\"@id\":\"https:\\\/\\\/www.dcatala.com\\\/ca\\\/fruita\\\/caquis-persimon\\\/\",\"url\":\"https:\\\/\\\/www.dcatala.com\\\/ca\\\/fruita\\\/caquis-persimon\\\/\",\"name\":\"Caquis \\\/ Persimon - DOMINGO CATAL\u00c0\",\"isPartOf\":{\"@id\":\"https:\\\/\\\/www.dcatala.com\\\/ca\\\/#website\"},\"primaryImageOfPage\":{\"@id\":\"https:\\\/\\\/www.dcatala.com\\\/ca\\\/fruita\\\/caquis-persimon\\\/#primaryimage\"},\"image\":{\"@id\":\"https:\\\/\\\/www.dcatala.com\\\/ca\\\/fruita\\\/caquis-persimon\\\/#primaryimage\"},\"thumbnailUrl\":\"https:\\\/\\\/www.dcatala.com\\\/wp-content\\\/uploads\\\/2020\\\/06\\\/caqui_CA-1024x123.png\",\"datePublished\":\"2020-03-26T12:25:35+00:00\",\"dateModified\":\"2026-03-31T11:08:53+00:00\",\"description\":\"Caquis \\\/ Persimon Els caquis s\u00f3n el fruit comestible d'un nombre d'esp\u00e8cies d'arbres del g\u00e8nere Diospyros. Diospyros, de la fam\u00edlia de la Ebenaceae, i\",\"breadcrumb\":{\"@id\":\"https:\\\/\\\/www.dcatala.com\\\/ca\\\/fruita\\\/caquis-persimon\\\/#breadcrumb\"},\"inLanguage\":\"ca\",\"potentialAction\":[{\"@type\":\"ReadAction\",\"target\":[\"https:\\\/\\\/www.dcatala.com\\\/ca\\\/fruita\\\/caquis-persimon\\\/\"]}]},{\"@type\":\"ImageObject\",\"inLanguage\":\"ca\",\"@id\":\"https:\\\/\\\/www.dcatala.com\\\/ca\\\/fruita\\\/caquis-persimon\\\/#primaryimage\",\"url\":\"https:\\\/\\\/www.dcatala.com\\\/wp-content\\\/uploads\\\/2020\\\/06\\\/caqui_CA-1024x123.png\",\"contentUrl\":\"https:\\\/\\\/www.dcatala.com\\\/wp-content\\\/uploads\\\/2020\\\/06\\\/caqui_CA-1024x123.png\"},{\"@type\":\"BreadcrumbList\",\"@id\":\"https:\\\/\\\/www.dcatala.com\\\/ca\\\/fruita\\\/caquis-persimon\\\/#breadcrumb\",\"itemListElement\":[{\"@type\":\"ListItem\",\"position\":1,\"name\":\"Portada\",\"item\":\"https:\\\/\\\/www.dcatala.com\\\/ca\\\/\"},{\"@type\":\"ListItem\",\"position\":2,\"name\":\"Fruita\",\"item\":\"https:\\\/\\\/www.dcatala.com\\\/ca\\\/fruita\\\/\"},{\"@type\":\"ListItem\",\"position\":3,\"name\":\"Caquis \\\/ Persimon\"}]},{\"@type\":\"WebSite\",\"@id\":\"https:\\\/\\\/www.dcatala.com\\\/ca\\\/#website\",\"url\":\"https:\\\/\\\/www.dcatala.com\\\/ca\\\/\",\"name\":\"DOMINGO CATAL\u00c0\",\"description\":\"Produciendo calidad\",\"publisher\":{\"@id\":\"https:\\\/\\\/www.dcatala.com\\\/ca\\\/#organization\"},\"potentialAction\":[{\"@type\":\"SearchAction\",\"target\":{\"@type\":\"EntryPoint\",\"urlTemplate\":\"https:\\\/\\\/www.dcatala.com\\\/ca\\\/?s={search_term_string}\"},\"query-input\":{\"@type\":\"PropertyValueSpecification\",\"valueRequired\":true,\"valueName\":\"search_term_string\"}}],\"inLanguage\":\"ca\"},{\"@type\":\"Organization\",\"@id\":\"https:\\\/\\\/www.dcatala.com\\\/ca\\\/#organization\",\"name\":\"D.Catala\",\"url\":\"https:\\\/\\\/www.dcatala.com\\\/ca\\\/\",\"logo\":{\"@type\":\"ImageObject\",\"inLanguage\":\"ca\",\"@id\":\"https:\\\/\\\/www.dcatala.com\\\/ca\\\/#\\\/schema\\\/logo\\\/image\\\/\",\"url\":\"https:\\\/\\\/www.dcatala.com\\\/wp-content\\\/uploads\\\/2020\\\/05\\\/cropped-logo-d.catala-2-1-scaled-1.jpg\",\"contentUrl\":\"https:\\\/\\\/www.dcatala.com\\\/wp-content\\\/uploads\\\/2020\\\/05\\\/cropped-logo-d.catala-2-1-scaled-1.jpg\",\"width\":2560,\"height\":711,\"caption\":\"D.Catala\"},\"image\":{\"@id\":\"https:\\\/\\\/www.dcatala.com\\\/ca\\\/#\\\/schema\\\/logo\\\/image\\\/\"}}]}<\/script>\n<!-- \/ Yoast SEO plugin. -->","yoast_head_json":{"title":"Caquis \/ Persimon - DOMINGO CATAL\u00c0","description":"Caquis \/ Persimon Els caquis s\u00f3n el fruit comestible d'un nombre d'esp\u00e8cies d'arbres del g\u00e8nere Diospyros. Diospyros, de la fam\u00edlia de la Ebenaceae, i","robots":{"index":"index","follow":"follow","max-snippet":"max-snippet:-1","max-image-preview":"max-image-preview:large","max-video-preview":"max-video-preview:-1"},"canonical":"https:\/\/www.dcatala.com\/ca\/fruita\/caquis-persimon\/","twitter_misc":{"Temps estimat de lectura":"1 minut"},"schema":{"@context":"https:\/\/schema.org","@graph":[{"@type":"WebPage","@id":"https:\/\/www.dcatala.com\/ca\/fruita\/caquis-persimon\/","url":"https:\/\/www.dcatala.com\/ca\/fruita\/caquis-persimon\/","name":"Caquis \/ Persimon - DOMINGO CATAL\u00c0","isPartOf":{"@id":"https:\/\/www.dcatala.com\/ca\/#website"},"primaryImageOfPage":{"@id":"https:\/\/www.dcatala.com\/ca\/fruita\/caquis-persimon\/#primaryimage"},"image":{"@id":"https:\/\/www.dcatala.com\/ca\/fruita\/caquis-persimon\/#primaryimage"},"thumbnailUrl":"https:\/\/www.dcatala.com\/wp-content\/uploads\/2020\/06\/caqui_CA-1024x123.png","datePublished":"2020-03-26T12:25:35+00:00","dateModified":"2026-03-31T11:08:53+00:00","description":"Caquis \/ Persimon Els caquis s\u00f3n el fruit comestible d'un nombre d'esp\u00e8cies d'arbres del g\u00e8nere Diospyros. Diospyros, de la fam\u00edlia de la Ebenaceae, i","breadcrumb":{"@id":"https:\/\/www.dcatala.com\/ca\/fruita\/caquis-persimon\/#breadcrumb"},"inLanguage":"ca","potentialAction":[{"@type":"ReadAction","target":["https:\/\/www.dcatala.com\/ca\/fruita\/caquis-persimon\/"]}]},{"@type":"ImageObject","inLanguage":"ca","@id":"https:\/\/www.dcatala.com\/ca\/fruita\/caquis-persimon\/#primaryimage","url":"https:\/\/www.dcatala.com\/wp-content\/uploads\/2020\/06\/caqui_CA-1024x123.png","contentUrl":"https:\/\/www.dcatala.com\/wp-content\/uploads\/2020\/06\/caqui_CA-1024x123.png"},{"@type":"BreadcrumbList","@id":"https:\/\/www.dcatala.com\/ca\/fruita\/caquis-persimon\/#breadcrumb","itemListElement":[{"@type":"ListItem","position":1,"name":"Portada","item":"https:\/\/www.dcatala.com\/ca\/"},{"@type":"ListItem","position":2,"name":"Fruita","item":"https:\/\/www.dcatala.com\/ca\/fruita\/"},{"@type":"ListItem","position":3,"name":"Caquis \/ Persimon"}]},{"@type":"WebSite","@id":"https:\/\/www.dcatala.com\/ca\/#website","url":"https:\/\/www.dcatala.com\/ca\/","name":"DOMINGO CATAL\u00c0","description":"Produciendo calidad","publisher":{"@id":"https:\/\/www.dcatala.com\/ca\/#organization"},"potentialAction":[{"@type":"SearchAction","target":{"@type":"EntryPoint","urlTemplate":"https:\/\/www.dcatala.com\/ca\/?s={search_term_string}"},"query-input":{"@type":"PropertyValueSpecification","valueRequired":true,"valueName":"search_term_string"}}],"inLanguage":"ca"},{"@type":"Organization","@id":"https:\/\/www.dcatala.com\/ca\/#organization","name":"D.Catala","url":"https:\/\/www.dcatala.com\/ca\/","logo":{"@type":"ImageObject","inLanguage":"ca","@id":"https:\/\/www.dcatala.com\/ca\/#\/schema\/logo\/image\/","url":"https:\/\/www.dcatala.com\/wp-content\/uploads\/2020\/05\/cropped-logo-d.catala-2-1-scaled-1.jpg","contentUrl":"https:\/\/www.dcatala.com\/wp-content\/uploads\/2020\/05\/cropped-logo-d.catala-2-1-scaled-1.jpg","width":2560,"height":711,"caption":"D.Catala"},"image":{"@id":"https:\/\/www.dcatala.com\/ca\/#\/schema\/logo\/image\/"}}]}},"_links":{"self":[{"href":"https:\/\/www.dcatala.com\/ca\/wp-json\/wp\/v2\/pages\/3919","targetHints":{"allow":["GET"]}}],"collection":[{"href":"https:\/\/www.dcatala.com\/ca\/wp-json\/wp\/v2\/pages"}],"about":[{"href":"https:\/\/www.dcatala.com\/ca\/wp-json\/wp\/v2\/types\/page"}],"author":[{"embeddable":true,"href":"https:\/\/www.dcatala.com\/ca\/wp-json\/wp\/v2\/users\/1"}],"replies":[{"embeddable":true,"href":"https:\/\/www.dcatala.com\/ca\/wp-json\/wp\/v2\/comments?post=3919"}],"version-history":[{"count":2,"href":"https:\/\/www.dcatala.com\/ca\/wp-json\/wp\/v2\/pages\/3919\/revisions"}],"predecessor-version":[{"id":9522,"href":"https:\/\/www.dcatala.com\/ca\/wp-json\/wp\/v2\/pages\/3919\/revisions\/9522"}],"up":[{"embeddable":true,"href":"https:\/\/www.dcatala.com\/ca\/wp-json\/wp\/v2\/pages\/3804"}],"wp:attachment":[{"href":"https:\/\/www.dcatala.com\/ca\/wp-json\/wp\/v2\/media?parent=3919"}],"curies":[{"name":"wp","href":"https:\/\/api.w.org\/{rel}","templated":true}]}}