{"id":3949,"date":"2020-03-26T12:24:15","date_gmt":"2020-03-26T12:24:15","guid":{"rendered":"https:\/\/www.dcatala.com\/productos\/paraguayo-platerina\/"},"modified":"2026-03-31T13:16:07","modified_gmt":"2026-03-31T11:16:07","slug":"paraguaia-platerina","status":"publish","type":"page","link":"https:\/\/www.dcatala.com\/ca\/fruita\/paraguaia-platerina\/","title":{"rendered":"Paraguai\u00e0 \/ Platerina"},"content":{"rendered":"\t\t<div data-elementor-type=\"wp-page\" data-elementor-id=\"3949\" class=\"elementor elementor-3949 elementor-487\" data-elementor-post-type=\"page\">\n\t\t\t\t\t\t<section class=\"elementor-section elementor-top-section elementor-element elementor-element-155690e3 elementor-section-full_width elementor-section-height-min-height elementor-section-height-default elementor-section-items-middle\" data-id=\"155690e3\" data-element_type=\"section\" data-e-type=\"section\">\n\t\t\t\t\t\t<div class=\"elementor-container elementor-column-gap-default\">\n\t\t\t\t\t<div class=\"elementor-column elementor-col-100 elementor-top-column elementor-element elementor-element-3e61f10e\" data-id=\"3e61f10e\" data-element_type=\"column\" data-e-type=\"column\">\n\t\t\t<div class=\"elementor-widget-wrap elementor-element-populated\">\n\t\t\t\t\t\t<div class=\"elementor-element elementor-element-30610740 elementor--h-position-center elementor--v-position-middle elementor-arrows-position-inside elementor-pagination-position-inside elementor-widget elementor-widget-slides\" data-id=\"30610740\" data-element_type=\"widget\" data-e-type=\"widget\" data-settings=\"{&quot;navigation&quot;:&quot;both&quot;,&quot;autoplay&quot;:&quot;yes&quot;,&quot;pause_on_hover&quot;:&quot;yes&quot;,&quot;pause_on_interaction&quot;:&quot;yes&quot;,&quot;autoplay_speed&quot;:5000,&quot;infinite&quot;:&quot;yes&quot;,&quot;transition&quot;:&quot;slide&quot;,&quot;transition_speed&quot;:500}\" data-widget_type=\"slides.default\">\n\t\t\t\t<div class=\"elementor-widget-container\">\n\t\t\t\t\t\t\t\t\t<div class=\"elementor-swiper\">\n\t\t\t\t\t<div class=\"elementor-slides-wrapper elementor-main-swiper swiper\" role=\"region\" aria-roledescription=\"carousel\" aria-label=\"Diapositivas\" dir=\"ltr\" data-animation=\"fadeInUp\">\n\t\t\t\t<div class=\"swiper-wrapper elementor-slides\">\n\t\t\t\t\t\t\t\t\t\t<div class=\"elementor-repeater-item-3f6ce38 swiper-slide\" role=\"group\" aria-roledescription=\"slide\"><div class=\"swiper-slide-bg\" role=\"img\" aria-label=\"paraguayo\"><\/div><div class=\"swiper-slide-inner\" ><div class=\"swiper-slide-contents\"><div class=\"elementor-slide-heading\">Paraguayo\/Platerina<\/div><\/div><\/div><\/div>\t\t\t\t<\/div>\n\t\t\t\t\t\t\t<\/div>\n\t\t\t\t<\/div>\n\t\t\t\t\t\t\t\t<\/div>\n\t\t\t\t<\/div>\n\t\t\t\t\t<\/div>\n\t\t<\/div>\n\t\t\t\t\t<\/div>\n\t\t<\/section>\n\t\t\t\t<section class=\"elementor-section elementor-top-section elementor-element elementor-element-1484698e elementor-section-boxed elementor-section-height-default elementor-section-height-default\" data-id=\"1484698e\" data-element_type=\"section\" data-e-type=\"section\">\n\t\t\t\t\t\t<div class=\"elementor-container elementor-column-gap-default\">\n\t\t\t\t\t<div class=\"elementor-column elementor-col-100 elementor-top-column elementor-element elementor-element-694c007b\" data-id=\"694c007b\" data-element_type=\"column\" data-e-type=\"column\">\n\t\t\t<div class=\"elementor-widget-wrap elementor-element-populated\">\n\t\t\t\t\t\t<div class=\"elementor-element elementor-element-3eb74495 elementor-widget elementor-widget-spacer\" data-id=\"3eb74495\" data-element_type=\"widget\" data-e-type=\"widget\" data-widget_type=\"spacer.default\">\n\t\t\t\t<div class=\"elementor-widget-container\">\n\t\t\t\t\t\t\t<div class=\"elementor-spacer\">\n\t\t\t<div class=\"elementor-spacer-inner\"><\/div>\n\t\t<\/div>\n\t\t\t\t\t\t<\/div>\n\t\t\t\t<\/div>\n\t\t\t\t\t<\/div>\n\t\t<\/div>\n\t\t\t\t\t<\/div>\n\t\t<\/section>\n\t\t\t\t<section class=\"elementor-section elementor-top-section elementor-element elementor-element-616a800d produitem elementor-section-boxed elementor-section-height-default elementor-section-height-default\" data-id=\"616a800d\" data-element_type=\"section\" data-e-type=\"section\">\n\t\t\t\t\t\t<div class=\"elementor-container elementor-column-gap-default\">\n\t\t\t\t\t<div class=\"elementor-column elementor-col-50 elementor-top-column elementor-element elementor-element-2928028e\" data-id=\"2928028e\" data-element_type=\"column\" data-e-type=\"column\">\n\t\t\t<div class=\"elementor-widget-wrap elementor-element-populated\">\n\t\t\t\t\t\t<div class=\"elementor-element elementor-element-7537780c elementor-widget elementor-widget-text-editor\" data-id=\"7537780c\" data-element_type=\"widget\" data-e-type=\"widget\" data-widget_type=\"text-editor.default\">\n\t\t\t\t<div class=\"elementor-widget-container\">\n\t\t\t\t\t\t\t\t\t<div class=\"col-xs-12 col-sm-6 col-md-4 col-lg-4\"><div class=\"texte\"><p>Els paraguaians s\u00f3n un delici\u00f3s secret de l&#8217;est d&#8217;\u00c0sia: un tipus de pr\u00e9ssec que t\u00e9 una pell gaireb\u00e9 lliure de borrissol. Ric en vitamines A i C, el pr\u00e9ssec aplanat ha estat comercialitzada com un pr\u00e9ssec &#8220;Saturn&#8221; o &#8220;rosquilla&#8221;.<\/p><p>Noves soques d&#8217;aquest arbre han fet que sigui m\u00e9s f\u00e0cil conrear en climes m\u00e9s exigents, i augmentar la seva disponibilitat. Els paraguaians s\u00f3n millors quan es madura a l&#8217;arbre, i s&#8217;emmagatzema i es menja a temperatura ambient. La carn blanca \u00e9s dol\u00e7 amb un toc d&#8217;ametlla, i \u00e9s f\u00e0cil de menjar amb la m\u00e0.<\/p><\/div><\/div>\t\t\t\t\t\t\t\t<\/div>\n\t\t\t\t<\/div>\n\t\t\t\t<div class=\"elementor-element elementor-element-5cdc245c elementor-widget elementor-widget-heading\" data-id=\"5cdc245c\" data-element_type=\"widget\" data-e-type=\"widget\" data-widget_type=\"heading.default\">\n\t\t\t\t<div class=\"elementor-widget-container\">\n\t\t\t\t\t<h2 class=\"elementor-heading-title elementor-size-default\">Varietats<\/h2>\t\t\t\t<\/div>\n\t\t\t\t<\/div>\n\t\t\t\t<div class=\"elementor-element elementor-element-72cfe5e5 elementor-widget elementor-widget-toggle\" data-id=\"72cfe5e5\" data-element_type=\"widget\" data-e-type=\"widget\" data-widget_type=\"toggle.default\">\n\t\t\t\t<div class=\"elementor-widget-container\">\n\t\t\t\t\t\t\t<div class=\"elementor-toggle\">\n\t\t\t\t\t\t\t<div class=\"elementor-toggle-item\">\n\t\t\t\t\t<div id=\"elementor-tab-title-1921\" class=\"elementor-tab-title\" data-tab=\"1\" role=\"button\" aria-controls=\"elementor-tab-content-1921\" aria-expanded=\"false\">\n\t\t\t\t\t\t\t\t\t\t\t\t<span class=\"elementor-toggle-icon elementor-toggle-icon-left\" aria-hidden=\"true\">\n\t\t\t\t\t\t\t\t\t\t\t\t\t\t\t<span class=\"elementor-toggle-icon-closed\"><i class=\"fas fa-caret-right\"><\/i><\/span>\n\t\t\t\t\t\t\t\t<span class=\"elementor-toggle-icon-opened\"><i class=\"elementor-toggle-icon-opened fas fa-caret-up\"><\/i><\/span>\n\t\t\t\t\t\t\t\t\t\t\t\t\t<\/span>\n\t\t\t\t\t\t\t\t\t\t\t\t<a class=\"elementor-toggle-title\" tabindex=\"0\">Sweet cap<\/a>\n\t\t\t\t\t<\/div>\n\n\t\t\t\t\t<div id=\"elementor-tab-content-1921\" class=\"elementor-tab-content elementor-clearfix\" data-tab=\"1\" role=\"region\" aria-labelledby=\"elementor-tab-title-1921\"><p><img decoding=\"async\" class=\"alignleft wp-image-2856\" src=\"https:\/\/www.dcatala.com\/wp-content\/uploads\/2020\/04\/SweetCap.jpg\" alt=\"\" width=\"150\" height=\"124\" \/>Calibre gran, pell amb un 85-90% de color vermell sobre fons blanc. Polpa de color blanc, dura, crocant i molt dol\u00e7a. Os lliure amb tend\u00e8ncia a obrir-se.<\/p><\/div>\n\t\t\t\t<\/div>\n\t\t\t\t\t\t\t\t<\/div>\n\t\t\t\t\t\t<\/div>\n\t\t\t\t<\/div>\n\t\t\t\t\t<\/div>\n\t\t<\/div>\n\t\t\t\t<div class=\"elementor-column elementor-col-50 elementor-top-column elementor-element elementor-element-1854f4f8\" data-id=\"1854f4f8\" data-element_type=\"column\" data-e-type=\"column\">\n\t\t\t<div class=\"elementor-widget-wrap elementor-element-populated\">\n\t\t\t\t\t\t<div class=\"elementor-element elementor-element-66331b37 elementor-widget elementor-widget-heading\" data-id=\"66331b37\" data-element_type=\"widget\" data-e-type=\"widget\" data-widget_type=\"heading.default\">\n\t\t\t\t<div class=\"elementor-widget-container\">\n\t\t\t\t\t<h2 class=\"elementor-heading-title elementor-size-default\">Propietats nutritives<\/h2>\t\t\t\t<\/div>\n\t\t\t\t<\/div>\n\t\t\t\t<div class=\"elementor-element elementor-element-4e823331 elementor-widget elementor-widget-heading\" data-id=\"4e823331\" data-element_type=\"widget\" data-e-type=\"widget\" data-widget_type=\"heading.default\">\n\t\t\t\t<div class=\"elementor-widget-container\">\n\t\t\t\t\t<h2 class=\"elementor-heading-title elementor-size-default\">Composici\u00f3 per 100 grams<\/h2>\t\t\t\t<\/div>\n\t\t\t\t<\/div>\n\t\t\t\t<div class=\"elementor-element elementor-element-1093432b elementor-widget elementor-widget-progress\" data-id=\"1093432b\" data-element_type=\"widget\" data-e-type=\"widget\" data-widget_type=\"progress.default\">\n\t\t\t\t<div class=\"elementor-widget-container\">\n\t\t\t\t\t\t\t\t<span class=\"elementor-title\" id=\"elementor-progress-bar-1093432b\">\n\t\t\t\tCalories (KCAL) - 39\t\t\t<\/span>\n\t\t\n\t\t<div aria-labelledby=\"elementor-progress-bar-1093432b\" class=\"elementor-progress-wrapper\" role=\"progressbar\" aria-valuemin=\"0\" aria-valuemax=\"100\" aria-valuenow=\"39\">\n\t\t\t<div class=\"elementor-progress-bar\" data-max=\"39\">\n\t\t\t\t<span class=\"elementor-progress-text\"><\/span>\n\t\t\t\t\t\t\t<\/div>\n\t\t<\/div>\n\t\t\t\t\t\t<\/div>\n\t\t\t\t<\/div>\n\t\t\t\t<div class=\"elementor-element elementor-element-2b866878 elementor-widget elementor-widget-progress\" data-id=\"2b866878\" data-element_type=\"widget\" data-e-type=\"widget\" data-widget_type=\"progress.default\">\n\t\t\t\t<div class=\"elementor-widget-container\">\n\t\t\t\t\t\t\t\t<span class=\"elementor-title\" id=\"elementor-progress-bar-2b866878\">\n\t\t\t\tHidrats de carboni (G) - 10\t\t\t<\/span>\n\t\t\n\t\t<div aria-labelledby=\"elementor-progress-bar-2b866878\" class=\"elementor-progress-wrapper\" role=\"progressbar\" aria-valuemin=\"0\" aria-valuemax=\"100\" aria-valuenow=\"19\">\n\t\t\t<div class=\"elementor-progress-bar\" data-max=\"19\">\n\t\t\t\t<span class=\"elementor-progress-text\"><\/span>\n\t\t\t\t\t\t\t<\/div>\n\t\t<\/div>\n\t\t\t\t\t\t<\/div>\n\t\t\t\t<\/div>\n\t\t\t\t<div class=\"elementor-element elementor-element-238679cf elementor-widget elementor-widget-progress\" data-id=\"238679cf\" data-element_type=\"widget\" data-e-type=\"widget\" data-widget_type=\"progress.default\">\n\t\t\t\t<div class=\"elementor-widget-container\">\n\t\t\t\t\t\t\t\t<span class=\"elementor-title\" id=\"elementor-progress-bar-238679cf\">\n\t\t\t\tFibra (G) - 1,5\t\t\t<\/span>\n\t\t\n\t\t<div aria-labelledby=\"elementor-progress-bar-238679cf\" class=\"elementor-progress-wrapper\" role=\"progressbar\" aria-valuemin=\"0\" aria-valuemax=\"100\" aria-valuenow=\"1.5\">\n\t\t\t<div class=\"elementor-progress-bar\" data-max=\"1.5\">\n\t\t\t\t<span class=\"elementor-progress-text\"><\/span>\n\t\t\t\t\t\t\t<\/div>\n\t\t<\/div>\n\t\t\t\t\t\t<\/div>\n\t\t\t\t<\/div>\n\t\t\t\t<div class=\"elementor-element elementor-element-1e78cdaa elementor-widget elementor-widget-progress\" data-id=\"1e78cdaa\" data-element_type=\"widget\" data-e-type=\"widget\" data-widget_type=\"progress.default\">\n\t\t\t\t<div class=\"elementor-widget-container\">\n\t\t\t\t\t\t\t\t<span class=\"elementor-title\" id=\"elementor-progress-bar-1e78cdaa\">\n\t\t\t\tPotassi (MG) - 190\t\t\t<\/span>\n\t\t\n\t\t<div aria-labelledby=\"elementor-progress-bar-1e78cdaa\" class=\"elementor-progress-wrapper\" role=\"progressbar\" aria-valuemin=\"0\" aria-valuemax=\"100\" aria-valuenow=\"19\">\n\t\t\t<div class=\"elementor-progress-bar\" data-max=\"19\">\n\t\t\t\t<span class=\"elementor-progress-text\"><\/span>\n\t\t\t\t\t\t\t<\/div>\n\t\t<\/div>\n\t\t\t\t\t\t<\/div>\n\t\t\t\t<\/div>\n\t\t\t\t<div class=\"elementor-element elementor-element-37d7003e elementor-widget elementor-widget-progress\" data-id=\"37d7003e\" data-element_type=\"widget\" data-e-type=\"widget\" data-widget_type=\"progress.default\">\n\t\t\t\t<div class=\"elementor-widget-container\">\n\t\t\t\t\t\t\t\t<span class=\"elementor-title\" id=\"elementor-progress-bar-37d7003e\">\n\t\t\t\tMagnesi (MG) - 9\t\t\t<\/span>\n\t\t\n\t\t<div aria-labelledby=\"elementor-progress-bar-37d7003e\" class=\"elementor-progress-wrapper\" role=\"progressbar\" aria-valuemin=\"0\" aria-valuemax=\"100\" aria-valuenow=\"9\">\n\t\t\t<div class=\"elementor-progress-bar\" data-max=\"9\">\n\t\t\t\t<span class=\"elementor-progress-text\"><\/span>\n\t\t\t\t\t\t\t<\/div>\n\t\t<\/div>\n\t\t\t\t\t\t<\/div>\n\t\t\t\t<\/div>\n\t\t\t\t<div class=\"elementor-element elementor-element-2cbaa5e3 elementor-widget elementor-widget-progress\" data-id=\"2cbaa5e3\" data-element_type=\"widget\" data-e-type=\"widget\" data-widget_type=\"progress.default\">\n\t\t\t\t<div class=\"elementor-widget-container\">\n\t\t\t\t\t\t\t\t<span class=\"elementor-title\" id=\"elementor-progress-bar-2cbaa5e3\">\n\t\t\t\tVitamina A (MG) - 7,1\t\t\t<\/span>\n\t\t\n\t\t<div aria-labelledby=\"elementor-progress-bar-2cbaa5e3\" class=\"elementor-progress-wrapper\" role=\"progressbar\" aria-valuemin=\"0\" aria-valuemax=\"100\" aria-valuenow=\"7.1\">\n\t\t\t<div class=\"elementor-progress-bar\" data-max=\"7.1\">\n\t\t\t\t<span class=\"elementor-progress-text\"><\/span>\n\t\t\t\t\t\t\t<\/div>\n\t\t<\/div>\n\t\t\t\t\t\t<\/div>\n\t\t\t\t<\/div>\n\t\t\t\t<div class=\"elementor-element elementor-element-6b443285 elementor-widget elementor-widget-progress\" data-id=\"6b443285\" data-element_type=\"widget\" data-e-type=\"widget\" data-widget_type=\"progress.default\">\n\t\t\t\t<div class=\"elementor-widget-container\">\n\t\t\t\t\t\t\t\t<span class=\"elementor-title\" id=\"elementor-progress-bar-6b443285\">\n\t\t\t\tVitamina C (MG) - 6.6\t\t\t<\/span>\n\t\t\n\t\t<div aria-labelledby=\"elementor-progress-bar-6b443285\" class=\"elementor-progress-wrapper\" role=\"progressbar\" aria-valuemin=\"0\" aria-valuemax=\"100\" aria-valuenow=\"6.6\">\n\t\t\t<div class=\"elementor-progress-bar\" data-max=\"6.6\">\n\t\t\t\t<span class=\"elementor-progress-text\"><\/span>\n\t\t\t\t\t\t\t<\/div>\n\t\t<\/div>\n\t\t\t\t\t\t<\/div>\n\t\t\t\t<\/div>\n\t\t\t\t<div class=\"elementor-element elementor-element-3aafc62f elementor-widget elementor-widget-progress\" data-id=\"3aafc62f\" data-element_type=\"widget\" data-e-type=\"widget\" data-widget_type=\"progress.default\">\n\t\t\t\t<div class=\"elementor-widget-container\">\n\t\t\t\t\t\t\t\t<span class=\"elementor-title\" id=\"elementor-progress-bar-3aafc62f\">\n\t\t\t\tCobre C (MG) - 1\t\t\t<\/span>\n\t\t\n\t\t<div aria-labelledby=\"elementor-progress-bar-3aafc62f\" class=\"elementor-progress-wrapper\" role=\"progressbar\" aria-valuemin=\"0\" aria-valuemax=\"100\" aria-valuenow=\"1\">\n\t\t\t<div class=\"elementor-progress-bar\" data-max=\"1\">\n\t\t\t\t<span class=\"elementor-progress-text\"><\/span>\n\t\t\t\t\t\t\t<\/div>\n\t\t<\/div>\n\t\t\t\t\t\t<\/div>\n\t\t\t\t<\/div>\n\t\t\t\t\t<\/div>\n\t\t<\/div>\n\t\t\t\t\t<\/div>\n\t\t<\/section>\n\t\t\t\t<section class=\"elementor-section elementor-top-section elementor-element elementor-element-5ca11c4f tableprods elementor-section-boxed elementor-section-height-default elementor-section-height-default\" data-id=\"5ca11c4f\" data-element_type=\"section\" data-e-type=\"section\">\n\t\t\t\t\t\t<div class=\"elementor-container elementor-column-gap-default\">\n\t\t\t\t\t<div class=\"elementor-column elementor-col-100 elementor-top-column elementor-element elementor-element-5bf1e7c5\" data-id=\"5bf1e7c5\" data-element_type=\"column\" data-e-type=\"column\">\n\t\t\t<div class=\"elementor-widget-wrap elementor-element-populated\">\n\t\t\t\t\t\t<div class=\"elementor-element elementor-element-4a9069c elementor-widget elementor-widget-spacer\" data-id=\"4a9069c\" data-element_type=\"widget\" data-e-type=\"widget\" data-widget_type=\"spacer.default\">\n\t\t\t\t<div class=\"elementor-widget-container\">\n\t\t\t\t\t\t\t<div class=\"elementor-spacer\">\n\t\t\t<div class=\"elementor-spacer-inner\"><\/div>\n\t\t<\/div>\n\t\t\t\t\t\t<\/div>\n\t\t\t\t<\/div>\n\t\t\t\t<div class=\"elementor-element elementor-element-30521738 elementor-widget elementor-widget-heading\" data-id=\"30521738\" data-element_type=\"widget\" data-e-type=\"widget\" data-widget_type=\"heading.default\">\n\t\t\t\t<div class=\"elementor-widget-container\">\n\t\t\t\t\t<h2 class=\"elementor-heading-title elementor-size-default\">Calendari<\/h2>\t\t\t\t<\/div>\n\t\t\t\t<\/div>\n\t\t\t\t<div class=\"elementor-element elementor-element-3cec1f9a elementor-widget elementor-widget-image\" data-id=\"3cec1f9a\" data-element_type=\"widget\" data-e-type=\"widget\" data-widget_type=\"image.default\">\n\t\t\t\t<div class=\"elementor-widget-container\">\n\t\t\t\t\t\t\t\t\t\t\t\t\t\t\t<img fetchpriority=\"high\" decoding=\"async\" width=\"1024\" height=\"112\" src=\"https:\/\/www.dcatala.com\/wp-content\/uploads\/2020\/06\/paraguayo_CA-1024x112.png\" class=\"attachment-large size-large wp-image-7239\" alt=\"\" srcset=\"https:\/\/www.dcatala.com\/wp-content\/uploads\/2020\/06\/paraguayo_CA-1024x112.png 1024w, https:\/\/www.dcatala.com\/wp-content\/uploads\/2020\/06\/paraguayo_CA-300x33.png 300w, https:\/\/www.dcatala.com\/wp-content\/uploads\/2020\/06\/paraguayo_CA-768x84.png 768w, https:\/\/www.dcatala.com\/wp-content\/uploads\/2020\/06\/paraguayo_CA-1536x168.png 1536w, https:\/\/www.dcatala.com\/wp-content\/uploads\/2020\/06\/paraguayo_CA-2048x223.png 2048w\" sizes=\"(max-width: 1024px) 100vw, 1024px\" \/>\t\t\t\t\t\t\t\t\t\t\t\t\t\t\t<\/div>\n\t\t\t\t<\/div>\n\t\t\t\t\t<\/div>\n\t\t<\/div>\n\t\t\t\t\t<\/div>\n\t\t<\/section>\n\t\t\t\t<\/div>\n\t\t","protected":false},"excerpt":{"rendered":"<p>Paraguayo\/Platerina Els paraguaians s\u00f3n un delici\u00f3s secret de l&#8217;est d&#8217;\u00c0sia: un tipus de pr\u00e9ssec que t\u00e9 una pell gaireb\u00e9 lliure de borrissol. Ric en vitamines A i C, el pr\u00e9ssec aplanat ha estat comercialitzada com un pr\u00e9ssec &#8220;Saturn&#8221; o &#8220;rosquilla&#8221;. Noves soques d&#8217;aquest arbre han fet que sigui m\u00e9s f\u00e0cil conrear en climes m\u00e9s exigents, &#8230; <a title=\"Paraguai\u00e0 \/ Platerina\" class=\"read-more\" href=\"https:\/\/www.dcatala.com\/ca\/fruita\/paraguaia-platerina\/\" aria-label=\"M\u00e9s informaci\u00f3 sobre Paraguai\u00e0 \/ Platerina\">Llegiu m\u00e9s<\/a><\/p>\n","protected":false},"author":1,"featured_media":0,"parent":3804,"menu_order":0,"comment_status":"closed","ping_status":"closed","template":"elementor_header_footer","meta":{"footnotes":""},"class_list":["post-3949","page","type-page","status-publish"],"yoast_head":"<!-- This site is optimized with the Yoast SEO plugin v27.5 - https:\/\/yoast.com\/product\/yoast-seo-wordpress\/ -->\n<title>Paraguai\u00e0 \/ Platerina - DOMINGO CATAL\u00c0<\/title>\n<meta name=\"description\" content=\"Paraguayo\/Platerina Els paraguaians s\u00f3n un delici\u00f3s secret de l&#039;est d&#039;\u00c0sia: un tipus de pr\u00e9ssec que t\u00e9 una pell gaireb\u00e9 lliure de borrissol. Ric en\" \/>\n<meta name=\"robots\" content=\"index, follow, max-snippet:-1, max-image-preview:large, max-video-preview:-1\" \/>\n<link rel=\"canonical\" href=\"https:\/\/www.dcatala.com\/ca\/fruita\/paraguaia-platerina\/\" \/>\n<meta name=\"twitter:label1\" content=\"Temps estimat de lectura\" \/>\n\t<meta name=\"twitter:data1\" content=\"1 minut\" \/>\n<script type=\"application\/ld+json\" class=\"yoast-schema-graph\">{\"@context\":\"https:\\\/\\\/schema.org\",\"@graph\":[{\"@type\":\"WebPage\",\"@id\":\"https:\\\/\\\/www.dcatala.com\\\/ca\\\/fruita\\\/paraguaia-platerina\\\/\",\"url\":\"https:\\\/\\\/www.dcatala.com\\\/ca\\\/fruita\\\/paraguaia-platerina\\\/\",\"name\":\"Paraguai\u00e0 \\\/ Platerina - DOMINGO CATAL\u00c0\",\"isPartOf\":{\"@id\":\"https:\\\/\\\/www.dcatala.com\\\/ca\\\/#website\"},\"primaryImageOfPage\":{\"@id\":\"https:\\\/\\\/www.dcatala.com\\\/ca\\\/fruita\\\/paraguaia-platerina\\\/#primaryimage\"},\"image\":{\"@id\":\"https:\\\/\\\/www.dcatala.com\\\/ca\\\/fruita\\\/paraguaia-platerina\\\/#primaryimage\"},\"thumbnailUrl\":\"https:\\\/\\\/www.dcatala.com\\\/wp-content\\\/uploads\\\/2020\\\/04\\\/SweetCap.jpg\",\"datePublished\":\"2020-03-26T12:24:15+00:00\",\"dateModified\":\"2026-03-31T11:16:07+00:00\",\"description\":\"Paraguayo\\\/Platerina Els paraguaians s\u00f3n un delici\u00f3s secret de l'est d'\u00c0sia: un tipus de pr\u00e9ssec que t\u00e9 una pell gaireb\u00e9 lliure de borrissol. Ric en\",\"breadcrumb\":{\"@id\":\"https:\\\/\\\/www.dcatala.com\\\/ca\\\/fruita\\\/paraguaia-platerina\\\/#breadcrumb\"},\"inLanguage\":\"ca\",\"potentialAction\":[{\"@type\":\"ReadAction\",\"target\":[\"https:\\\/\\\/www.dcatala.com\\\/ca\\\/fruita\\\/paraguaia-platerina\\\/\"]}]},{\"@type\":\"ImageObject\",\"inLanguage\":\"ca\",\"@id\":\"https:\\\/\\\/www.dcatala.com\\\/ca\\\/fruita\\\/paraguaia-platerina\\\/#primaryimage\",\"url\":\"https:\\\/\\\/www.dcatala.com\\\/wp-content\\\/uploads\\\/2020\\\/04\\\/SweetCap.jpg\",\"contentUrl\":\"https:\\\/\\\/www.dcatala.com\\\/wp-content\\\/uploads\\\/2020\\\/04\\\/SweetCap.jpg\"},{\"@type\":\"BreadcrumbList\",\"@id\":\"https:\\\/\\\/www.dcatala.com\\\/ca\\\/fruita\\\/paraguaia-platerina\\\/#breadcrumb\",\"itemListElement\":[{\"@type\":\"ListItem\",\"position\":1,\"name\":\"Portada\",\"item\":\"https:\\\/\\\/www.dcatala.com\\\/ca\\\/\"},{\"@type\":\"ListItem\",\"position\":2,\"name\":\"Fruita\",\"item\":\"https:\\\/\\\/www.dcatala.com\\\/ca\\\/fruita\\\/\"},{\"@type\":\"ListItem\",\"position\":3,\"name\":\"Paraguai\u00e0 \\\/ Platerina\"}]},{\"@type\":\"WebSite\",\"@id\":\"https:\\\/\\\/www.dcatala.com\\\/ca\\\/#website\",\"url\":\"https:\\\/\\\/www.dcatala.com\\\/ca\\\/\",\"name\":\"DOMINGO CATAL\u00c0\",\"description\":\"Produciendo calidad\",\"publisher\":{\"@id\":\"https:\\\/\\\/www.dcatala.com\\\/ca\\\/#organization\"},\"potentialAction\":[{\"@type\":\"SearchAction\",\"target\":{\"@type\":\"EntryPoint\",\"urlTemplate\":\"https:\\\/\\\/www.dcatala.com\\\/ca\\\/?s={search_term_string}\"},\"query-input\":{\"@type\":\"PropertyValueSpecification\",\"valueRequired\":true,\"valueName\":\"search_term_string\"}}],\"inLanguage\":\"ca\"},{\"@type\":\"Organization\",\"@id\":\"https:\\\/\\\/www.dcatala.com\\\/ca\\\/#organization\",\"name\":\"D.Catala\",\"url\":\"https:\\\/\\\/www.dcatala.com\\\/ca\\\/\",\"logo\":{\"@type\":\"ImageObject\",\"inLanguage\":\"ca\",\"@id\":\"https:\\\/\\\/www.dcatala.com\\\/ca\\\/#\\\/schema\\\/logo\\\/image\\\/\",\"url\":\"https:\\\/\\\/www.dcatala.com\\\/wp-content\\\/uploads\\\/2020\\\/05\\\/cropped-logo-d.catala-2-1-scaled-1.jpg\",\"contentUrl\":\"https:\\\/\\\/www.dcatala.com\\\/wp-content\\\/uploads\\\/2020\\\/05\\\/cropped-logo-d.catala-2-1-scaled-1.jpg\",\"width\":2560,\"height\":711,\"caption\":\"D.Catala\"},\"image\":{\"@id\":\"https:\\\/\\\/www.dcatala.com\\\/ca\\\/#\\\/schema\\\/logo\\\/image\\\/\"}}]}<\/script>\n<!-- \/ Yoast SEO plugin. -->","yoast_head_json":{"title":"Paraguai\u00e0 \/ Platerina - DOMINGO CATAL\u00c0","description":"Paraguayo\/Platerina Els paraguaians s\u00f3n un delici\u00f3s secret de l'est d'\u00c0sia: un tipus de pr\u00e9ssec que t\u00e9 una pell gaireb\u00e9 lliure de borrissol. Ric en","robots":{"index":"index","follow":"follow","max-snippet":"max-snippet:-1","max-image-preview":"max-image-preview:large","max-video-preview":"max-video-preview:-1"},"canonical":"https:\/\/www.dcatala.com\/ca\/fruita\/paraguaia-platerina\/","twitter_misc":{"Temps estimat de lectura":"1 minut"},"schema":{"@context":"https:\/\/schema.org","@graph":[{"@type":"WebPage","@id":"https:\/\/www.dcatala.com\/ca\/fruita\/paraguaia-platerina\/","url":"https:\/\/www.dcatala.com\/ca\/fruita\/paraguaia-platerina\/","name":"Paraguai\u00e0 \/ Platerina - DOMINGO CATAL\u00c0","isPartOf":{"@id":"https:\/\/www.dcatala.com\/ca\/#website"},"primaryImageOfPage":{"@id":"https:\/\/www.dcatala.com\/ca\/fruita\/paraguaia-platerina\/#primaryimage"},"image":{"@id":"https:\/\/www.dcatala.com\/ca\/fruita\/paraguaia-platerina\/#primaryimage"},"thumbnailUrl":"https:\/\/www.dcatala.com\/wp-content\/uploads\/2020\/04\/SweetCap.jpg","datePublished":"2020-03-26T12:24:15+00:00","dateModified":"2026-03-31T11:16:07+00:00","description":"Paraguayo\/Platerina Els paraguaians s\u00f3n un delici\u00f3s secret de l'est d'\u00c0sia: un tipus de pr\u00e9ssec que t\u00e9 una pell gaireb\u00e9 lliure de borrissol. Ric en","breadcrumb":{"@id":"https:\/\/www.dcatala.com\/ca\/fruita\/paraguaia-platerina\/#breadcrumb"},"inLanguage":"ca","potentialAction":[{"@type":"ReadAction","target":["https:\/\/www.dcatala.com\/ca\/fruita\/paraguaia-platerina\/"]}]},{"@type":"ImageObject","inLanguage":"ca","@id":"https:\/\/www.dcatala.com\/ca\/fruita\/paraguaia-platerina\/#primaryimage","url":"https:\/\/www.dcatala.com\/wp-content\/uploads\/2020\/04\/SweetCap.jpg","contentUrl":"https:\/\/www.dcatala.com\/wp-content\/uploads\/2020\/04\/SweetCap.jpg"},{"@type":"BreadcrumbList","@id":"https:\/\/www.dcatala.com\/ca\/fruita\/paraguaia-platerina\/#breadcrumb","itemListElement":[{"@type":"ListItem","position":1,"name":"Portada","item":"https:\/\/www.dcatala.com\/ca\/"},{"@type":"ListItem","position":2,"name":"Fruita","item":"https:\/\/www.dcatala.com\/ca\/fruita\/"},{"@type":"ListItem","position":3,"name":"Paraguai\u00e0 \/ Platerina"}]},{"@type":"WebSite","@id":"https:\/\/www.dcatala.com\/ca\/#website","url":"https:\/\/www.dcatala.com\/ca\/","name":"DOMINGO CATAL\u00c0","description":"Produciendo calidad","publisher":{"@id":"https:\/\/www.dcatala.com\/ca\/#organization"},"potentialAction":[{"@type":"SearchAction","target":{"@type":"EntryPoint","urlTemplate":"https:\/\/www.dcatala.com\/ca\/?s={search_term_string}"},"query-input":{"@type":"PropertyValueSpecification","valueRequired":true,"valueName":"search_term_string"}}],"inLanguage":"ca"},{"@type":"Organization","@id":"https:\/\/www.dcatala.com\/ca\/#organization","name":"D.Catala","url":"https:\/\/www.dcatala.com\/ca\/","logo":{"@type":"ImageObject","inLanguage":"ca","@id":"https:\/\/www.dcatala.com\/ca\/#\/schema\/logo\/image\/","url":"https:\/\/www.dcatala.com\/wp-content\/uploads\/2020\/05\/cropped-logo-d.catala-2-1-scaled-1.jpg","contentUrl":"https:\/\/www.dcatala.com\/wp-content\/uploads\/2020\/05\/cropped-logo-d.catala-2-1-scaled-1.jpg","width":2560,"height":711,"caption":"D.Catala"},"image":{"@id":"https:\/\/www.dcatala.com\/ca\/#\/schema\/logo\/image\/"}}]}},"_links":{"self":[{"href":"https:\/\/www.dcatala.com\/ca\/wp-json\/wp\/v2\/pages\/3949","targetHints":{"allow":["GET"]}}],"collection":[{"href":"https:\/\/www.dcatala.com\/ca\/wp-json\/wp\/v2\/pages"}],"about":[{"href":"https:\/\/www.dcatala.com\/ca\/wp-json\/wp\/v2\/types\/page"}],"author":[{"embeddable":true,"href":"https:\/\/www.dcatala.com\/ca\/wp-json\/wp\/v2\/users\/1"}],"replies":[{"embeddable":true,"href":"https:\/\/www.dcatala.com\/ca\/wp-json\/wp\/v2\/comments?post=3949"}],"version-history":[{"count":2,"href":"https:\/\/www.dcatala.com\/ca\/wp-json\/wp\/v2\/pages\/3949\/revisions"}],"predecessor-version":[{"id":9531,"href":"https:\/\/www.dcatala.com\/ca\/wp-json\/wp\/v2\/pages\/3949\/revisions\/9531"}],"up":[{"embeddable":true,"href":"https:\/\/www.dcatala.com\/ca\/wp-json\/wp\/v2\/pages\/3804"}],"wp:attachment":[{"href":"https:\/\/www.dcatala.com\/ca\/wp-json\/wp\/v2\/media?parent=3949"}],"curies":[{"name":"wp","href":"https:\/\/api.w.org\/{rel}","templated":true}]}}