{"id":8007,"date":"2020-05-27T15:31:53","date_gmt":"2020-05-27T15:31:53","guid":{"rendered":"https:\/\/www.dcatala.com\/verdures\/apio\/"},"modified":"2026-04-17T10:31:03","modified_gmt":"2026-04-17T08:31:03","slug":"api","status":"publish","type":"page","link":"https:\/\/www.dcatala.com\/ca\/verdures\/api\/","title":{"rendered":"Api"},"content":{"rendered":"\t\t<div data-elementor-type=\"wp-page\" data-elementor-id=\"8007\" class=\"elementor elementor-8007 elementor-6748\" data-elementor-post-type=\"page\">\n\t\t\t\t\t\t<section class=\"elementor-section elementor-top-section elementor-element elementor-element-6b9f8968 elementor-section-full_width elementor-section-height-min-height elementor-section-height-default elementor-section-items-middle\" data-id=\"6b9f8968\" data-element_type=\"section\" data-e-type=\"section\" data-settings=\"{&quot;background_background&quot;:&quot;classic&quot;}\">\n\t\t\t\t\t\t<div class=\"elementor-container elementor-column-gap-default\">\n\t\t\t\t\t<div class=\"elementor-column elementor-col-100 elementor-top-column elementor-element elementor-element-5e38ebb5 elementor-invisible\" data-id=\"5e38ebb5\" data-element_type=\"column\" data-e-type=\"column\" data-settings=\"{&quot;animation&quot;:&quot;fadeIn&quot;}\">\n\t\t\t<div class=\"elementor-widget-wrap elementor-element-populated\">\n\t\t\t\t\t\t<div class=\"elementor-element elementor-element-27c82d29 elementor--h-position-center elementor--v-position-middle elementor-widget elementor-widget-slides\" data-id=\"27c82d29\" data-element_type=\"widget\" data-e-type=\"widget\" data-settings=\"{&quot;transition&quot;:&quot;fade&quot;,&quot;navigation&quot;:&quot;none&quot;,&quot;autoplay&quot;:&quot;yes&quot;,&quot;autoplay_speed&quot;:5000,&quot;infinite&quot;:&quot;yes&quot;,&quot;transition_speed&quot;:500}\" data-widget_type=\"slides.default\">\n\t\t\t\t<div class=\"elementor-widget-container\">\n\t\t\t\t\t\t\t\t\t<div class=\"elementor-swiper\">\n\t\t\t\t\t<div class=\"elementor-slides-wrapper elementor-main-swiper swiper\" role=\"region\" aria-roledescription=\"carousel\" aria-label=\"Diapositivas\" dir=\"ltr\" data-animation=\"fadeInUp\">\n\t\t\t\t<div class=\"swiper-wrapper elementor-slides\">\n\t\t\t\t\t\t\t\t\t\t<div class=\"elementor-repeater-item-3cbc0bf swiper-slide\" role=\"group\" aria-roledescription=\"slide\"><div class=\"swiper-slide-bg elementor-ken-burns elementor-ken-burns--in\" role=\"img\" aria-label=\"apio2\"><\/div><div class=\"swiper-slide-inner\" ><div class=\"swiper-slide-contents\"><div class=\"elementor-slide-heading\">Api<\/div><div class=\"elementor-slide-description\"><p>Verdures<\/p>\n<\/div><\/div><\/div><\/div><div class=\"elementor-repeater-item-d51a8e9 swiper-slide\" role=\"group\" aria-roledescription=\"slide\"><div class=\"swiper-slide-bg elementor-ken-burns elementor-ken-burns--out\" role=\"img\" aria-label=\"apio2\"><\/div><div class=\"swiper-slide-inner\" ><div class=\"swiper-slide-contents\"><div class=\"elementor-slide-heading\">Api<\/div><div class=\"elementor-slide-description\"><p>Verdures<\/p>\n<\/div><\/div><\/div><\/div>\t\t\t\t<\/div>\n\t\t\t\t\t\t\t\t\t\t\t\t\t\t\t\t\t\t\t\t\t<\/div>\n\t\t\t\t<\/div>\n\t\t\t\t\t\t\t\t<\/div>\n\t\t\t\t<\/div>\n\t\t\t\t\t<\/div>\n\t\t<\/div>\n\t\t\t\t\t<\/div>\n\t\t<\/section>\n\t\t\t\t<section class=\"elementor-section elementor-top-section elementor-element elementor-element-65d576e4 elementor-section-boxed elementor-section-height-default elementor-section-height-default\" data-id=\"65d576e4\" data-element_type=\"section\" data-e-type=\"section\" data-settings=\"{&quot;background_background&quot;:&quot;classic&quot;}\">\n\t\t\t\t\t\t<div class=\"elementor-container elementor-column-gap-default\">\n\t\t\t\t\t<div class=\"elementor-column elementor-col-100 elementor-top-column elementor-element elementor-element-2e907a6f\" data-id=\"2e907a6f\" data-element_type=\"column\" data-e-type=\"column\">\n\t\t\t<div class=\"elementor-widget-wrap elementor-element-populated\">\n\t\t\t\t\t\t<div class=\"elementor-element elementor-element-71c339b8 elementor-widget elementor-widget-text-editor\" data-id=\"71c339b8\" data-element_type=\"widget\" data-e-type=\"widget\" data-widget_type=\"text-editor.default\">\n\t\t\t\t<div class=\"elementor-widget-container\">\n\t\t\t\t\t\t\t\t\t<div class=\"col-xs-12 col-sm-6 col-md-3 col-lg-3\"><div class=\"texte\"><div class=\"col-xs-12 col-sm-6 col-md-3 col-lg-3\"><div class=\"texte\"><div class=\"col-xs-12 col-sm-6 col-md-3 col-lg-3\"><div class=\"texte\"><p>L&#8217;Apium graveolens \u00e9s una esp\u00e8cie de planta a la fam\u00edlia Apiaceae, comunament coneguda com a api (var. dol\u00e7) o api nap (var. rapaceum), depenent de si es mengen els pec\u00edols (tiges) o les arrels, respectivament. L\u00b4Apium graveolens creix fins a un metre d\u00b4al\u00e7ada. Les fulles s\u00f3n pinnades o bipinnades amb fol\u00edols rombo\u00efdals de 3-6 cm de llarg i 2-4 cm d&#8217;amplada. Les flors s\u00f3n de color blanc llet\u00f3s, \u200b\u200btenen un di\u00e0metre de 2-3 mm i es presenten en denses umbel\u00b7les compostes. Les llavors s\u00f3n entre ovoides i globoses, i mesuren entre 1,5 i 2 mm de llarg i ample.<\/p><\/div><\/div><\/div><\/div><\/div><\/div>\t\t\t\t\t\t\t\t<\/div>\n\t\t\t\t<\/div>\n\t\t\t\t\t<\/div>\n\t\t<\/div>\n\t\t\t\t\t<\/div>\n\t\t<\/section>\n\t\t\t\t<section class=\"elementor-section elementor-top-section elementor-element elementor-element-5f13afa2 elementor-section-boxed elementor-section-height-default elementor-section-height-default\" data-id=\"5f13afa2\" data-element_type=\"section\" data-e-type=\"section\">\n\t\t\t\t\t\t<div class=\"elementor-container elementor-column-gap-default\">\n\t\t\t\t\t<div class=\"elementor-column elementor-col-100 elementor-top-column elementor-element elementor-element-48b2ece2\" data-id=\"48b2ece2\" data-element_type=\"column\" data-e-type=\"column\">\n\t\t\t<div class=\"elementor-widget-wrap elementor-element-populated\">\n\t\t\t\t\t\t<div class=\"elementor-element elementor-element-7d41dd5f elementor-widget elementor-widget-heading\" data-id=\"7d41dd5f\" data-element_type=\"widget\" data-e-type=\"widget\" data-widget_type=\"heading.default\">\n\t\t\t\t<div class=\"elementor-widget-container\">\n\t\t\t\t\t<h2 class=\"elementor-heading-title elementor-size-default\">Embalatges<\/h2>\t\t\t\t<\/div>\n\t\t\t\t<\/div>\n\t\t\t\t\t<\/div>\n\t\t<\/div>\n\t\t\t\t\t<\/div>\n\t\t<\/section>\n\t\t\t\t<section class=\"elementor-section elementor-top-section elementor-element elementor-element-3f1b7e6c elementor-section-boxed elementor-section-height-default elementor-section-height-default\" data-id=\"3f1b7e6c\" data-element_type=\"section\" data-e-type=\"section\">\n\t\t\t\t\t\t<div class=\"elementor-container elementor-column-gap-default\">\n\t\t\t\t\t<div class=\"elementor-column elementor-col-33 elementor-top-column elementor-element elementor-element-10c9d1af\" data-id=\"10c9d1af\" data-element_type=\"column\" data-e-type=\"column\">\n\t\t\t<div class=\"elementor-widget-wrap elementor-element-populated\">\n\t\t\t\t\t\t<div class=\"elementor-element elementor-element-150af9d7 elementor-invisible elementor-widget elementor-widget-image\" data-id=\"150af9d7\" data-element_type=\"widget\" data-e-type=\"widget\" data-settings=\"{&quot;_animation&quot;:&quot;fadeIn&quot;}\" data-widget_type=\"image.default\">\n\t\t\t\t<div class=\"elementor-widget-container\">\n\t\t\t\t\t\t\t\t\t\t\t\t\t\t\t<img fetchpriority=\"high\" decoding=\"async\" width=\"407\" height=\"278\" src=\"https:\/\/www.dcatala.com\/wp-content\/uploads\/2020\/06\/mini.jpg\" class=\"elementor-animation-bounce-in attachment-large size-large wp-image-7824\" alt=\"\" srcset=\"https:\/\/www.dcatala.com\/wp-content\/uploads\/2020\/06\/mini.jpg 407w, https:\/\/www.dcatala.com\/wp-content\/uploads\/2020\/06\/mini-300x205.jpg 300w\" sizes=\"(max-width: 407px) 100vw, 407px\" \/>\t\t\t\t\t\t\t\t\t\t\t\t\t\t\t<\/div>\n\t\t\t\t<\/div>\n\t\t\t\t<div class=\"elementor-element elementor-element-4c36eca7 elementor-widget elementor-widget-text-editor\" data-id=\"4c36eca7\" data-element_type=\"widget\" data-e-type=\"widget\" data-widget_type=\"text-editor.default\">\n\t\t\t\t<div class=\"elementor-widget-container\">\n\t\t\t\t\t\t\t\t\t<p>Pre-Pack 12 x 350gr Flow Pack<br \/><strong>Dimensions:<\/strong>\u00a040 x 30 x 14<br \/><strong>Pes aprox caixa:<\/strong>\u00a04 Kg<br \/><strong>Caixes per Palet:<\/strong><br \/>ExportPal (1200&#215;1000): 160<\/p>\t\t\t\t\t\t\t\t<\/div>\n\t\t\t\t<\/div>\n\t\t\t\t\t<\/div>\n\t\t<\/div>\n\t\t\t\t<div class=\"elementor-column elementor-col-33 elementor-top-column elementor-element elementor-element-59c2af6c\" data-id=\"59c2af6c\" data-element_type=\"column\" data-e-type=\"column\">\n\t\t\t<div class=\"elementor-widget-wrap elementor-element-populated\">\n\t\t\t\t\t\t<div class=\"elementor-element elementor-element-22451beb elementor-invisible elementor-widget elementor-widget-image\" data-id=\"22451beb\" data-element_type=\"widget\" data-e-type=\"widget\" data-settings=\"{&quot;_animation&quot;:&quot;fadeIn&quot;}\" data-widget_type=\"image.default\">\n\t\t\t\t<div class=\"elementor-widget-container\">\n\t\t\t\t\t\t\t\t\t\t\t\t\t\t\t<img fetchpriority=\"high\" decoding=\"async\" width=\"407\" height=\"278\" src=\"https:\/\/www.dcatala.com\/wp-content\/uploads\/2020\/06\/mini.jpg\" class=\"elementor-animation-bounce-in attachment-large size-large wp-image-7824\" alt=\"\" srcset=\"https:\/\/www.dcatala.com\/wp-content\/uploads\/2020\/06\/mini.jpg 407w, https:\/\/www.dcatala.com\/wp-content\/uploads\/2020\/06\/mini-300x205.jpg 300w\" sizes=\"(max-width: 407px) 100vw, 407px\" \/>\t\t\t\t\t\t\t\t\t\t\t\t\t\t\t<\/div>\n\t\t\t\t<\/div>\n\t\t\t\t<div class=\"elementor-element elementor-element-4c73da96 elementor-widget elementor-widget-text-editor\" data-id=\"4c73da96\" data-element_type=\"widget\" data-e-type=\"widget\" data-widget_type=\"text-editor.default\">\n\t\t\t\t<div class=\"elementor-widget-container\">\n\t\t\t\t\t\t\t\t\t<p>Carton box 10 Kg Loose<br \/><strong>Dimensions:<\/strong>\u00a060 x 40 x 17<br \/><strong>Pes aprox caixa:<\/strong>\u00a010 Kg<br \/><strong>Caixes per Palet:<\/strong><br \/>EuroPal (1000&#215;800): 44<br \/>ExportPal (1200&#215;1000): 55<\/p>\t\t\t\t\t\t\t\t<\/div>\n\t\t\t\t<\/div>\n\t\t\t\t\t<\/div>\n\t\t<\/div>\n\t\t\t\t<div class=\"elementor-column elementor-col-33 elementor-top-column elementor-element elementor-element-981df34\" data-id=\"981df34\" data-element_type=\"column\" data-e-type=\"column\">\n\t\t\t<div class=\"elementor-widget-wrap elementor-element-populated\">\n\t\t\t\t\t\t<div class=\"elementor-element elementor-element-65af1ca elementor-invisible elementor-widget elementor-widget-image\" data-id=\"65af1ca\" data-element_type=\"widget\" data-e-type=\"widget\" data-settings=\"{&quot;_animation&quot;:&quot;fadeIn&quot;}\" data-widget_type=\"image.default\">\n\t\t\t\t<div class=\"elementor-widget-container\">\n\t\t\t\t\t\t\t\t\t\t\t\t\t\t\t<img fetchpriority=\"high\" decoding=\"async\" width=\"407\" height=\"278\" src=\"https:\/\/www.dcatala.com\/wp-content\/uploads\/2020\/06\/mini.jpg\" class=\"elementor-animation-bounce-in attachment-large size-large wp-image-7824\" alt=\"\" srcset=\"https:\/\/www.dcatala.com\/wp-content\/uploads\/2020\/06\/mini.jpg 407w, https:\/\/www.dcatala.com\/wp-content\/uploads\/2020\/06\/mini-300x205.jpg 300w\" sizes=\"(max-width: 407px) 100vw, 407px\" \/>\t\t\t\t\t\t\t\t\t\t\t\t\t\t\t<\/div>\n\t\t\t\t<\/div>\n\t\t\t\t<div class=\"elementor-element elementor-element-2b92dda elementor-widget elementor-widget-text-editor\" data-id=\"2b92dda\" data-element_type=\"widget\" data-e-type=\"widget\" data-widget_type=\"text-editor.default\">\n\t\t\t\t<div class=\"elementor-widget-container\">\n\t\t\t\t\t\t\t\t\t<p>Pre-Pack 16 x 450gr Flow Pack<br \/><strong>Dimensions:<\/strong>\u00a060 x 40 x 14<br \/><strong>Pes aprox caixa:<\/strong>\u00a08 Kg<br \/><strong>Caixes per Palet:<\/strong><br \/>ExportPal (1200&#215;1000): 75<\/p>\t\t\t\t\t\t\t\t<\/div>\n\t\t\t\t<\/div>\n\t\t\t\t\t<\/div>\n\t\t<\/div>\n\t\t\t\t\t<\/div>\n\t\t<\/section>\n\t\t\t\t<section class=\"elementor-section elementor-top-section elementor-element elementor-element-7da31581 elementor-section-boxed elementor-section-height-default elementor-section-height-default\" data-id=\"7da31581\" data-element_type=\"section\" data-e-type=\"section\">\n\t\t\t\t\t\t<div class=\"elementor-container elementor-column-gap-default\">\n\t\t\t\t\t<div class=\"elementor-column elementor-col-100 elementor-top-column elementor-element elementor-element-a228b90\" data-id=\"a228b90\" data-element_type=\"column\" data-e-type=\"column\">\n\t\t\t<div class=\"elementor-widget-wrap elementor-element-populated\">\n\t\t\t\t\t\t<div class=\"elementor-element elementor-element-43309d8a elementor-widget elementor-widget-spacer\" data-id=\"43309d8a\" data-element_type=\"widget\" data-e-type=\"widget\" data-widget_type=\"spacer.default\">\n\t\t\t\t<div class=\"elementor-widget-container\">\n\t\t\t\t\t\t\t<div class=\"elementor-spacer\">\n\t\t\t<div class=\"elementor-spacer-inner\"><\/div>\n\t\t<\/div>\n\t\t\t\t\t\t<\/div>\n\t\t\t\t<\/div>\n\t\t\t\t\t<\/div>\n\t\t<\/div>\n\t\t\t\t\t<\/div>\n\t\t<\/section>\n\t\t\t\t<\/div>\n\t\t","protected":false},"excerpt":{"rendered":"<p>Api Verdures Api Verdures L&#8217;Apium graveolens \u00e9s una esp\u00e8cie de planta a la fam\u00edlia Apiaceae, comunament coneguda com a api (var. dol\u00e7) o api nap (var. rapaceum), depenent de si es mengen els pec\u00edols (tiges) o les arrels, respectivament. L\u00b4Apium graveolens creix fins a un metre d\u00b4al\u00e7ada. Les fulles s\u00f3n pinnades o bipinnades amb fol\u00edols &#8230; <a title=\"Api\" class=\"read-more\" href=\"https:\/\/www.dcatala.com\/ca\/verdures\/api\/\" aria-label=\"M\u00e9s informaci\u00f3 sobre Api\">Llegiu m\u00e9s<\/a><\/p>\n","protected":false},"author":1,"featured_media":0,"parent":7733,"menu_order":0,"comment_status":"closed","ping_status":"closed","template":"elementor_header_footer","meta":{"footnotes":""},"class_list":["post-8007","page","type-page","status-publish"],"yoast_head":"<!-- This site is optimized with the Yoast SEO plugin v27.5 - https:\/\/yoast.com\/product\/yoast-seo-wordpress\/ -->\n<title>Api - DOMINGO CATAL\u00c0<\/title>\n<meta name=\"description\" content=\"ApiVerdures ApiVerdures L&#039;Apium graveolens \u00e9s una esp\u00e8cie de planta a la fam\u00edlia Apiaceae, comunament coneguda com a api (var. dol\u00e7) o api nap (var.\" \/>\n<meta name=\"robots\" content=\"index, follow, max-snippet:-1, max-image-preview:large, max-video-preview:-1\" \/>\n<link rel=\"canonical\" href=\"https:\/\/www.dcatala.com\/ca\/verdures\/api\/\" \/>\n<meta name=\"twitter:label1\" content=\"Temps estimat de lectura\" \/>\n\t<meta name=\"twitter:data1\" content=\"1 minut\" \/>\n<script type=\"application\/ld+json\" class=\"yoast-schema-graph\">{\"@context\":\"https:\\\/\\\/schema.org\",\"@graph\":[{\"@type\":\"WebPage\",\"@id\":\"https:\\\/\\\/www.dcatala.com\\\/ca\\\/verdures\\\/api\\\/\",\"url\":\"https:\\\/\\\/www.dcatala.com\\\/ca\\\/verdures\\\/api\\\/\",\"name\":\"Api - DOMINGO CATAL\u00c0\",\"isPartOf\":{\"@id\":\"https:\\\/\\\/www.dcatala.com\\\/ca\\\/#website\"},\"primaryImageOfPage\":{\"@id\":\"https:\\\/\\\/www.dcatala.com\\\/ca\\\/verdures\\\/api\\\/#primaryimage\"},\"image\":{\"@id\":\"https:\\\/\\\/www.dcatala.com\\\/ca\\\/verdures\\\/api\\\/#primaryimage\"},\"thumbnailUrl\":\"https:\\\/\\\/www.dcatala.com\\\/wp-content\\\/uploads\\\/2020\\\/06\\\/mini.jpg\",\"datePublished\":\"2020-05-27T15:31:53+00:00\",\"dateModified\":\"2026-04-17T08:31:03+00:00\",\"description\":\"ApiVerdures ApiVerdures L'Apium graveolens \u00e9s una esp\u00e8cie de planta a la fam\u00edlia Apiaceae, comunament coneguda com a api (var. dol\u00e7) o api nap (var.\",\"breadcrumb\":{\"@id\":\"https:\\\/\\\/www.dcatala.com\\\/ca\\\/verdures\\\/api\\\/#breadcrumb\"},\"inLanguage\":\"ca\",\"potentialAction\":[{\"@type\":\"ReadAction\",\"target\":[\"https:\\\/\\\/www.dcatala.com\\\/ca\\\/verdures\\\/api\\\/\"]}]},{\"@type\":\"ImageObject\",\"inLanguage\":\"ca\",\"@id\":\"https:\\\/\\\/www.dcatala.com\\\/ca\\\/verdures\\\/api\\\/#primaryimage\",\"url\":\"https:\\\/\\\/www.dcatala.com\\\/wp-content\\\/uploads\\\/2020\\\/06\\\/mini.jpg\",\"contentUrl\":\"https:\\\/\\\/www.dcatala.com\\\/wp-content\\\/uploads\\\/2020\\\/06\\\/mini.jpg\"},{\"@type\":\"BreadcrumbList\",\"@id\":\"https:\\\/\\\/www.dcatala.com\\\/ca\\\/verdures\\\/api\\\/#breadcrumb\",\"itemListElement\":[{\"@type\":\"ListItem\",\"position\":1,\"name\":\"Portada\",\"item\":\"https:\\\/\\\/www.dcatala.com\\\/ca\\\/\"},{\"@type\":\"ListItem\",\"position\":2,\"name\":\"Verdures\",\"item\":\"https:\\\/\\\/www.dcatala.com\\\/ca\\\/verdures\\\/\"},{\"@type\":\"ListItem\",\"position\":3,\"name\":\"Api\"}]},{\"@type\":\"WebSite\",\"@id\":\"https:\\\/\\\/www.dcatala.com\\\/ca\\\/#website\",\"url\":\"https:\\\/\\\/www.dcatala.com\\\/ca\\\/\",\"name\":\"DOMINGO CATAL\u00c0\",\"description\":\"Produciendo calidad\",\"publisher\":{\"@id\":\"https:\\\/\\\/www.dcatala.com\\\/ca\\\/#organization\"},\"potentialAction\":[{\"@type\":\"SearchAction\",\"target\":{\"@type\":\"EntryPoint\",\"urlTemplate\":\"https:\\\/\\\/www.dcatala.com\\\/ca\\\/?s={search_term_string}\"},\"query-input\":{\"@type\":\"PropertyValueSpecification\",\"valueRequired\":true,\"valueName\":\"search_term_string\"}}],\"inLanguage\":\"ca\"},{\"@type\":\"Organization\",\"@id\":\"https:\\\/\\\/www.dcatala.com\\\/ca\\\/#organization\",\"name\":\"D.Catala\",\"url\":\"https:\\\/\\\/www.dcatala.com\\\/ca\\\/\",\"logo\":{\"@type\":\"ImageObject\",\"inLanguage\":\"ca\",\"@id\":\"https:\\\/\\\/www.dcatala.com\\\/ca\\\/#\\\/schema\\\/logo\\\/image\\\/\",\"url\":\"https:\\\/\\\/www.dcatala.com\\\/wp-content\\\/uploads\\\/2020\\\/05\\\/cropped-logo-d.catala-2-1-scaled-1.jpg\",\"contentUrl\":\"https:\\\/\\\/www.dcatala.com\\\/wp-content\\\/uploads\\\/2020\\\/05\\\/cropped-logo-d.catala-2-1-scaled-1.jpg\",\"width\":2560,\"height\":711,\"caption\":\"D.Catala\"},\"image\":{\"@id\":\"https:\\\/\\\/www.dcatala.com\\\/ca\\\/#\\\/schema\\\/logo\\\/image\\\/\"}}]}<\/script>\n<!-- \/ Yoast SEO plugin. -->","yoast_head_json":{"title":"Api - DOMINGO CATAL\u00c0","description":"ApiVerdures ApiVerdures L'Apium graveolens \u00e9s una esp\u00e8cie de planta a la fam\u00edlia Apiaceae, comunament coneguda com a api (var. dol\u00e7) o api nap (var.","robots":{"index":"index","follow":"follow","max-snippet":"max-snippet:-1","max-image-preview":"max-image-preview:large","max-video-preview":"max-video-preview:-1"},"canonical":"https:\/\/www.dcatala.com\/ca\/verdures\/api\/","twitter_misc":{"Temps estimat de lectura":"1 minut"},"schema":{"@context":"https:\/\/schema.org","@graph":[{"@type":"WebPage","@id":"https:\/\/www.dcatala.com\/ca\/verdures\/api\/","url":"https:\/\/www.dcatala.com\/ca\/verdures\/api\/","name":"Api - DOMINGO CATAL\u00c0","isPartOf":{"@id":"https:\/\/www.dcatala.com\/ca\/#website"},"primaryImageOfPage":{"@id":"https:\/\/www.dcatala.com\/ca\/verdures\/api\/#primaryimage"},"image":{"@id":"https:\/\/www.dcatala.com\/ca\/verdures\/api\/#primaryimage"},"thumbnailUrl":"https:\/\/www.dcatala.com\/wp-content\/uploads\/2020\/06\/mini.jpg","datePublished":"2020-05-27T15:31:53+00:00","dateModified":"2026-04-17T08:31:03+00:00","description":"ApiVerdures ApiVerdures L'Apium graveolens \u00e9s una esp\u00e8cie de planta a la fam\u00edlia Apiaceae, comunament coneguda com a api (var. dol\u00e7) o api nap (var.","breadcrumb":{"@id":"https:\/\/www.dcatala.com\/ca\/verdures\/api\/#breadcrumb"},"inLanguage":"ca","potentialAction":[{"@type":"ReadAction","target":["https:\/\/www.dcatala.com\/ca\/verdures\/api\/"]}]},{"@type":"ImageObject","inLanguage":"ca","@id":"https:\/\/www.dcatala.com\/ca\/verdures\/api\/#primaryimage","url":"https:\/\/www.dcatala.com\/wp-content\/uploads\/2020\/06\/mini.jpg","contentUrl":"https:\/\/www.dcatala.com\/wp-content\/uploads\/2020\/06\/mini.jpg"},{"@type":"BreadcrumbList","@id":"https:\/\/www.dcatala.com\/ca\/verdures\/api\/#breadcrumb","itemListElement":[{"@type":"ListItem","position":1,"name":"Portada","item":"https:\/\/www.dcatala.com\/ca\/"},{"@type":"ListItem","position":2,"name":"Verdures","item":"https:\/\/www.dcatala.com\/ca\/verdures\/"},{"@type":"ListItem","position":3,"name":"Api"}]},{"@type":"WebSite","@id":"https:\/\/www.dcatala.com\/ca\/#website","url":"https:\/\/www.dcatala.com\/ca\/","name":"DOMINGO CATAL\u00c0","description":"Produciendo calidad","publisher":{"@id":"https:\/\/www.dcatala.com\/ca\/#organization"},"potentialAction":[{"@type":"SearchAction","target":{"@type":"EntryPoint","urlTemplate":"https:\/\/www.dcatala.com\/ca\/?s={search_term_string}"},"query-input":{"@type":"PropertyValueSpecification","valueRequired":true,"valueName":"search_term_string"}}],"inLanguage":"ca"},{"@type":"Organization","@id":"https:\/\/www.dcatala.com\/ca\/#organization","name":"D.Catala","url":"https:\/\/www.dcatala.com\/ca\/","logo":{"@type":"ImageObject","inLanguage":"ca","@id":"https:\/\/www.dcatala.com\/ca\/#\/schema\/logo\/image\/","url":"https:\/\/www.dcatala.com\/wp-content\/uploads\/2020\/05\/cropped-logo-d.catala-2-1-scaled-1.jpg","contentUrl":"https:\/\/www.dcatala.com\/wp-content\/uploads\/2020\/05\/cropped-logo-d.catala-2-1-scaled-1.jpg","width":2560,"height":711,"caption":"D.Catala"},"image":{"@id":"https:\/\/www.dcatala.com\/ca\/#\/schema\/logo\/image\/"}}]}},"_links":{"self":[{"href":"https:\/\/www.dcatala.com\/ca\/wp-json\/wp\/v2\/pages\/8007","targetHints":{"allow":["GET"]}}],"collection":[{"href":"https:\/\/www.dcatala.com\/ca\/wp-json\/wp\/v2\/pages"}],"about":[{"href":"https:\/\/www.dcatala.com\/ca\/wp-json\/wp\/v2\/types\/page"}],"author":[{"embeddable":true,"href":"https:\/\/www.dcatala.com\/ca\/wp-json\/wp\/v2\/users\/1"}],"replies":[{"embeddable":true,"href":"https:\/\/www.dcatala.com\/ca\/wp-json\/wp\/v2\/comments?post=8007"}],"version-history":[{"count":2,"href":"https:\/\/www.dcatala.com\/ca\/wp-json\/wp\/v2\/pages\/8007\/revisions"}],"predecessor-version":[{"id":9651,"href":"https:\/\/www.dcatala.com\/ca\/wp-json\/wp\/v2\/pages\/8007\/revisions\/9651"}],"up":[{"embeddable":true,"href":"https:\/\/www.dcatala.com\/ca\/wp-json\/wp\/v2\/pages\/7733"}],"wp:attachment":[{"href":"https:\/\/www.dcatala.com\/ca\/wp-json\/wp\/v2\/media?parent=8007"}],"curies":[{"name":"wp","href":"https:\/\/api.w.org\/{rel}","templated":true}]}}