{"id":7838,"date":"2020-05-27T15:30:13","date_gmt":"2020-05-27T15:30:13","guid":{"rendered":"https:\/\/www.dcatala.com\/citrus\/mandarina\/"},"modified":"2026-03-31T12:44:00","modified_gmt":"2026-03-31T10:44:00","slug":"mandarino","status":"publish","type":"page","link":"https:\/\/www.dcatala.com\/de\/citrus\/mandarino\/","title":{"rendered":"Mandarino"},"content":{"rendered":"\t\t<div data-elementor-type=\"wp-page\" data-elementor-id=\"7838\" class=\"elementor elementor-7838 elementor-6736\" data-elementor-post-type=\"page\">\n\t\t\t\t\t\t<section class=\"elementor-section elementor-top-section elementor-element elementor-element-2681c1e9 elementor-section-full_width elementor-section-height-min-height elementor-section-height-default elementor-section-items-middle\" data-id=\"2681c1e9\" data-element_type=\"section\" data-e-type=\"section\" data-settings=\"{&quot;background_background&quot;:&quot;classic&quot;}\">\n\t\t\t\t\t\t<div class=\"elementor-container elementor-column-gap-default\">\n\t\t\t\t\t<div class=\"elementor-column elementor-col-100 elementor-top-column elementor-element elementor-element-74955396 elementor-invisible\" data-id=\"74955396\" data-element_type=\"column\" data-e-type=\"column\" data-settings=\"{&quot;animation&quot;:&quot;fadeIn&quot;}\">\n\t\t\t<div class=\"elementor-widget-wrap elementor-element-populated\">\n\t\t\t\t\t\t<div class=\"elementor-element elementor-element-2dacf670 elementor--h-position-center elementor--v-position-middle elementor-widget elementor-widget-slides\" data-id=\"2dacf670\" data-element_type=\"widget\" data-e-type=\"widget\" data-settings=\"{&quot;transition&quot;:&quot;fade&quot;,&quot;navigation&quot;:&quot;none&quot;,&quot;autoplay&quot;:&quot;yes&quot;,&quot;autoplay_speed&quot;:5000,&quot;infinite&quot;:&quot;yes&quot;,&quot;transition_speed&quot;:500}\" data-widget_type=\"slides.default\">\n\t\t\t\t<div class=\"elementor-widget-container\">\n\t\t\t\t\t\t\t\t\t<div class=\"elementor-swiper\">\n\t\t\t\t\t<div class=\"elementor-slides-wrapper elementor-main-swiper swiper\" role=\"region\" aria-roledescription=\"carousel\" aria-label=\"Diapositivas\" dir=\"ltr\" data-animation=\"fadeInUp\">\n\t\t\t\t<div class=\"swiper-wrapper elementor-slides\">\n\t\t\t\t\t\t\t\t\t\t<div class=\"elementor-repeater-item-3cbc0bf swiper-slide\" role=\"group\" aria-roledescription=\"slide\"><div class=\"swiper-slide-bg elementor-ken-burns elementor-ken-burns--in\" role=\"img\" aria-label=\"ripe mandarine in peel and peeled tangerine slices close-up isolated on white background\"><\/div><div class=\"swiper-slide-inner\" ><div class=\"swiper-slide-contents\"><div class=\"elementor-slide-heading\">Mandarinas<\/div><div class=\"elementor-slide-description\"><p>C\u00edtricos<\/p>\n<\/div><\/div><\/div><\/div><div class=\"elementor-repeater-item-d51a8e9 swiper-slide\" role=\"group\" aria-roledescription=\"slide\"><div class=\"swiper-slide-bg elementor-ken-burns elementor-ken-burns--out\" role=\"img\" aria-label=\"ripe mandarine in peel and peeled tangerine slices close-up isolated on white background\"><\/div><div class=\"swiper-slide-inner\" ><div class=\"swiper-slide-contents\"><div class=\"elementor-slide-heading\">Mandarinas<\/div><div class=\"elementor-slide-description\"><p>C\u00edtricos<\/p>\n<\/div><\/div><\/div><\/div>\t\t\t\t<\/div>\n\t\t\t\t\t\t\t\t\t\t\t\t\t\t\t\t\t\t\t\t\t<\/div>\n\t\t\t\t<\/div>\n\t\t\t\t\t\t\t\t<\/div>\n\t\t\t\t<\/div>\n\t\t\t\t\t<\/div>\n\t\t<\/div>\n\t\t\t\t\t<\/div>\n\t\t<\/section>\n\t\t\t\t<section class=\"elementor-section elementor-top-section elementor-element elementor-element-28e739f8 elementor-section-boxed elementor-section-height-default elementor-section-height-default\" data-id=\"28e739f8\" data-element_type=\"section\" data-e-type=\"section\" data-settings=\"{&quot;background_background&quot;:&quot;classic&quot;}\">\n\t\t\t\t\t\t<div class=\"elementor-container elementor-column-gap-default\">\n\t\t\t\t\t<div class=\"elementor-column elementor-col-100 elementor-top-column elementor-element elementor-element-7e6e8fc6\" data-id=\"7e6e8fc6\" data-element_type=\"column\" data-e-type=\"column\">\n\t\t\t<div class=\"elementor-widget-wrap elementor-element-populated\">\n\t\t\t\t\t\t<div class=\"elementor-element elementor-element-9c34313 elementor-widget elementor-widget-text-editor\" data-id=\"9c34313\" data-element_type=\"widget\" data-e-type=\"widget\" data-widget_type=\"text-editor.default\">\n\t\t\t\t<div class=\"elementor-widget-container\">\n\t\t\t\t\t\t\t\t\t<div class=\"col-xs-12 col-sm-6 col-md-3 col-lg-3\">\n<div class=\"texte\">\n<p>El naranjo mandar\u00edn, a menudo conocido simplemente como mandarino, es un peque\u00f1o \u00e1rbol c\u00edtrico (Citrus reticulata) con un fruto parecido a otras naranjas. Las mandarinas se suelen comer solas o en macedonia. Las mandarinas especialmente rojizas a veces se comercializan como naranjas tangerinas, sin que ello se corresponda con ninguna clasificaci\u00f3n bot\u00e1nica. El \u00e1rbol tiene m\u00e1s tolerancia a la sequ\u00eda que su fruto. La mandarina es tierna y no soporta bien el fr\u00edo: puede ser cultivada en zonas tropicales y subtropicales.<\/p>\n<\/div>\n<\/div>\n\t\t\t\t\t\t\t\t<\/div>\n\t\t\t\t<\/div>\n\t\t\t\t\t<\/div>\n\t\t<\/div>\n\t\t\t\t\t<\/div>\n\t\t<\/section>\n\t\t\t\t<section class=\"elementor-section elementor-top-section elementor-element elementor-element-0ca61f3 elementor-section-boxed elementor-section-height-default elementor-section-height-default\" data-id=\"0ca61f3\" data-element_type=\"section\" data-e-type=\"section\">\n\t\t\t\t\t\t<div class=\"elementor-container elementor-column-gap-default\">\n\t\t\t\t\t<div class=\"elementor-column elementor-col-100 elementor-top-column elementor-element elementor-element-a131be0\" data-id=\"a131be0\" data-element_type=\"column\" data-e-type=\"column\">\n\t\t\t<div class=\"elementor-widget-wrap elementor-element-populated\">\n\t\t\t\t\t\t<div class=\"elementor-element elementor-element-f239a8b elementor-widget elementor-widget-heading\" data-id=\"f239a8b\" data-element_type=\"widget\" data-e-type=\"widget\" data-widget_type=\"heading.default\">\n\t\t\t\t<div class=\"elementor-widget-container\">\n\t\t\t\t\t<h2 class=\"elementor-heading-title elementor-size-default\">Embalajes<\/h2>\t\t\t\t<\/div>\n\t\t\t\t<\/div>\n\t\t\t\t\t<\/div>\n\t\t<\/div>\n\t\t\t\t\t<\/div>\n\t\t<\/section>\n\t\t\t\t<section class=\"elementor-section elementor-top-section elementor-element elementor-element-70c34530 elementor-section-boxed elementor-section-height-default elementor-section-height-default\" data-id=\"70c34530\" data-element_type=\"section\" data-e-type=\"section\">\n\t\t\t\t\t\t<div class=\"elementor-container elementor-column-gap-default\">\n\t\t\t\t\t<div class=\"elementor-column elementor-col-20 elementor-top-column elementor-element elementor-element-43844f02\" data-id=\"43844f02\" data-element_type=\"column\" data-e-type=\"column\">\n\t\t\t<div class=\"elementor-widget-wrap elementor-element-populated\">\n\t\t\t\t\t\t<div class=\"elementor-element elementor-element-546f8e77 elementor-invisible elementor-widget elementor-widget-image\" data-id=\"546f8e77\" data-element_type=\"widget\" data-e-type=\"widget\" data-settings=\"{&quot;_animation&quot;:&quot;fadeIn&quot;}\" data-widget_type=\"image.default\">\n\t\t\t\t<div class=\"elementor-widget-container\">\n\t\t\t\t\t\t\t\t\t\t\t\t\t\t\t<img fetchpriority=\"high\" decoding=\"async\" width=\"407\" height=\"278\" src=\"https:\/\/www.dcatala.com\/wp-content\/uploads\/2020\/06\/mini.jpg\" class=\"elementor-animation-bounce-in attachment-large size-large wp-image-7827\" alt=\"\" srcset=\"https:\/\/www.dcatala.com\/wp-content\/uploads\/2020\/06\/mini.jpg 407w, https:\/\/www.dcatala.com\/wp-content\/uploads\/2020\/06\/mini-300x205.jpg 300w\" sizes=\"(max-width: 407px) 100vw, 407px\" \/>\t\t\t\t\t\t\t\t\t\t\t\t\t\t\t<\/div>\n\t\t\t\t<\/div>\n\t\t\t\t<div class=\"elementor-element elementor-element-76e05f76 elementor-widget elementor-widget-text-editor\" data-id=\"76e05f76\" data-element_type=\"widget\" data-e-type=\"widget\" data-widget_type=\"text-editor.default\">\n\t\t\t\t<div class=\"elementor-widget-container\">\n\t\t\t\t\t\t\t\t\t<p>2.3kg Loose Place Packed<br \/><strong>Dimensiones:<\/strong>\u00a028.5 x 18.2 x 10.5<br \/><strong>Peso aprox caja:<\/strong>\u00a02.3 Kg<br \/><strong>Cajas por Palet:<\/strong><br \/>ExportPal (1200&#215;1000): 400<\/p>\n\t\t\t\t\t\t\t\t<\/div>\n\t\t\t\t<\/div>\n\t\t\t\t\t<\/div>\n\t\t<\/div>\n\t\t\t\t<div class=\"elementor-column elementor-col-20 elementor-top-column elementor-element elementor-element-36b61ad5\" data-id=\"36b61ad5\" data-element_type=\"column\" data-e-type=\"column\">\n\t\t\t<div class=\"elementor-widget-wrap elementor-element-populated\">\n\t\t\t\t\t\t<div class=\"elementor-element elementor-element-9f55a3e elementor-invisible elementor-widget elementor-widget-image\" data-id=\"9f55a3e\" data-element_type=\"widget\" data-e-type=\"widget\" data-settings=\"{&quot;_animation&quot;:&quot;fadeIn&quot;}\" data-widget_type=\"image.default\">\n\t\t\t\t<div class=\"elementor-widget-container\">\n\t\t\t\t\t\t\t\t\t\t\t\t\t\t\t<img fetchpriority=\"high\" decoding=\"async\" width=\"407\" height=\"278\" src=\"https:\/\/www.dcatala.com\/wp-content\/uploads\/2020\/06\/mini.jpg\" class=\"elementor-animation-bounce-in attachment-large size-large wp-image-7827\" alt=\"\" srcset=\"https:\/\/www.dcatala.com\/wp-content\/uploads\/2020\/06\/mini.jpg 407w, https:\/\/www.dcatala.com\/wp-content\/uploads\/2020\/06\/mini-300x205.jpg 300w\" sizes=\"(max-width: 407px) 100vw, 407px\" \/>\t\t\t\t\t\t\t\t\t\t\t\t\t\t\t<\/div>\n\t\t\t\t<\/div>\n\t\t\t\t<div class=\"elementor-element elementor-element-2428dd8f elementor-widget elementor-widget-text-editor\" data-id=\"2428dd8f\" data-element_type=\"widget\" data-e-type=\"widget\" data-widget_type=\"text-editor.default\">\n\t\t\t\t<div class=\"elementor-widget-container\">\n\t\t\t\t\t\t\t\t\t<p>Ortanique 10kg Loose Place Packed<br \/><strong>Dimensiones:<\/strong>\u00a044 x 28.5 x 16<br \/><strong>Peso aprox caja:<\/strong>\u00a010 Kg<br \/><strong>Cajas por Palet:<\/strong><br \/>ExportPal (1200&#215;1000): 99<\/p>\n\t\t\t\t\t\t\t\t<\/div>\n\t\t\t\t<\/div>\n\t\t\t\t\t<\/div>\n\t\t<\/div>\n\t\t\t\t<div class=\"elementor-column elementor-col-20 elementor-top-column elementor-element elementor-element-5ade0b7b\" data-id=\"5ade0b7b\" data-element_type=\"column\" data-e-type=\"column\">\n\t\t\t<div class=\"elementor-widget-wrap elementor-element-populated\">\n\t\t\t\t\t\t<div class=\"elementor-element elementor-element-df197b7 elementor-invisible elementor-widget elementor-widget-image\" data-id=\"df197b7\" data-element_type=\"widget\" data-e-type=\"widget\" data-settings=\"{&quot;_animation&quot;:&quot;fadeIn&quot;}\" data-widget_type=\"image.default\">\n\t\t\t\t<div class=\"elementor-widget-container\">\n\t\t\t\t\t\t\t\t\t\t\t\t\t\t\t<img fetchpriority=\"high\" decoding=\"async\" width=\"407\" height=\"278\" src=\"https:\/\/www.dcatala.com\/wp-content\/uploads\/2020\/06\/mini.jpg\" class=\"elementor-animation-bounce-in attachment-large size-large wp-image-7827\" alt=\"\" srcset=\"https:\/\/www.dcatala.com\/wp-content\/uploads\/2020\/06\/mini.jpg 407w, https:\/\/www.dcatala.com\/wp-content\/uploads\/2020\/06\/mini-300x205.jpg 300w\" sizes=\"(max-width: 407px) 100vw, 407px\" \/>\t\t\t\t\t\t\t\t\t\t\t\t\t\t\t<\/div>\n\t\t\t\t<\/div>\n\t\t\t\t<div class=\"elementor-element elementor-element-584229be elementor-widget elementor-widget-text-editor\" data-id=\"584229be\" data-element_type=\"widget\" data-e-type=\"widget\" data-widget_type=\"text-editor.default\">\n\t\t\t\t<div class=\"elementor-widget-container\">\n\t\t\t\t\t\t\t\t\t<p>Ortanique 10kg Loose Place Packed<br \/><strong>Dimensiones:<\/strong>\u00a044 x 28.5 x 16<br \/><strong>Peso aprox caja:<\/strong>\u00a010 Kg<br \/><strong>Cajas por Palet:<\/strong><br \/>ExportPal (1200&#215;1000): 99<\/p>\n\t\t\t\t\t\t\t\t<\/div>\n\t\t\t\t<\/div>\n\t\t\t\t\t<\/div>\n\t\t<\/div>\n\t\t\t\t<div class=\"elementor-column elementor-col-20 elementor-top-column elementor-element elementor-element-432137f1\" data-id=\"432137f1\" data-element_type=\"column\" data-e-type=\"column\">\n\t\t\t<div class=\"elementor-widget-wrap elementor-element-populated\">\n\t\t\t\t\t\t<div class=\"elementor-element elementor-element-bfd1f02 elementor-invisible elementor-widget elementor-widget-image\" data-id=\"bfd1f02\" data-element_type=\"widget\" data-e-type=\"widget\" data-settings=\"{&quot;_animation&quot;:&quot;fadeIn&quot;}\" data-widget_type=\"image.default\">\n\t\t\t\t<div class=\"elementor-widget-container\">\n\t\t\t\t\t\t\t\t\t\t\t\t\t\t\t<img fetchpriority=\"high\" decoding=\"async\" width=\"407\" height=\"278\" src=\"https:\/\/www.dcatala.com\/wp-content\/uploads\/2020\/06\/mini.jpg\" class=\"elementor-animation-bounce-in attachment-large size-large wp-image-7827\" alt=\"\" srcset=\"https:\/\/www.dcatala.com\/wp-content\/uploads\/2020\/06\/mini.jpg 407w, https:\/\/www.dcatala.com\/wp-content\/uploads\/2020\/06\/mini-300x205.jpg 300w\" sizes=\"(max-width: 407px) 100vw, 407px\" \/>\t\t\t\t\t\t\t\t\t\t\t\t\t\t\t<\/div>\n\t\t\t\t<\/div>\n\t\t\t\t<div class=\"elementor-element elementor-element-75ad074a elementor-widget elementor-widget-text-editor\" data-id=\"75ad074a\" data-element_type=\"widget\" data-e-type=\"widget\" data-widget_type=\"text-editor.default\">\n\t\t\t\t<div class=\"elementor-widget-container\">\n\t\t\t\t\t\t\t\t\t<p>2.3kg Loose Place Packed<br \/><strong>Dimensiones:<\/strong>\u00a028.5 x 18.2 x 10.5<br \/><strong>Peso aprox caja:<\/strong>\u00a02.3 Kg<br \/><strong>Cajas por Palet:<\/strong><br \/>ExportPal (1200&#215;1000): 400<\/p>\n\t\t\t\t\t\t\t\t<\/div>\n\t\t\t\t<\/div>\n\t\t\t\t\t<\/div>\n\t\t<\/div>\n\t\t\t\t<div class=\"elementor-column elementor-col-20 elementor-top-column elementor-element elementor-element-6588e57c\" data-id=\"6588e57c\" data-element_type=\"column\" data-e-type=\"column\">\n\t\t\t<div class=\"elementor-widget-wrap elementor-element-populated\">\n\t\t\t\t\t\t<div class=\"elementor-element elementor-element-c497d91 elementor-invisible elementor-widget elementor-widget-image\" data-id=\"c497d91\" data-element_type=\"widget\" data-e-type=\"widget\" data-settings=\"{&quot;_animation&quot;:&quot;fadeIn&quot;}\" data-widget_type=\"image.default\">\n\t\t\t\t<div class=\"elementor-widget-container\">\n\t\t\t\t\t\t\t\t\t\t\t\t\t\t\t<img fetchpriority=\"high\" decoding=\"async\" width=\"407\" height=\"278\" src=\"https:\/\/www.dcatala.com\/wp-content\/uploads\/2020\/06\/mini.jpg\" class=\"elementor-animation-bounce-in attachment-large size-large wp-image-7827\" alt=\"\" srcset=\"https:\/\/www.dcatala.com\/wp-content\/uploads\/2020\/06\/mini.jpg 407w, https:\/\/www.dcatala.com\/wp-content\/uploads\/2020\/06\/mini-300x205.jpg 300w\" sizes=\"(max-width: 407px) 100vw, 407px\" \/>\t\t\t\t\t\t\t\t\t\t\t\t\t\t\t<\/div>\n\t\t\t\t<\/div>\n\t\t\t\t<div class=\"elementor-element elementor-element-9a7d99 elementor-widget elementor-widget-text-editor\" data-id=\"9a7d99\" data-element_type=\"widget\" data-e-type=\"widget\" data-widget_type=\"text-editor.default\">\n\t\t\t\t<div class=\"elementor-widget-container\">\n\t\t\t\t\t\t\t\t\t<p>8kg Loose Place Packed<br \/><strong>Dimensiones:<\/strong>\u00a050 x 30 x 12<br \/><strong>Peso aprox caja:<\/strong>\u00a08 Kg<br \/><strong>Cajas por Palet:<\/strong><br \/>ExportPal (1200&#215;1000): 88<\/p>\n\t\t\t\t\t\t\t\t<\/div>\n\t\t\t\t<\/div>\n\t\t\t\t\t<\/div>\n\t\t<\/div>\n\t\t\t\t\t<\/div>\n\t\t<\/section>\n\t\t\t\t<section class=\"elementor-section elementor-top-section elementor-element elementor-element-28173a90 elementor-section-boxed elementor-section-height-default elementor-section-height-default\" data-id=\"28173a90\" data-element_type=\"section\" data-e-type=\"section\">\n\t\t\t\t\t\t<div class=\"elementor-container elementor-column-gap-default\">\n\t\t\t\t\t<div class=\"elementor-column elementor-col-100 elementor-top-column elementor-element elementor-element-14896fca\" data-id=\"14896fca\" data-element_type=\"column\" data-e-type=\"column\">\n\t\t\t<div class=\"elementor-widget-wrap elementor-element-populated\">\n\t\t\t\t\t\t<div class=\"elementor-element elementor-element-7ffb5cb3 elementor-widget elementor-widget-spacer\" data-id=\"7ffb5cb3\" data-element_type=\"widget\" data-e-type=\"widget\" data-widget_type=\"spacer.default\">\n\t\t\t\t<div class=\"elementor-widget-container\">\n\t\t\t\t\t\t\t<div class=\"elementor-spacer\">\n\t\t\t<div class=\"elementor-spacer-inner\"><\/div>\n\t\t<\/div>\n\t\t\t\t\t\t<\/div>\n\t\t\t\t<\/div>\n\t\t\t\t\t<\/div>\n\t\t<\/div>\n\t\t\t\t\t<\/div>\n\t\t<\/section>\n\t\t\t\t<\/div>\n\t\t","protected":false},"excerpt":{"rendered":"<p>Mandarinas C\u00edtricos Mandarinas C\u00edtricos El naranjo mandar\u00edn, a menudo conocido simplemente como mandarino, es un peque\u00f1o \u00e1rbol c\u00edtrico (Citrus reticulata) con un fruto parecido a otras naranjas. Las mandarinas se suelen comer solas o en macedonia. Las mandarinas especialmente rojizas a veces se comercializan como naranjas tangerinas, sin que ello se corresponda con ninguna clasificaci\u00f3n &#8230; <a title=\"Mandarino\" class=\"read-more\" href=\"https:\/\/www.dcatala.com\/de\/citrus\/mandarino\/\" aria-label=\"Mehr Informationen \u00fcber Mandarino\">Weiterlesen<\/a><\/p>\n","protected":false},"author":1,"featured_media":0,"parent":7731,"menu_order":0,"comment_status":"closed","ping_status":"closed","template":"elementor_header_footer","meta":{"footnotes":""},"class_list":["post-7838","page","type-page","status-publish"],"yoast_head":"<!-- This site is optimized with the Yoast SEO plugin v27.4 - https:\/\/yoast.com\/product\/yoast-seo-wordpress\/ -->\n<title>Mandarino - DOMINGO CATAL\u00c0<\/title>\n<meta name=\"description\" content=\"MandarinasC\u00edtricos MandarinasC\u00edtricos El naranjo mandar\u00edn, a menudo conocido simplemente como mandarino, es un peque\u00f1o \u00e1rbol c\u00edtrico (Citrus reticulata)\" \/>\n<meta name=\"robots\" content=\"index, follow, max-snippet:-1, max-image-preview:large, max-video-preview:-1\" \/>\n<link rel=\"canonical\" href=\"https:\/\/www.dcatala.com\/de\/citrus\/mandarino\/\" \/>\n<meta name=\"twitter:label1\" content=\"Gesch\u00e4tzte Lesezeit\" \/>\n\t<meta name=\"twitter:data1\" content=\"1\u00a0Minute\" \/>\n<script type=\"application\/ld+json\" class=\"yoast-schema-graph\">{\"@context\":\"https:\\\/\\\/schema.org\",\"@graph\":[{\"@type\":\"WebPage\",\"@id\":\"https:\\\/\\\/www.dcatala.com\\\/de\\\/citrus\\\/mandarino\\\/\",\"url\":\"https:\\\/\\\/www.dcatala.com\\\/de\\\/citrus\\\/mandarino\\\/\",\"name\":\"Mandarino - DOMINGO CATAL\u00c0\",\"isPartOf\":{\"@id\":\"https:\\\/\\\/www.dcatala.com\\\/de\\\/#website\"},\"primaryImageOfPage\":{\"@id\":\"https:\\\/\\\/www.dcatala.com\\\/de\\\/citrus\\\/mandarino\\\/#primaryimage\"},\"image\":{\"@id\":\"https:\\\/\\\/www.dcatala.com\\\/de\\\/citrus\\\/mandarino\\\/#primaryimage\"},\"thumbnailUrl\":\"https:\\\/\\\/www.dcatala.com\\\/wp-content\\\/uploads\\\/2020\\\/06\\\/mini.jpg\",\"datePublished\":\"2020-05-27T15:30:13+00:00\",\"dateModified\":\"2026-03-31T10:44:00+00:00\",\"description\":\"MandarinasC\u00edtricos MandarinasC\u00edtricos El naranjo mandar\u00edn, a menudo conocido simplemente como mandarino, es un peque\u00f1o \u00e1rbol c\u00edtrico (Citrus reticulata)\",\"breadcrumb\":{\"@id\":\"https:\\\/\\\/www.dcatala.com\\\/de\\\/citrus\\\/mandarino\\\/#breadcrumb\"},\"inLanguage\":\"de\",\"potentialAction\":[{\"@type\":\"ReadAction\",\"target\":[\"https:\\\/\\\/www.dcatala.com\\\/de\\\/citrus\\\/mandarino\\\/\"]}]},{\"@type\":\"ImageObject\",\"inLanguage\":\"de\",\"@id\":\"https:\\\/\\\/www.dcatala.com\\\/de\\\/citrus\\\/mandarino\\\/#primaryimage\",\"url\":\"https:\\\/\\\/www.dcatala.com\\\/wp-content\\\/uploads\\\/2020\\\/06\\\/mini.jpg\",\"contentUrl\":\"https:\\\/\\\/www.dcatala.com\\\/wp-content\\\/uploads\\\/2020\\\/06\\\/mini.jpg\"},{\"@type\":\"BreadcrumbList\",\"@id\":\"https:\\\/\\\/www.dcatala.com\\\/de\\\/citrus\\\/mandarino\\\/#breadcrumb\",\"itemListElement\":[{\"@type\":\"ListItem\",\"position\":1,\"name\":\"Portada\",\"item\":\"https:\\\/\\\/www.dcatala.com\\\/de\\\/\"},{\"@type\":\"ListItem\",\"position\":2,\"name\":\"Citrus\",\"item\":\"https:\\\/\\\/www.dcatala.com\\\/de\\\/citrics\\\/\"},{\"@type\":\"ListItem\",\"position\":3,\"name\":\"Mandarino\"}]},{\"@type\":\"WebSite\",\"@id\":\"https:\\\/\\\/www.dcatala.com\\\/de\\\/#website\",\"url\":\"https:\\\/\\\/www.dcatala.com\\\/de\\\/\",\"name\":\"DOMINGO CATAL\u00c0\",\"description\":\"Produciendo calidad\",\"publisher\":{\"@id\":\"https:\\\/\\\/www.dcatala.com\\\/de\\\/#organization\"},\"potentialAction\":[{\"@type\":\"SearchAction\",\"target\":{\"@type\":\"EntryPoint\",\"urlTemplate\":\"https:\\\/\\\/www.dcatala.com\\\/de\\\/?s={search_term_string}\"},\"query-input\":{\"@type\":\"PropertyValueSpecification\",\"valueRequired\":true,\"valueName\":\"search_term_string\"}}],\"inLanguage\":\"de\"},{\"@type\":\"Organization\",\"@id\":\"https:\\\/\\\/www.dcatala.com\\\/de\\\/#organization\",\"name\":\"D.Catala\",\"url\":\"https:\\\/\\\/www.dcatala.com\\\/de\\\/\",\"logo\":{\"@type\":\"ImageObject\",\"inLanguage\":\"de\",\"@id\":\"https:\\\/\\\/www.dcatala.com\\\/de\\\/#\\\/schema\\\/logo\\\/image\\\/\",\"url\":\"https:\\\/\\\/www.dcatala.com\\\/wp-content\\\/uploads\\\/2020\\\/05\\\/cropped-logo-d.catala-2-1-scaled-1.jpg\",\"contentUrl\":\"https:\\\/\\\/www.dcatala.com\\\/wp-content\\\/uploads\\\/2020\\\/05\\\/cropped-logo-d.catala-2-1-scaled-1.jpg\",\"width\":2560,\"height\":711,\"caption\":\"D.Catala\"},\"image\":{\"@id\":\"https:\\\/\\\/www.dcatala.com\\\/de\\\/#\\\/schema\\\/logo\\\/image\\\/\"}}]}<\/script>\n<!-- \/ Yoast SEO plugin. -->","yoast_head_json":{"title":"Mandarino - DOMINGO CATAL\u00c0","description":"MandarinasC\u00edtricos MandarinasC\u00edtricos El naranjo mandar\u00edn, a menudo conocido simplemente como mandarino, es un peque\u00f1o \u00e1rbol c\u00edtrico (Citrus reticulata)","robots":{"index":"index","follow":"follow","max-snippet":"max-snippet:-1","max-image-preview":"max-image-preview:large","max-video-preview":"max-video-preview:-1"},"canonical":"https:\/\/www.dcatala.com\/de\/citrus\/mandarino\/","twitter_misc":{"Gesch\u00e4tzte Lesezeit":"1\u00a0Minute"},"schema":{"@context":"https:\/\/schema.org","@graph":[{"@type":"WebPage","@id":"https:\/\/www.dcatala.com\/de\/citrus\/mandarino\/","url":"https:\/\/www.dcatala.com\/de\/citrus\/mandarino\/","name":"Mandarino - DOMINGO CATAL\u00c0","isPartOf":{"@id":"https:\/\/www.dcatala.com\/de\/#website"},"primaryImageOfPage":{"@id":"https:\/\/www.dcatala.com\/de\/citrus\/mandarino\/#primaryimage"},"image":{"@id":"https:\/\/www.dcatala.com\/de\/citrus\/mandarino\/#primaryimage"},"thumbnailUrl":"https:\/\/www.dcatala.com\/wp-content\/uploads\/2020\/06\/mini.jpg","datePublished":"2020-05-27T15:30:13+00:00","dateModified":"2026-03-31T10:44:00+00:00","description":"MandarinasC\u00edtricos MandarinasC\u00edtricos El naranjo mandar\u00edn, a menudo conocido simplemente como mandarino, es un peque\u00f1o \u00e1rbol c\u00edtrico (Citrus reticulata)","breadcrumb":{"@id":"https:\/\/www.dcatala.com\/de\/citrus\/mandarino\/#breadcrumb"},"inLanguage":"de","potentialAction":[{"@type":"ReadAction","target":["https:\/\/www.dcatala.com\/de\/citrus\/mandarino\/"]}]},{"@type":"ImageObject","inLanguage":"de","@id":"https:\/\/www.dcatala.com\/de\/citrus\/mandarino\/#primaryimage","url":"https:\/\/www.dcatala.com\/wp-content\/uploads\/2020\/06\/mini.jpg","contentUrl":"https:\/\/www.dcatala.com\/wp-content\/uploads\/2020\/06\/mini.jpg"},{"@type":"BreadcrumbList","@id":"https:\/\/www.dcatala.com\/de\/citrus\/mandarino\/#breadcrumb","itemListElement":[{"@type":"ListItem","position":1,"name":"Portada","item":"https:\/\/www.dcatala.com\/de\/"},{"@type":"ListItem","position":2,"name":"Citrus","item":"https:\/\/www.dcatala.com\/de\/citrics\/"},{"@type":"ListItem","position":3,"name":"Mandarino"}]},{"@type":"WebSite","@id":"https:\/\/www.dcatala.com\/de\/#website","url":"https:\/\/www.dcatala.com\/de\/","name":"DOMINGO CATAL\u00c0","description":"Produciendo calidad","publisher":{"@id":"https:\/\/www.dcatala.com\/de\/#organization"},"potentialAction":[{"@type":"SearchAction","target":{"@type":"EntryPoint","urlTemplate":"https:\/\/www.dcatala.com\/de\/?s={search_term_string}"},"query-input":{"@type":"PropertyValueSpecification","valueRequired":true,"valueName":"search_term_string"}}],"inLanguage":"de"},{"@type":"Organization","@id":"https:\/\/www.dcatala.com\/de\/#organization","name":"D.Catala","url":"https:\/\/www.dcatala.com\/de\/","logo":{"@type":"ImageObject","inLanguage":"de","@id":"https:\/\/www.dcatala.com\/de\/#\/schema\/logo\/image\/","url":"https:\/\/www.dcatala.com\/wp-content\/uploads\/2020\/05\/cropped-logo-d.catala-2-1-scaled-1.jpg","contentUrl":"https:\/\/www.dcatala.com\/wp-content\/uploads\/2020\/05\/cropped-logo-d.catala-2-1-scaled-1.jpg","width":2560,"height":711,"caption":"D.Catala"},"image":{"@id":"https:\/\/www.dcatala.com\/de\/#\/schema\/logo\/image\/"}}]}},"_links":{"self":[{"href":"https:\/\/www.dcatala.com\/de\/wp-json\/wp\/v2\/pages\/7838","targetHints":{"allow":["GET"]}}],"collection":[{"href":"https:\/\/www.dcatala.com\/de\/wp-json\/wp\/v2\/pages"}],"about":[{"href":"https:\/\/www.dcatala.com\/de\/wp-json\/wp\/v2\/types\/page"}],"author":[{"embeddable":true,"href":"https:\/\/www.dcatala.com\/de\/wp-json\/wp\/v2\/users\/1"}],"replies":[{"embeddable":true,"href":"https:\/\/www.dcatala.com\/de\/wp-json\/wp\/v2\/comments?post=7838"}],"version-history":[{"count":2,"href":"https:\/\/www.dcatala.com\/de\/wp-json\/wp\/v2\/pages\/7838\/revisions"}],"predecessor-version":[{"id":9412,"href":"https:\/\/www.dcatala.com\/de\/wp-json\/wp\/v2\/pages\/7838\/revisions\/9412"}],"up":[{"embeddable":true,"href":"https:\/\/www.dcatala.com\/de\/wp-json\/wp\/v2\/pages\/7731"}],"wp:attachment":[{"href":"https:\/\/www.dcatala.com\/de\/wp-json\/wp\/v2\/media?parent=7838"}],"curies":[{"name":"wp","href":"https:\/\/api.w.org\/{rel}","templated":true}]}}