{"id":7868,"date":"2020-05-27T15:30:33","date_gmt":"2020-05-27T15:30:33","guid":{"rendered":"https:\/\/www.dcatala.com\/citrus\/limon\/"},"modified":"2026-04-21T12:50:38","modified_gmt":"2026-04-21T10:50:38","slug":"zitrone","status":"publish","type":"page","link":"https:\/\/www.dcatala.com\/de\/zitrusfruchte\/zitrone\/","title":{"rendered":"Zitrone"},"content":{"rendered":"\t\t<div data-elementor-type=\"wp-page\" data-elementor-id=\"7868\" class=\"elementor elementor-7868 elementor-6738\" data-elementor-post-type=\"page\">\n\t\t\t\t\t\t<section class=\"elementor-section elementor-top-section elementor-element elementor-element-73cc4018 elementor-section-full_width elementor-section-height-min-height elementor-section-height-default elementor-section-items-middle\" data-id=\"73cc4018\" data-element_type=\"section\" data-e-type=\"section\" data-settings=\"{&quot;background_background&quot;:&quot;classic&quot;}\">\n\t\t\t\t\t\t<div class=\"elementor-container elementor-column-gap-default\">\n\t\t\t\t\t<div class=\"elementor-column elementor-col-100 elementor-top-column elementor-element elementor-element-ab27c53 elementor-invisible\" data-id=\"ab27c53\" data-element_type=\"column\" data-e-type=\"column\" data-settings=\"{&quot;animation&quot;:&quot;fadeIn&quot;}\">\n\t\t\t<div class=\"elementor-widget-wrap elementor-element-populated\">\n\t\t\t\t\t\t<div class=\"elementor-element elementor-element-440f3f20 elementor--h-position-center elementor--v-position-middle elementor-widget elementor-widget-slides\" data-id=\"440f3f20\" data-element_type=\"widget\" data-e-type=\"widget\" data-settings=\"{&quot;transition&quot;:&quot;fade&quot;,&quot;navigation&quot;:&quot;none&quot;,&quot;autoplay&quot;:&quot;yes&quot;,&quot;autoplay_speed&quot;:5000,&quot;infinite&quot;:&quot;yes&quot;,&quot;transition_speed&quot;:500}\" data-widget_type=\"slides.default\">\n\t\t\t\t<div class=\"elementor-widget-container\">\n\t\t\t\t\t\t\t\t\t<div class=\"elementor-swiper\">\n\t\t\t\t\t<div class=\"elementor-slides-wrapper elementor-main-swiper swiper\" role=\"region\" aria-roledescription=\"carousel\" aria-label=\"Diapositivas\" dir=\"ltr\" data-animation=\"fadeInUp\">\n\t\t\t\t<div class=\"swiper-wrapper elementor-slides\">\n\t\t\t\t\t\t\t\t\t\t<div class=\"elementor-repeater-item-3cbc0bf swiper-slide\" role=\"group\" aria-roledescription=\"slide\"><div class=\"swiper-slide-bg elementor-ken-burns elementor-ken-burns--in\" role=\"img\" aria-label=\"Lemon\"><\/div><div class=\"swiper-slide-inner\" ><div class=\"swiper-slide-contents\"><div class=\"elementor-slide-heading\">Zitronen<\/div><div class=\"elementor-slide-description\"><p>Zitrusfr\u00fcchte<\/p>\n<\/div><\/div><\/div><\/div><div class=\"elementor-repeater-item-d51a8e9 swiper-slide\" role=\"group\" aria-roledescription=\"slide\"><div class=\"swiper-slide-bg elementor-ken-burns elementor-ken-burns--out\" role=\"img\" aria-label=\"Lemon\"><\/div><div class=\"swiper-slide-inner\" ><div class=\"swiper-slide-contents\"><div class=\"elementor-slide-heading\">Zitronen<\/div><div class=\"elementor-slide-description\"><p>Zitrusfr\u00fcchte<\/p>\n<\/div><\/div><\/div><\/div>\t\t\t\t<\/div>\n\t\t\t\t\t\t\t\t\t\t\t\t\t\t\t\t\t\t\t\t\t<\/div>\n\t\t\t\t<\/div>\n\t\t\t\t\t\t\t\t<\/div>\n\t\t\t\t<\/div>\n\t\t\t\t\t<\/div>\n\t\t<\/div>\n\t\t\t\t\t<\/div>\n\t\t<\/section>\n\t\t\t\t<section class=\"elementor-section elementor-top-section elementor-element elementor-element-7b2c3ec4 elementor-section-boxed elementor-section-height-default elementor-section-height-default\" data-id=\"7b2c3ec4\" data-element_type=\"section\" data-e-type=\"section\" data-settings=\"{&quot;background_background&quot;:&quot;classic&quot;}\">\n\t\t\t\t\t\t<div class=\"elementor-container elementor-column-gap-default\">\n\t\t\t\t\t<div class=\"elementor-column elementor-col-100 elementor-top-column elementor-element elementor-element-704710a8\" data-id=\"704710a8\" data-element_type=\"column\" data-e-type=\"column\">\n\t\t\t<div class=\"elementor-widget-wrap elementor-element-populated\">\n\t\t\t\t\t\t<div class=\"elementor-element elementor-element-29f9aae7 elementor-widget elementor-widget-text-editor\" data-id=\"29f9aae7\" data-element_type=\"widget\" data-e-type=\"widget\" data-widget_type=\"text-editor.default\">\n\t\t\t\t<div class=\"elementor-widget-container\">\n\t\t\t\t\t\t\t\t\t<p>Die Zitrone ist rund und leicht l\u00e4nglich, geh\u00f6rt zur Familie der Zitrusfr\u00fcchte und teilt daher viele Merkmale mit anderen Zitrusfr\u00fcchten, wie beispielsweise ihre dicke Schale. Das Fruchtfleisch ist hellgelb, saftig und s\u00e4uerlich und in Segmente unterteilt. Die Schale ist gelb und besonders gl\u00e4nzend, wenn sie reif ist.<\/p><p>Sie wird frisch zum Kochen verwendet, und ihr Saft findet Verwendung in der Lebensmittelindustrie. In der pharmazeutischen Industrie dient sie als Rohstoff f\u00fcr die Herstellung zahlreicher Medikamente, und im Haushalt kann sie f\u00fcr viele Hausmittel eingesetzt werden.<\/p><p>Die Zitrone besitzt zahlreiche positive Eigenschaften: Sie st\u00e4rkt das Immunsystem, wirkt revitalisierend, f\u00f6rdert den Kalziumstoffwechsel f\u00fcr Knochen und Z\u00e4hne, hilft, Blutungen zu stillen, hat eine verj\u00fcngende Wirkung und unterst\u00fctzt Di\u00e4ten zur Gewichtsreduktion. Da sie jedoch eine sehr anregende Frucht ist, sollten \u00e4ltere Menschen und Personen mit starker Nervosit\u00e4t sie meiden.<\/p>\t\t\t\t\t\t\t\t<\/div>\n\t\t\t\t<\/div>\n\t\t\t\t\t<\/div>\n\t\t<\/div>\n\t\t\t\t\t<\/div>\n\t\t<\/section>\n\t\t\t\t<section class=\"elementor-section elementor-top-section elementor-element elementor-element-11e8c077 elementor-section-boxed elementor-section-height-default elementor-section-height-default\" data-id=\"11e8c077\" data-element_type=\"section\" data-e-type=\"section\">\n\t\t\t\t\t\t<div class=\"elementor-container elementor-column-gap-default\">\n\t\t\t\t\t<div class=\"elementor-column elementor-col-100 elementor-top-column elementor-element elementor-element-11f27390\" data-id=\"11f27390\" data-element_type=\"column\" data-e-type=\"column\">\n\t\t\t<div class=\"elementor-widget-wrap elementor-element-populated\">\n\t\t\t\t\t\t<div class=\"elementor-element elementor-element-1801c811 elementor-widget elementor-widget-heading\" data-id=\"1801c811\" data-element_type=\"widget\" data-e-type=\"widget\" data-widget_type=\"heading.default\">\n\t\t\t\t<div class=\"elementor-widget-container\">\n\t\t\t\t\t<h2 class=\"elementor-heading-title elementor-size-default\">Verpackungen<\/h2>\t\t\t\t<\/div>\n\t\t\t\t<\/div>\n\t\t\t\t\t<\/div>\n\t\t<\/div>\n\t\t\t\t\t<\/div>\n\t\t<\/section>\n\t\t\t\t<section class=\"elementor-section elementor-top-section elementor-element elementor-element-481f6b40 elementor-section-boxed elementor-section-height-default elementor-section-height-default\" data-id=\"481f6b40\" data-element_type=\"section\" data-e-type=\"section\">\n\t\t\t\t\t\t<div class=\"elementor-container elementor-column-gap-default\">\n\t\t\t\t\t<div class=\"elementor-column elementor-col-25 elementor-top-column elementor-element elementor-element-2493564f\" data-id=\"2493564f\" data-element_type=\"column\" data-e-type=\"column\">\n\t\t\t<div class=\"elementor-widget-wrap elementor-element-populated\">\n\t\t\t\t\t\t<div class=\"elementor-element elementor-element-1a4cc078 elementor-invisible elementor-widget elementor-widget-image\" data-id=\"1a4cc078\" data-element_type=\"widget\" data-e-type=\"widget\" data-settings=\"{&quot;_animation&quot;:&quot;fadeIn&quot;}\" data-widget_type=\"image.default\">\n\t\t\t\t<div class=\"elementor-widget-container\">\n\t\t\t\t\t\t\t\t\t\t\t\t\t\t\t<img fetchpriority=\"high\" decoding=\"async\" width=\"407\" height=\"278\" src=\"https:\/\/www.dcatala.com\/wp-content\/uploads\/2020\/06\/mini.jpg\" class=\"elementor-animation-bounce-in attachment-large size-large wp-image-7827\" alt=\"\" srcset=\"https:\/\/www.dcatala.com\/wp-content\/uploads\/2020\/06\/mini.jpg 407w, https:\/\/www.dcatala.com\/wp-content\/uploads\/2020\/06\/mini-300x205.jpg 300w\" sizes=\"(max-width: 407px) 100vw, 407px\" \/>\t\t\t\t\t\t\t\t\t\t\t\t\t\t\t<\/div>\n\t\t\t\t<\/div>\n\t\t\t\t<div class=\"elementor-element elementor-element-2a03f764 elementor-widget elementor-widget-text-editor\" data-id=\"2a03f764\" data-element_type=\"widget\" data-e-type=\"widget\" data-widget_type=\"text-editor.default\">\n\t\t\t\t<div class=\"elementor-widget-container\">\n\t\t\t\t\t\t\t\t\t<p>2.3kg Loose Place Packed<br \/><strong>Abmessungen:<\/strong>\u00a028.5 x 18.2 x 10.5<br \/><strong>Gewicht ungef\u00e4hr Box:<\/strong>\u00a02.3 Kg<br \/><strong>Kartons pro Pallete:<\/strong><br \/>ExportPal (1200&#215;1000): 400<\/p>\t\t\t\t\t\t\t\t<\/div>\n\t\t\t\t<\/div>\n\t\t\t\t\t<\/div>\n\t\t<\/div>\n\t\t\t\t<div class=\"elementor-column elementor-col-25 elementor-top-column elementor-element elementor-element-671ad2ed\" data-id=\"671ad2ed\" data-element_type=\"column\" data-e-type=\"column\">\n\t\t\t<div class=\"elementor-widget-wrap elementor-element-populated\">\n\t\t\t\t\t\t<div class=\"elementor-element elementor-element-250ad6a6 elementor-invisible elementor-widget elementor-widget-image\" data-id=\"250ad6a6\" data-element_type=\"widget\" data-e-type=\"widget\" data-settings=\"{&quot;_animation&quot;:&quot;fadeIn&quot;}\" data-widget_type=\"image.default\">\n\t\t\t\t<div class=\"elementor-widget-container\">\n\t\t\t\t\t\t\t\t\t\t\t\t\t\t\t<img fetchpriority=\"high\" decoding=\"async\" width=\"407\" height=\"278\" src=\"https:\/\/www.dcatala.com\/wp-content\/uploads\/2020\/06\/mini.jpg\" class=\"elementor-animation-bounce-in attachment-large size-large wp-image-7827\" alt=\"\" srcset=\"https:\/\/www.dcatala.com\/wp-content\/uploads\/2020\/06\/mini.jpg 407w, https:\/\/www.dcatala.com\/wp-content\/uploads\/2020\/06\/mini-300x205.jpg 300w\" sizes=\"(max-width: 407px) 100vw, 407px\" \/>\t\t\t\t\t\t\t\t\t\t\t\t\t\t\t<\/div>\n\t\t\t\t<\/div>\n\t\t\t\t<div class=\"elementor-element elementor-element-54eaf49a elementor-widget elementor-widget-text-editor\" data-id=\"54eaf49a\" data-element_type=\"widget\" data-e-type=\"widget\" data-widget_type=\"text-editor.default\">\n\t\t\t\t<div class=\"elementor-widget-container\">\n\t\t\t\t\t\t\t\t\t<p>10kg Loose Place Packed<br \/><strong>Abmessungen:<\/strong>\u00a044 x 28.5 x 16<br \/><strong>Gewicht ungef\u00e4hr Box:<\/strong>\u00a010 Kg<br \/><strong>Kartons pro Pallete:<\/strong><br \/>ExportPal (1200&#215;1000): 99<\/p>\t\t\t\t\t\t\t\t<\/div>\n\t\t\t\t<\/div>\n\t\t\t\t\t<\/div>\n\t\t<\/div>\n\t\t\t\t<div class=\"elementor-column elementor-col-25 elementor-top-column elementor-element elementor-element-1496b357\" data-id=\"1496b357\" data-element_type=\"column\" data-e-type=\"column\">\n\t\t\t<div class=\"elementor-widget-wrap elementor-element-populated\">\n\t\t\t\t\t\t<div class=\"elementor-element elementor-element-825400a elementor-invisible elementor-widget elementor-widget-image\" data-id=\"825400a\" data-element_type=\"widget\" data-e-type=\"widget\" data-settings=\"{&quot;_animation&quot;:&quot;fadeIn&quot;}\" data-widget_type=\"image.default\">\n\t\t\t\t<div class=\"elementor-widget-container\">\n\t\t\t\t\t\t\t\t\t\t\t\t\t\t\t<img fetchpriority=\"high\" decoding=\"async\" width=\"407\" height=\"278\" src=\"https:\/\/www.dcatala.com\/wp-content\/uploads\/2020\/06\/mini.jpg\" class=\"elementor-animation-bounce-in attachment-large size-large wp-image-7827\" alt=\"\" srcset=\"https:\/\/www.dcatala.com\/wp-content\/uploads\/2020\/06\/mini.jpg 407w, https:\/\/www.dcatala.com\/wp-content\/uploads\/2020\/06\/mini-300x205.jpg 300w\" sizes=\"(max-width: 407px) 100vw, 407px\" \/>\t\t\t\t\t\t\t\t\t\t\t\t\t\t\t<\/div>\n\t\t\t\t<\/div>\n\t\t\t\t<div class=\"elementor-element elementor-element-28f7a22d elementor-widget elementor-widget-text-editor\" data-id=\"28f7a22d\" data-element_type=\"widget\" data-e-type=\"widget\" data-widget_type=\"text-editor.default\">\n\t\t\t\t<div class=\"elementor-widget-container\">\n\t\t\t\t\t\t\t\t\t<p>6kg Loose Place Packed<br \/><strong>Abmessungen:<\/strong>\u00a050 x 30 x 9<br \/><strong>Gewicht ungef\u00e4hr Box:<\/strong>\u00a06 Kg<br \/><strong>Kartons pro Pallete:<\/strong><br \/>ExportPal (1200&#215;1000): 112<\/p>\t\t\t\t\t\t\t\t<\/div>\n\t\t\t\t<\/div>\n\t\t\t\t\t<\/div>\n\t\t<\/div>\n\t\t\t\t<div class=\"elementor-column elementor-col-25 elementor-top-column elementor-element elementor-element-2398fab\" data-id=\"2398fab\" data-element_type=\"column\" data-e-type=\"column\">\n\t\t\t<div class=\"elementor-widget-wrap elementor-element-populated\">\n\t\t\t\t\t\t<div class=\"elementor-element elementor-element-65c2dafc elementor-invisible elementor-widget elementor-widget-image\" data-id=\"65c2dafc\" data-element_type=\"widget\" data-e-type=\"widget\" data-settings=\"{&quot;_animation&quot;:&quot;fadeIn&quot;}\" data-widget_type=\"image.default\">\n\t\t\t\t<div class=\"elementor-widget-container\">\n\t\t\t\t\t\t\t\t\t\t\t\t\t\t\t<img fetchpriority=\"high\" decoding=\"async\" width=\"407\" height=\"278\" src=\"https:\/\/www.dcatala.com\/wp-content\/uploads\/2020\/06\/mini.jpg\" class=\"elementor-animation-bounce-in attachment-large size-large wp-image-7827\" alt=\"\" srcset=\"https:\/\/www.dcatala.com\/wp-content\/uploads\/2020\/06\/mini.jpg 407w, https:\/\/www.dcatala.com\/wp-content\/uploads\/2020\/06\/mini-300x205.jpg 300w\" sizes=\"(max-width: 407px) 100vw, 407px\" \/>\t\t\t\t\t\t\t\t\t\t\t\t\t\t\t<\/div>\n\t\t\t\t<\/div>\n\t\t\t\t<div class=\"elementor-element elementor-element-4b3ebabe elementor-widget elementor-widget-text-editor\" data-id=\"4b3ebabe\" data-element_type=\"widget\" data-e-type=\"widget\" data-widget_type=\"text-editor.default\">\n\t\t\t\t<div class=\"elementor-widget-container\">\n\t\t\t\t\t\t\t\t\t<p>15kg Loose Place Packed<br \/><strong>Abmessungen:<\/strong>\u00a050 x 30 x 9<br \/><strong>Gewicht ungef\u00e4hr Box:<\/strong>\u00a015 Kg<br \/><strong>Kartons pro Pallete:<\/strong><br \/>ExportPal (1200&#215;1000): 63<\/p>\t\t\t\t\t\t\t\t<\/div>\n\t\t\t\t<\/div>\n\t\t\t\t\t<\/div>\n\t\t<\/div>\n\t\t\t\t\t<\/div>\n\t\t<\/section>\n\t\t\t\t<section class=\"elementor-section elementor-top-section elementor-element elementor-element-6975b0c elementor-section-boxed elementor-section-height-default elementor-section-height-default\" data-id=\"6975b0c\" data-element_type=\"section\" data-e-type=\"section\">\n\t\t\t\t\t\t<div class=\"elementor-container elementor-column-gap-default\">\n\t\t\t\t\t<div class=\"elementor-column elementor-col-100 elementor-top-column elementor-element elementor-element-5cb82f09\" data-id=\"5cb82f09\" data-element_type=\"column\" data-e-type=\"column\">\n\t\t\t<div class=\"elementor-widget-wrap elementor-element-populated\">\n\t\t\t\t\t\t<div class=\"elementor-element elementor-element-16f3fd56 elementor-widget elementor-widget-spacer\" data-id=\"16f3fd56\" data-element_type=\"widget\" data-e-type=\"widget\" data-widget_type=\"spacer.default\">\n\t\t\t\t<div class=\"elementor-widget-container\">\n\t\t\t\t\t\t\t<div class=\"elementor-spacer\">\n\t\t\t<div class=\"elementor-spacer-inner\"><\/div>\n\t\t<\/div>\n\t\t\t\t\t\t<\/div>\n\t\t\t\t<\/div>\n\t\t\t\t\t<\/div>\n\t\t<\/div>\n\t\t\t\t\t<\/div>\n\t\t<\/section>\n\t\t\t\t<\/div>\n\t\t","protected":false},"excerpt":{"rendered":"<p>Zitronen Zitrusfr\u00fcchte Zitronen Zitrusfr\u00fcchte Die Zitrone ist rund und leicht l\u00e4nglich, geh\u00f6rt zur Familie der Zitrusfr\u00fcchte und teilt daher viele Merkmale mit anderen Zitrusfr\u00fcchten, wie beispielsweise ihre dicke Schale. Das Fruchtfleisch ist hellgelb, saftig und s\u00e4uerlich und in Segmente unterteilt. Die Schale ist gelb und besonders gl\u00e4nzend, wenn sie reif ist. Sie wird frisch zum &#8230; <a title=\"Zitrone\" class=\"read-more\" href=\"https:\/\/www.dcatala.com\/de\/zitrusfruchte\/zitrone\/\" aria-label=\"Mehr Informationen \u00fcber Zitrone\">Weiterlesen<\/a><\/p>\n","protected":false},"author":1,"featured_media":0,"parent":7731,"menu_order":0,"comment_status":"closed","ping_status":"closed","template":"elementor_header_footer","meta":{"footnotes":""},"class_list":["post-7868","page","type-page","status-publish"],"yoast_head":"<!-- This site is optimized with the Yoast SEO plugin v27.5 - https:\/\/yoast.com\/product\/yoast-seo-wordpress\/ -->\n<title>Zitrone - DOMINGO CATAL\u00c0<\/title>\n<meta name=\"description\" content=\"ZitronenZitrusfr\u00fcchte ZitronenZitrusfr\u00fcchte Die Zitrone ist rund und leicht l\u00e4nglich, geh\u00f6rt zur Familie der Zitrusfr\u00fcchte und teilt daher viele Merkmale\" \/>\n<meta name=\"robots\" content=\"index, follow, max-snippet:-1, max-image-preview:large, max-video-preview:-1\" \/>\n<link rel=\"canonical\" href=\"https:\/\/www.dcatala.com\/de\/zitrusfruchte\/zitrone\/\" \/>\n<meta name=\"twitter:label1\" content=\"Gesch\u00e4tzte Lesezeit\" \/>\n\t<meta name=\"twitter:data1\" content=\"1\u00a0Minute\" \/>\n<script type=\"application\/ld+json\" class=\"yoast-schema-graph\">{\"@context\":\"https:\\\/\\\/schema.org\",\"@graph\":[{\"@type\":\"WebPage\",\"@id\":\"https:\\\/\\\/www.dcatala.com\\\/de\\\/zitrusfruchte\\\/zitrone\\\/\",\"url\":\"https:\\\/\\\/www.dcatala.com\\\/de\\\/zitrusfruchte\\\/zitrone\\\/\",\"name\":\"Zitrone - DOMINGO CATAL\u00c0\",\"isPartOf\":{\"@id\":\"https:\\\/\\\/www.dcatala.com\\\/de\\\/#website\"},\"primaryImageOfPage\":{\"@id\":\"https:\\\/\\\/www.dcatala.com\\\/de\\\/zitrusfruchte\\\/zitrone\\\/#primaryimage\"},\"image\":{\"@id\":\"https:\\\/\\\/www.dcatala.com\\\/de\\\/zitrusfruchte\\\/zitrone\\\/#primaryimage\"},\"thumbnailUrl\":\"https:\\\/\\\/www.dcatala.com\\\/wp-content\\\/uploads\\\/2020\\\/06\\\/mini.jpg\",\"datePublished\":\"2020-05-27T15:30:33+00:00\",\"dateModified\":\"2026-04-21T10:50:38+00:00\",\"description\":\"ZitronenZitrusfr\u00fcchte ZitronenZitrusfr\u00fcchte Die Zitrone ist rund und leicht l\u00e4nglich, geh\u00f6rt zur Familie der Zitrusfr\u00fcchte und teilt daher viele Merkmale\",\"breadcrumb\":{\"@id\":\"https:\\\/\\\/www.dcatala.com\\\/de\\\/zitrusfruchte\\\/zitrone\\\/#breadcrumb\"},\"inLanguage\":\"de\",\"potentialAction\":[{\"@type\":\"ReadAction\",\"target\":[\"https:\\\/\\\/www.dcatala.com\\\/de\\\/zitrusfruchte\\\/zitrone\\\/\"]}]},{\"@type\":\"ImageObject\",\"inLanguage\":\"de\",\"@id\":\"https:\\\/\\\/www.dcatala.com\\\/de\\\/zitrusfruchte\\\/zitrone\\\/#primaryimage\",\"url\":\"https:\\\/\\\/www.dcatala.com\\\/wp-content\\\/uploads\\\/2020\\\/06\\\/mini.jpg\",\"contentUrl\":\"https:\\\/\\\/www.dcatala.com\\\/wp-content\\\/uploads\\\/2020\\\/06\\\/mini.jpg\"},{\"@type\":\"BreadcrumbList\",\"@id\":\"https:\\\/\\\/www.dcatala.com\\\/de\\\/zitrusfruchte\\\/zitrone\\\/#breadcrumb\",\"itemListElement\":[{\"@type\":\"ListItem\",\"position\":1,\"name\":\"Portada\",\"item\":\"https:\\\/\\\/www.dcatala.com\\\/de\\\/\"},{\"@type\":\"ListItem\",\"position\":2,\"name\":\"Citrus\",\"item\":\"https:\\\/\\\/www.dcatala.com\\\/de\\\/zitrusfruchte\\\/\"},{\"@type\":\"ListItem\",\"position\":3,\"name\":\"Zitrone\"}]},{\"@type\":\"WebSite\",\"@id\":\"https:\\\/\\\/www.dcatala.com\\\/de\\\/#website\",\"url\":\"https:\\\/\\\/www.dcatala.com\\\/de\\\/\",\"name\":\"DOMINGO CATAL\u00c0\",\"description\":\"Produciendo calidad\",\"publisher\":{\"@id\":\"https:\\\/\\\/www.dcatala.com\\\/de\\\/#organization\"},\"potentialAction\":[{\"@type\":\"SearchAction\",\"target\":{\"@type\":\"EntryPoint\",\"urlTemplate\":\"https:\\\/\\\/www.dcatala.com\\\/de\\\/?s={search_term_string}\"},\"query-input\":{\"@type\":\"PropertyValueSpecification\",\"valueRequired\":true,\"valueName\":\"search_term_string\"}}],\"inLanguage\":\"de\"},{\"@type\":\"Organization\",\"@id\":\"https:\\\/\\\/www.dcatala.com\\\/de\\\/#organization\",\"name\":\"D.Catala\",\"url\":\"https:\\\/\\\/www.dcatala.com\\\/de\\\/\",\"logo\":{\"@type\":\"ImageObject\",\"inLanguage\":\"de\",\"@id\":\"https:\\\/\\\/www.dcatala.com\\\/de\\\/#\\\/schema\\\/logo\\\/image\\\/\",\"url\":\"https:\\\/\\\/www.dcatala.com\\\/wp-content\\\/uploads\\\/2020\\\/05\\\/cropped-logo-d.catala-2-1-scaled-1.jpg\",\"contentUrl\":\"https:\\\/\\\/www.dcatala.com\\\/wp-content\\\/uploads\\\/2020\\\/05\\\/cropped-logo-d.catala-2-1-scaled-1.jpg\",\"width\":2560,\"height\":711,\"caption\":\"D.Catala\"},\"image\":{\"@id\":\"https:\\\/\\\/www.dcatala.com\\\/de\\\/#\\\/schema\\\/logo\\\/image\\\/\"}}]}<\/script>\n<!-- \/ Yoast SEO plugin. -->","yoast_head_json":{"title":"Zitrone - DOMINGO CATAL\u00c0","description":"ZitronenZitrusfr\u00fcchte ZitronenZitrusfr\u00fcchte Die Zitrone ist rund und leicht l\u00e4nglich, geh\u00f6rt zur Familie der Zitrusfr\u00fcchte und teilt daher viele Merkmale","robots":{"index":"index","follow":"follow","max-snippet":"max-snippet:-1","max-image-preview":"max-image-preview:large","max-video-preview":"max-video-preview:-1"},"canonical":"https:\/\/www.dcatala.com\/de\/zitrusfruchte\/zitrone\/","twitter_misc":{"Gesch\u00e4tzte Lesezeit":"1\u00a0Minute"},"schema":{"@context":"https:\/\/schema.org","@graph":[{"@type":"WebPage","@id":"https:\/\/www.dcatala.com\/de\/zitrusfruchte\/zitrone\/","url":"https:\/\/www.dcatala.com\/de\/zitrusfruchte\/zitrone\/","name":"Zitrone - DOMINGO CATAL\u00c0","isPartOf":{"@id":"https:\/\/www.dcatala.com\/de\/#website"},"primaryImageOfPage":{"@id":"https:\/\/www.dcatala.com\/de\/zitrusfruchte\/zitrone\/#primaryimage"},"image":{"@id":"https:\/\/www.dcatala.com\/de\/zitrusfruchte\/zitrone\/#primaryimage"},"thumbnailUrl":"https:\/\/www.dcatala.com\/wp-content\/uploads\/2020\/06\/mini.jpg","datePublished":"2020-05-27T15:30:33+00:00","dateModified":"2026-04-21T10:50:38+00:00","description":"ZitronenZitrusfr\u00fcchte ZitronenZitrusfr\u00fcchte Die Zitrone ist rund und leicht l\u00e4nglich, geh\u00f6rt zur Familie der Zitrusfr\u00fcchte und teilt daher viele Merkmale","breadcrumb":{"@id":"https:\/\/www.dcatala.com\/de\/zitrusfruchte\/zitrone\/#breadcrumb"},"inLanguage":"de","potentialAction":[{"@type":"ReadAction","target":["https:\/\/www.dcatala.com\/de\/zitrusfruchte\/zitrone\/"]}]},{"@type":"ImageObject","inLanguage":"de","@id":"https:\/\/www.dcatala.com\/de\/zitrusfruchte\/zitrone\/#primaryimage","url":"https:\/\/www.dcatala.com\/wp-content\/uploads\/2020\/06\/mini.jpg","contentUrl":"https:\/\/www.dcatala.com\/wp-content\/uploads\/2020\/06\/mini.jpg"},{"@type":"BreadcrumbList","@id":"https:\/\/www.dcatala.com\/de\/zitrusfruchte\/zitrone\/#breadcrumb","itemListElement":[{"@type":"ListItem","position":1,"name":"Portada","item":"https:\/\/www.dcatala.com\/de\/"},{"@type":"ListItem","position":2,"name":"Citrus","item":"https:\/\/www.dcatala.com\/de\/zitrusfruchte\/"},{"@type":"ListItem","position":3,"name":"Zitrone"}]},{"@type":"WebSite","@id":"https:\/\/www.dcatala.com\/de\/#website","url":"https:\/\/www.dcatala.com\/de\/","name":"DOMINGO CATAL\u00c0","description":"Produciendo calidad","publisher":{"@id":"https:\/\/www.dcatala.com\/de\/#organization"},"potentialAction":[{"@type":"SearchAction","target":{"@type":"EntryPoint","urlTemplate":"https:\/\/www.dcatala.com\/de\/?s={search_term_string}"},"query-input":{"@type":"PropertyValueSpecification","valueRequired":true,"valueName":"search_term_string"}}],"inLanguage":"de"},{"@type":"Organization","@id":"https:\/\/www.dcatala.com\/de\/#organization","name":"D.Catala","url":"https:\/\/www.dcatala.com\/de\/","logo":{"@type":"ImageObject","inLanguage":"de","@id":"https:\/\/www.dcatala.com\/de\/#\/schema\/logo\/image\/","url":"https:\/\/www.dcatala.com\/wp-content\/uploads\/2020\/05\/cropped-logo-d.catala-2-1-scaled-1.jpg","contentUrl":"https:\/\/www.dcatala.com\/wp-content\/uploads\/2020\/05\/cropped-logo-d.catala-2-1-scaled-1.jpg","width":2560,"height":711,"caption":"D.Catala"},"image":{"@id":"https:\/\/www.dcatala.com\/de\/#\/schema\/logo\/image\/"}}]}},"_links":{"self":[{"href":"https:\/\/www.dcatala.com\/de\/wp-json\/wp\/v2\/pages\/7868","targetHints":{"allow":["GET"]}}],"collection":[{"href":"https:\/\/www.dcatala.com\/de\/wp-json\/wp\/v2\/pages"}],"about":[{"href":"https:\/\/www.dcatala.com\/de\/wp-json\/wp\/v2\/types\/page"}],"author":[{"embeddable":true,"href":"https:\/\/www.dcatala.com\/de\/wp-json\/wp\/v2\/users\/1"}],"replies":[{"embeddable":true,"href":"https:\/\/www.dcatala.com\/de\/wp-json\/wp\/v2\/comments?post=7868"}],"version-history":[{"count":2,"href":"https:\/\/www.dcatala.com\/de\/wp-json\/wp\/v2\/pages\/7868\/revisions"}],"predecessor-version":[{"id":10213,"href":"https:\/\/www.dcatala.com\/de\/wp-json\/wp\/v2\/pages\/7868\/revisions\/10213"}],"up":[{"embeddable":true,"href":"https:\/\/www.dcatala.com\/de\/wp-json\/wp\/v2\/pages\/7731"}],"wp:attachment":[{"href":"https:\/\/www.dcatala.com\/de\/wp-json\/wp\/v2\/media?parent=7868"}],"curies":[{"name":"wp","href":"https:\/\/api.w.org\/{rel}","templated":true}]}}