{"id":8036,"date":"2020-05-27T15:32:09","date_gmt":"2020-05-27T15:32:09","guid":{"rendered":"https:\/\/www.dcatala.com\/gemuse\/calabacin\/"},"modified":"2026-04-21T15:41:14","modified_gmt":"2026-04-21T13:41:14","slug":"zucchini","status":"publish","type":"page","link":"https:\/\/www.dcatala.com\/de\/gemuse\/zucchini\/","title":{"rendered":"Zucchini"},"content":{"rendered":"\t\t<div data-elementor-type=\"wp-page\" data-elementor-id=\"8036\" class=\"elementor elementor-8036 elementor-6750\" data-elementor-post-type=\"page\">\n\t\t\t\t\t\t<section class=\"elementor-section elementor-top-section elementor-element elementor-element-40d7054a elementor-section-full_width elementor-section-height-min-height elementor-section-height-default elementor-section-items-middle\" data-id=\"40d7054a\" data-element_type=\"section\" data-e-type=\"section\" data-settings=\"{&quot;background_background&quot;:&quot;classic&quot;}\">\n\t\t\t\t\t\t<div class=\"elementor-container elementor-column-gap-default\">\n\t\t\t\t\t<div class=\"elementor-column elementor-col-100 elementor-top-column elementor-element elementor-element-44888d92 elementor-invisible\" data-id=\"44888d92\" data-element_type=\"column\" data-e-type=\"column\" data-settings=\"{&quot;animation&quot;:&quot;fadeIn&quot;}\">\n\t\t\t<div class=\"elementor-widget-wrap elementor-element-populated\">\n\t\t\t\t\t\t<div class=\"elementor-element elementor-element-37733ab9 elementor--h-position-center elementor--v-position-middle elementor-widget elementor-widget-slides\" data-id=\"37733ab9\" data-element_type=\"widget\" data-e-type=\"widget\" data-settings=\"{&quot;transition&quot;:&quot;fade&quot;,&quot;navigation&quot;:&quot;none&quot;,&quot;autoplay&quot;:&quot;yes&quot;,&quot;autoplay_speed&quot;:5000,&quot;infinite&quot;:&quot;yes&quot;,&quot;transition_speed&quot;:500}\" data-widget_type=\"slides.default\">\n\t\t\t\t<div class=\"elementor-widget-container\">\n\t\t\t\t\t\t\t\t\t<div class=\"elementor-swiper\">\n\t\t\t\t\t<div class=\"elementor-slides-wrapper elementor-main-swiper swiper\" role=\"region\" aria-roledescription=\"carousel\" aria-label=\"Diapositivas\" dir=\"ltr\" data-animation=\"fadeInUp\">\n\t\t\t\t<div class=\"swiper-wrapper elementor-slides\">\n\t\t\t\t\t\t\t\t\t\t<div class=\"elementor-repeater-item-3cbc0bf swiper-slide\" role=\"group\" aria-roledescription=\"slide\"><div class=\"swiper-slide-bg elementor-ken-burns elementor-ken-burns--in\" role=\"img\" aria-label=\"Fresh vegetables and olive oil on a wooden background, healthy or vegetarian concept, horizontal with copy space\"><\/div><div class=\"swiper-slide-inner\" ><div class=\"swiper-slide-contents\"><div class=\"elementor-slide-heading\">Zucchini<\/div><div class=\"elementor-slide-description\"><p>Gem\u00fcse<\/p>\n<\/div><\/div><\/div><\/div><div class=\"elementor-repeater-item-d51a8e9 swiper-slide\" role=\"group\" aria-roledescription=\"slide\"><div class=\"swiper-slide-bg elementor-ken-burns elementor-ken-burns--out\" role=\"img\" aria-label=\"Fresh vegetables and olive oil on a wooden background, healthy or vegetarian concept, horizontal with copy space\"><\/div><div class=\"swiper-slide-inner\" ><div class=\"swiper-slide-contents\"><div class=\"elementor-slide-heading\">Zucchini<\/div><div class=\"elementor-slide-description\"><p>Gem\u00fcse<\/p>\n<\/div><\/div><\/div><\/div>\t\t\t\t<\/div>\n\t\t\t\t\t\t\t\t\t\t\t\t\t\t\t\t\t\t\t\t\t<\/div>\n\t\t\t\t<\/div>\n\t\t\t\t\t\t\t\t<\/div>\n\t\t\t\t<\/div>\n\t\t\t\t\t<\/div>\n\t\t<\/div>\n\t\t\t\t\t<\/div>\n\t\t<\/section>\n\t\t\t\t<section class=\"elementor-section elementor-top-section elementor-element elementor-element-5c2127db elementor-section-boxed elementor-section-height-default elementor-section-height-default\" data-id=\"5c2127db\" data-element_type=\"section\" data-e-type=\"section\" data-settings=\"{&quot;background_background&quot;:&quot;classic&quot;}\">\n\t\t\t\t\t\t<div class=\"elementor-container elementor-column-gap-default\">\n\t\t\t\t\t<div class=\"elementor-column elementor-col-100 elementor-top-column elementor-element elementor-element-53b664f1\" data-id=\"53b664f1\" data-element_type=\"column\" data-e-type=\"column\">\n\t\t\t<div class=\"elementor-widget-wrap elementor-element-populated\">\n\t\t\t\t\t\t<div class=\"elementor-element elementor-element-464249b4 elementor-widget elementor-widget-text-editor\" data-id=\"464249b4\" data-element_type=\"widget\" data-e-type=\"widget\" data-widget_type=\"text-editor.default\">\n\t\t\t\t<div class=\"elementor-widget-container\">\n\t\t\t\t\t\t\t\t\t<p>Zucchini ist ein Sommerk\u00fcrbis, der oft bis zu einem Meter lang wird, aber meist halb so gro\u00df oder kleiner geerntet wird. Sie ist eine Kreuzung mit der Gurke. Wie andere K\u00fcrbissorten geh\u00f6rt sie zur Art Cucurbita pepo. Zucchini k\u00f6nnen dunkel- oder hellgr\u00fcn sein. Eine \u00e4hnliche Kreuzung, die Goldzucchini, ist leuchtend gelb oder orange.<\/p>\t\t\t\t\t\t\t\t<\/div>\n\t\t\t\t<\/div>\n\t\t\t\t\t<\/div>\n\t\t<\/div>\n\t\t\t\t\t<\/div>\n\t\t<\/section>\n\t\t\t\t<section class=\"elementor-section elementor-top-section elementor-element elementor-element-5856ab96 elementor-section-boxed elementor-section-height-default elementor-section-height-default\" data-id=\"5856ab96\" data-element_type=\"section\" data-e-type=\"section\">\n\t\t\t\t\t\t<div class=\"elementor-container elementor-column-gap-default\">\n\t\t\t\t\t<div class=\"elementor-column elementor-col-100 elementor-top-column elementor-element elementor-element-21d430ed\" data-id=\"21d430ed\" data-element_type=\"column\" data-e-type=\"column\">\n\t\t\t<div class=\"elementor-widget-wrap elementor-element-populated\">\n\t\t\t\t\t\t<div class=\"elementor-element elementor-element-d8114af elementor-widget elementor-widget-heading\" data-id=\"d8114af\" data-element_type=\"widget\" data-e-type=\"widget\" data-widget_type=\"heading.default\">\n\t\t\t\t<div class=\"elementor-widget-container\">\n\t\t\t\t\t<h2 class=\"elementor-heading-title elementor-size-default\">Verpackungen<\/h2>\t\t\t\t<\/div>\n\t\t\t\t<\/div>\n\t\t\t\t\t<\/div>\n\t\t<\/div>\n\t\t\t\t\t<\/div>\n\t\t<\/section>\n\t\t\t\t<section class=\"elementor-section elementor-top-section elementor-element elementor-element-37ac10f8 elementor-section-boxed elementor-section-height-default elementor-section-height-default\" data-id=\"37ac10f8\" data-element_type=\"section\" data-e-type=\"section\">\n\t\t\t\t\t\t<div class=\"elementor-container elementor-column-gap-default\">\n\t\t\t\t\t<div class=\"elementor-column elementor-col-50 elementor-top-column elementor-element elementor-element-232cd2e1\" data-id=\"232cd2e1\" data-element_type=\"column\" data-e-type=\"column\">\n\t\t\t<div class=\"elementor-widget-wrap elementor-element-populated\">\n\t\t\t\t\t\t<div class=\"elementor-element elementor-element-36bfe85e elementor-invisible elementor-widget elementor-widget-image\" data-id=\"36bfe85e\" data-element_type=\"widget\" data-e-type=\"widget\" data-settings=\"{&quot;_animation&quot;:&quot;fadeIn&quot;}\" data-widget_type=\"image.default\">\n\t\t\t\t<div class=\"elementor-widget-container\">\n\t\t\t\t\t\t\t\t\t\t\t\t\t\t\t<img fetchpriority=\"high\" decoding=\"async\" width=\"407\" height=\"278\" src=\"https:\/\/www.dcatala.com\/wp-content\/uploads\/2020\/06\/mini.jpg\" class=\"elementor-animation-bounce-in attachment-large size-large wp-image-7827\" alt=\"\" srcset=\"https:\/\/www.dcatala.com\/wp-content\/uploads\/2020\/06\/mini.jpg 407w, https:\/\/www.dcatala.com\/wp-content\/uploads\/2020\/06\/mini-300x205.jpg 300w\" sizes=\"(max-width: 407px) 100vw, 407px\" \/>\t\t\t\t\t\t\t\t\t\t\t\t\t\t\t<\/div>\n\t\t\t\t<\/div>\n\t\t\t\t<div class=\"elementor-element elementor-element-1646e957 elementor-widget elementor-widget-text-editor\" data-id=\"1646e957\" data-element_type=\"widget\" data-e-type=\"widget\" data-widget_type=\"text-editor.default\">\n\t\t\t\t<div class=\"elementor-widget-container\">\n\t\t\t\t\t\t\t\t\t<p>Carton box 5kg Loose<br \/><strong>Abmessungen:<\/strong>\u00a040 x 30 x 14<br \/><strong>Gewicht ungef\u00e4hr Box:<\/strong>\u00a05 Kg<br \/><strong>Kartons pro Pallete:<\/strong><br \/>EuroPal (1000&#215;800): 120<br \/>ExportPal (1200&#215;1000): 150<\/p>\t\t\t\t\t\t\t\t<\/div>\n\t\t\t\t<\/div>\n\t\t\t\t\t<\/div>\n\t\t<\/div>\n\t\t\t\t<div class=\"elementor-column elementor-col-50 elementor-top-column elementor-element elementor-element-3dc7e809\" data-id=\"3dc7e809\" data-element_type=\"column\" data-e-type=\"column\">\n\t\t\t<div class=\"elementor-widget-wrap elementor-element-populated\">\n\t\t\t\t\t\t<div class=\"elementor-element elementor-element-2346224f elementor-invisible elementor-widget elementor-widget-image\" data-id=\"2346224f\" data-element_type=\"widget\" data-e-type=\"widget\" data-settings=\"{&quot;_animation&quot;:&quot;fadeIn&quot;}\" data-widget_type=\"image.default\">\n\t\t\t\t<div class=\"elementor-widget-container\">\n\t\t\t\t\t\t\t\t\t\t\t\t\t\t\t<img fetchpriority=\"high\" decoding=\"async\" width=\"407\" height=\"278\" src=\"https:\/\/www.dcatala.com\/wp-content\/uploads\/2020\/06\/mini.jpg\" class=\"elementor-animation-bounce-in attachment-large size-large wp-image-7827\" alt=\"\" srcset=\"https:\/\/www.dcatala.com\/wp-content\/uploads\/2020\/06\/mini.jpg 407w, https:\/\/www.dcatala.com\/wp-content\/uploads\/2020\/06\/mini-300x205.jpg 300w\" sizes=\"(max-width: 407px) 100vw, 407px\" \/>\t\t\t\t\t\t\t\t\t\t\t\t\t\t\t<\/div>\n\t\t\t\t<\/div>\n\t\t\t\t<div class=\"elementor-element elementor-element-402d65fa elementor-widget elementor-widget-text-editor\" data-id=\"402d65fa\" data-element_type=\"widget\" data-e-type=\"widget\" data-widget_type=\"text-editor.default\">\n\t\t\t\t<div class=\"elementor-widget-container\">\n\t\t\t\t\t\t\t\t\t<p>Pre-Pack 10 x 500gr Flow Pack<br \/><strong>Abmessungen:<\/strong>\u00a040 x 30 x 14<br \/><strong>Gewicht ungef\u00e4hr Box:<\/strong>\u00a05 Kg<br \/><strong>Kartons pro Pallete:<\/strong><br \/>ExportPal (1200&#215;1000): 150<\/p>\t\t\t\t\t\t\t\t<\/div>\n\t\t\t\t<\/div>\n\t\t\t\t\t<\/div>\n\t\t<\/div>\n\t\t\t\t\t<\/div>\n\t\t<\/section>\n\t\t\t\t<section class=\"elementor-section elementor-top-section elementor-element elementor-element-22e28539 elementor-section-boxed elementor-section-height-default elementor-section-height-default\" data-id=\"22e28539\" data-element_type=\"section\" data-e-type=\"section\">\n\t\t\t\t\t\t<div class=\"elementor-container elementor-column-gap-default\">\n\t\t\t\t\t<div class=\"elementor-column elementor-col-100 elementor-top-column elementor-element elementor-element-65093d5b\" data-id=\"65093d5b\" data-element_type=\"column\" data-e-type=\"column\">\n\t\t\t<div class=\"elementor-widget-wrap elementor-element-populated\">\n\t\t\t\t\t\t<div class=\"elementor-element elementor-element-7345749b elementor-widget elementor-widget-spacer\" data-id=\"7345749b\" data-element_type=\"widget\" data-e-type=\"widget\" data-widget_type=\"spacer.default\">\n\t\t\t\t<div class=\"elementor-widget-container\">\n\t\t\t\t\t\t\t<div class=\"elementor-spacer\">\n\t\t\t<div class=\"elementor-spacer-inner\"><\/div>\n\t\t<\/div>\n\t\t\t\t\t\t<\/div>\n\t\t\t\t<\/div>\n\t\t\t\t\t<\/div>\n\t\t<\/div>\n\t\t\t\t\t<\/div>\n\t\t<\/section>\n\t\t\t\t<\/div>\n\t\t","protected":false},"excerpt":{"rendered":"<p>Zucchini Gem\u00fcse Zucchini Gem\u00fcse Zucchini ist ein Sommerk\u00fcrbis, der oft bis zu einem Meter lang wird, aber meist halb so gro\u00df oder kleiner geerntet wird. Sie ist eine Kreuzung mit der Gurke. Wie andere K\u00fcrbissorten geh\u00f6rt sie zur Art Cucurbita pepo. Zucchini k\u00f6nnen dunkel- oder hellgr\u00fcn sein. Eine \u00e4hnliche Kreuzung, die Goldzucchini, ist leuchtend gelb &#8230; <a title=\"Zucchini\" class=\"read-more\" href=\"https:\/\/www.dcatala.com\/de\/gemuse\/zucchini\/\" aria-label=\"Mehr Informationen \u00fcber Zucchini\">Weiterlesen<\/a><\/p>\n","protected":false},"author":1,"featured_media":0,"parent":7736,"menu_order":0,"comment_status":"closed","ping_status":"closed","template":"elementor_header_footer","meta":{"footnotes":""},"class_list":["post-8036","page","type-page","status-publish"],"yoast_head":"<!-- This site is optimized with the Yoast SEO plugin v27.5 - https:\/\/yoast.com\/product\/yoast-seo-wordpress\/ -->\n<title>Zucchini - DOMINGO CATAL\u00c0<\/title>\n<meta name=\"description\" content=\"ZucchiniGem\u00fcse ZucchiniGem\u00fcse Zucchini ist ein Sommerk\u00fcrbis, der oft bis zu einem Meter lang wird, aber meist halb so gro\u00df oder kleiner geerntet wird. Sie\" \/>\n<meta name=\"robots\" content=\"index, follow, max-snippet:-1, max-image-preview:large, max-video-preview:-1\" \/>\n<link rel=\"canonical\" href=\"https:\/\/www.dcatala.com\/de\/gemuse\/zucchini\/\" \/>\n<script type=\"application\/ld+json\" class=\"yoast-schema-graph\">{\"@context\":\"https:\\\/\\\/schema.org\",\"@graph\":[{\"@type\":\"WebPage\",\"@id\":\"https:\\\/\\\/www.dcatala.com\\\/de\\\/gemuse\\\/zucchini\\\/\",\"url\":\"https:\\\/\\\/www.dcatala.com\\\/de\\\/gemuse\\\/zucchini\\\/\",\"name\":\"Zucchini - DOMINGO CATAL\u00c0\",\"isPartOf\":{\"@id\":\"https:\\\/\\\/www.dcatala.com\\\/de\\\/#website\"},\"primaryImageOfPage\":{\"@id\":\"https:\\\/\\\/www.dcatala.com\\\/de\\\/gemuse\\\/zucchini\\\/#primaryimage\"},\"image\":{\"@id\":\"https:\\\/\\\/www.dcatala.com\\\/de\\\/gemuse\\\/zucchini\\\/#primaryimage\"},\"thumbnailUrl\":\"https:\\\/\\\/www.dcatala.com\\\/wp-content\\\/uploads\\\/2020\\\/06\\\/mini.jpg\",\"datePublished\":\"2020-05-27T15:32:09+00:00\",\"dateModified\":\"2026-04-21T13:41:14+00:00\",\"description\":\"ZucchiniGem\u00fcse ZucchiniGem\u00fcse Zucchini ist ein Sommerk\u00fcrbis, der oft bis zu einem Meter lang wird, aber meist halb so gro\u00df oder kleiner geerntet wird. Sie\",\"breadcrumb\":{\"@id\":\"https:\\\/\\\/www.dcatala.com\\\/de\\\/gemuse\\\/zucchini\\\/#breadcrumb\"},\"inLanguage\":\"de\",\"potentialAction\":[{\"@type\":\"ReadAction\",\"target\":[\"https:\\\/\\\/www.dcatala.com\\\/de\\\/gemuse\\\/zucchini\\\/\"]}]},{\"@type\":\"ImageObject\",\"inLanguage\":\"de\",\"@id\":\"https:\\\/\\\/www.dcatala.com\\\/de\\\/gemuse\\\/zucchini\\\/#primaryimage\",\"url\":\"https:\\\/\\\/www.dcatala.com\\\/wp-content\\\/uploads\\\/2020\\\/06\\\/mini.jpg\",\"contentUrl\":\"https:\\\/\\\/www.dcatala.com\\\/wp-content\\\/uploads\\\/2020\\\/06\\\/mini.jpg\"},{\"@type\":\"BreadcrumbList\",\"@id\":\"https:\\\/\\\/www.dcatala.com\\\/de\\\/gemuse\\\/zucchini\\\/#breadcrumb\",\"itemListElement\":[{\"@type\":\"ListItem\",\"position\":1,\"name\":\"Portada\",\"item\":\"https:\\\/\\\/www.dcatala.com\\\/de\\\/\"},{\"@type\":\"ListItem\",\"position\":2,\"name\":\"Gem\u00fcse\",\"item\":\"https:\\\/\\\/www.dcatala.com\\\/de\\\/gemuse\\\/\"},{\"@type\":\"ListItem\",\"position\":3,\"name\":\"Zucchini\"}]},{\"@type\":\"WebSite\",\"@id\":\"https:\\\/\\\/www.dcatala.com\\\/de\\\/#website\",\"url\":\"https:\\\/\\\/www.dcatala.com\\\/de\\\/\",\"name\":\"DOMINGO CATAL\u00c0\",\"description\":\"Produciendo calidad\",\"publisher\":{\"@id\":\"https:\\\/\\\/www.dcatala.com\\\/de\\\/#organization\"},\"potentialAction\":[{\"@type\":\"SearchAction\",\"target\":{\"@type\":\"EntryPoint\",\"urlTemplate\":\"https:\\\/\\\/www.dcatala.com\\\/de\\\/?s={search_term_string}\"},\"query-input\":{\"@type\":\"PropertyValueSpecification\",\"valueRequired\":true,\"valueName\":\"search_term_string\"}}],\"inLanguage\":\"de\"},{\"@type\":\"Organization\",\"@id\":\"https:\\\/\\\/www.dcatala.com\\\/de\\\/#organization\",\"name\":\"D.Catala\",\"url\":\"https:\\\/\\\/www.dcatala.com\\\/de\\\/\",\"logo\":{\"@type\":\"ImageObject\",\"inLanguage\":\"de\",\"@id\":\"https:\\\/\\\/www.dcatala.com\\\/de\\\/#\\\/schema\\\/logo\\\/image\\\/\",\"url\":\"https:\\\/\\\/www.dcatala.com\\\/wp-content\\\/uploads\\\/2020\\\/05\\\/cropped-logo-d.catala-2-1-scaled-1.jpg\",\"contentUrl\":\"https:\\\/\\\/www.dcatala.com\\\/wp-content\\\/uploads\\\/2020\\\/05\\\/cropped-logo-d.catala-2-1-scaled-1.jpg\",\"width\":2560,\"height\":711,\"caption\":\"D.Catala\"},\"image\":{\"@id\":\"https:\\\/\\\/www.dcatala.com\\\/de\\\/#\\\/schema\\\/logo\\\/image\\\/\"}}]}<\/script>\n<!-- \/ Yoast SEO plugin. -->","yoast_head_json":{"title":"Zucchini - DOMINGO CATAL\u00c0","description":"ZucchiniGem\u00fcse ZucchiniGem\u00fcse Zucchini ist ein Sommerk\u00fcrbis, der oft bis zu einem Meter lang wird, aber meist halb so gro\u00df oder kleiner geerntet wird. Sie","robots":{"index":"index","follow":"follow","max-snippet":"max-snippet:-1","max-image-preview":"max-image-preview:large","max-video-preview":"max-video-preview:-1"},"canonical":"https:\/\/www.dcatala.com\/de\/gemuse\/zucchini\/","schema":{"@context":"https:\/\/schema.org","@graph":[{"@type":"WebPage","@id":"https:\/\/www.dcatala.com\/de\/gemuse\/zucchini\/","url":"https:\/\/www.dcatala.com\/de\/gemuse\/zucchini\/","name":"Zucchini - DOMINGO CATAL\u00c0","isPartOf":{"@id":"https:\/\/www.dcatala.com\/de\/#website"},"primaryImageOfPage":{"@id":"https:\/\/www.dcatala.com\/de\/gemuse\/zucchini\/#primaryimage"},"image":{"@id":"https:\/\/www.dcatala.com\/de\/gemuse\/zucchini\/#primaryimage"},"thumbnailUrl":"https:\/\/www.dcatala.com\/wp-content\/uploads\/2020\/06\/mini.jpg","datePublished":"2020-05-27T15:32:09+00:00","dateModified":"2026-04-21T13:41:14+00:00","description":"ZucchiniGem\u00fcse ZucchiniGem\u00fcse Zucchini ist ein Sommerk\u00fcrbis, der oft bis zu einem Meter lang wird, aber meist halb so gro\u00df oder kleiner geerntet wird. Sie","breadcrumb":{"@id":"https:\/\/www.dcatala.com\/de\/gemuse\/zucchini\/#breadcrumb"},"inLanguage":"de","potentialAction":[{"@type":"ReadAction","target":["https:\/\/www.dcatala.com\/de\/gemuse\/zucchini\/"]}]},{"@type":"ImageObject","inLanguage":"de","@id":"https:\/\/www.dcatala.com\/de\/gemuse\/zucchini\/#primaryimage","url":"https:\/\/www.dcatala.com\/wp-content\/uploads\/2020\/06\/mini.jpg","contentUrl":"https:\/\/www.dcatala.com\/wp-content\/uploads\/2020\/06\/mini.jpg"},{"@type":"BreadcrumbList","@id":"https:\/\/www.dcatala.com\/de\/gemuse\/zucchini\/#breadcrumb","itemListElement":[{"@type":"ListItem","position":1,"name":"Portada","item":"https:\/\/www.dcatala.com\/de\/"},{"@type":"ListItem","position":2,"name":"Gem\u00fcse","item":"https:\/\/www.dcatala.com\/de\/gemuse\/"},{"@type":"ListItem","position":3,"name":"Zucchini"}]},{"@type":"WebSite","@id":"https:\/\/www.dcatala.com\/de\/#website","url":"https:\/\/www.dcatala.com\/de\/","name":"DOMINGO CATAL\u00c0","description":"Produciendo calidad","publisher":{"@id":"https:\/\/www.dcatala.com\/de\/#organization"},"potentialAction":[{"@type":"SearchAction","target":{"@type":"EntryPoint","urlTemplate":"https:\/\/www.dcatala.com\/de\/?s={search_term_string}"},"query-input":{"@type":"PropertyValueSpecification","valueRequired":true,"valueName":"search_term_string"}}],"inLanguage":"de"},{"@type":"Organization","@id":"https:\/\/www.dcatala.com\/de\/#organization","name":"D.Catala","url":"https:\/\/www.dcatala.com\/de\/","logo":{"@type":"ImageObject","inLanguage":"de","@id":"https:\/\/www.dcatala.com\/de\/#\/schema\/logo\/image\/","url":"https:\/\/www.dcatala.com\/wp-content\/uploads\/2020\/05\/cropped-logo-d.catala-2-1-scaled-1.jpg","contentUrl":"https:\/\/www.dcatala.com\/wp-content\/uploads\/2020\/05\/cropped-logo-d.catala-2-1-scaled-1.jpg","width":2560,"height":711,"caption":"D.Catala"},"image":{"@id":"https:\/\/www.dcatala.com\/de\/#\/schema\/logo\/image\/"}}]}},"_links":{"self":[{"href":"https:\/\/www.dcatala.com\/de\/wp-json\/wp\/v2\/pages\/8036","targetHints":{"allow":["GET"]}}],"collection":[{"href":"https:\/\/www.dcatala.com\/de\/wp-json\/wp\/v2\/pages"}],"about":[{"href":"https:\/\/www.dcatala.com\/de\/wp-json\/wp\/v2\/types\/page"}],"author":[{"embeddable":true,"href":"https:\/\/www.dcatala.com\/de\/wp-json\/wp\/v2\/users\/1"}],"replies":[{"embeddable":true,"href":"https:\/\/www.dcatala.com\/de\/wp-json\/wp\/v2\/comments?post=8036"}],"version-history":[{"count":2,"href":"https:\/\/www.dcatala.com\/de\/wp-json\/wp\/v2\/pages\/8036\/revisions"}],"predecessor-version":[{"id":10250,"href":"https:\/\/www.dcatala.com\/de\/wp-json\/wp\/v2\/pages\/8036\/revisions\/10250"}],"up":[{"embeddable":true,"href":"https:\/\/www.dcatala.com\/de\/wp-json\/wp\/v2\/pages\/7736"}],"wp:attachment":[{"href":"https:\/\/www.dcatala.com\/de\/wp-json\/wp\/v2\/media?parent=8036"}],"curies":[{"name":"wp","href":"https:\/\/api.w.org\/{rel}","templated":true}]}}