{"id":8061,"date":"2020-05-27T15:32:25","date_gmt":"2020-05-27T15:32:25","guid":{"rendered":"https:\/\/www.dcatala.com\/gemuse\/pepino\/"},"modified":"2026-04-21T15:41:23","modified_gmt":"2026-04-21T13:41:23","slug":"gurken","status":"publish","type":"page","link":"https:\/\/www.dcatala.com\/de\/gemuse\/gurken\/","title":{"rendered":"Gurken"},"content":{"rendered":"\t\t<div data-elementor-type=\"wp-page\" data-elementor-id=\"8061\" class=\"elementor elementor-8061 elementor-6752\" data-elementor-post-type=\"page\">\n\t\t\t\t\t\t<section class=\"elementor-section elementor-top-section elementor-element elementor-element-6693d268 elementor-section-full_width elementor-section-height-min-height elementor-section-height-default elementor-section-items-middle\" data-id=\"6693d268\" data-element_type=\"section\" data-e-type=\"section\" data-settings=\"{&quot;background_background&quot;:&quot;classic&quot;}\">\n\t\t\t\t\t\t<div class=\"elementor-container elementor-column-gap-default\">\n\t\t\t\t\t<div class=\"elementor-column elementor-col-100 elementor-top-column elementor-element elementor-element-a4d7bff elementor-invisible\" data-id=\"a4d7bff\" data-element_type=\"column\" data-e-type=\"column\" data-settings=\"{&quot;animation&quot;:&quot;fadeIn&quot;}\">\n\t\t\t<div class=\"elementor-widget-wrap elementor-element-populated\">\n\t\t\t\t\t\t<div class=\"elementor-element elementor-element-5bdeeb95 elementor--h-position-center elementor--v-position-middle elementor-widget elementor-widget-slides\" data-id=\"5bdeeb95\" data-element_type=\"widget\" data-e-type=\"widget\" data-settings=\"{&quot;transition&quot;:&quot;fade&quot;,&quot;navigation&quot;:&quot;none&quot;,&quot;autoplay&quot;:&quot;yes&quot;,&quot;autoplay_speed&quot;:5000,&quot;infinite&quot;:&quot;yes&quot;,&quot;transition_speed&quot;:500}\" data-widget_type=\"slides.default\">\n\t\t\t\t<div class=\"elementor-widget-container\">\n\t\t\t\t\t\t\t\t\t<div class=\"elementor-swiper\">\n\t\t\t\t\t<div class=\"elementor-slides-wrapper elementor-main-swiper swiper\" role=\"region\" aria-roledescription=\"carousel\" aria-label=\"Diapositivas\" dir=\"ltr\" data-animation=\"fadeInUp\">\n\t\t\t\t<div class=\"swiper-wrapper elementor-slides\">\n\t\t\t\t\t\t\t\t\t\t<div class=\"elementor-repeater-item-3cbc0bf swiper-slide\" role=\"group\" aria-roledescription=\"slide\"><div class=\"swiper-slide-bg elementor-ken-burns elementor-ken-burns--in\" role=\"img\" aria-label=\"pepino1\"><\/div><div class=\"swiper-slide-inner\" ><div class=\"swiper-slide-contents\"><div class=\"elementor-slide-heading\">Gurken<\/div><div class=\"elementor-slide-description\"><p>Gem\u00fcse<\/p>\n<\/div><\/div><\/div><\/div><div class=\"elementor-repeater-item-d51a8e9 swiper-slide\" role=\"group\" aria-roledescription=\"slide\"><div class=\"swiper-slide-bg elementor-ken-burns elementor-ken-burns--out\" role=\"img\" aria-label=\"pepino1\"><\/div><div class=\"swiper-slide-inner\" ><div class=\"swiper-slide-contents\"><div class=\"elementor-slide-heading\">Gurken<\/div><div class=\"elementor-slide-description\"><p>Gem\u00fcse<\/p>\n<\/div><\/div><\/div><\/div>\t\t\t\t<\/div>\n\t\t\t\t\t\t\t\t\t\t\t\t\t\t\t\t\t\t\t\t\t<\/div>\n\t\t\t\t<\/div>\n\t\t\t\t\t\t\t\t<\/div>\n\t\t\t\t<\/div>\n\t\t\t\t\t<\/div>\n\t\t<\/div>\n\t\t\t\t\t<\/div>\n\t\t<\/section>\n\t\t\t\t<section class=\"elementor-section elementor-top-section elementor-element elementor-element-75b42eef elementor-section-boxed elementor-section-height-default elementor-section-height-default\" data-id=\"75b42eef\" data-element_type=\"section\" data-e-type=\"section\" data-settings=\"{&quot;background_background&quot;:&quot;classic&quot;}\">\n\t\t\t\t\t\t<div class=\"elementor-container elementor-column-gap-default\">\n\t\t\t\t\t<div class=\"elementor-column elementor-col-100 elementor-top-column elementor-element elementor-element-6e1a686d\" data-id=\"6e1a686d\" data-element_type=\"column\" data-e-type=\"column\">\n\t\t\t<div class=\"elementor-widget-wrap elementor-element-populated\">\n\t\t\t\t\t\t<div class=\"elementor-element elementor-element-7f9dd7d6 elementor-widget elementor-widget-text-editor\" data-id=\"7f9dd7d6\" data-element_type=\"widget\" data-e-type=\"widget\" data-widget_type=\"text-editor.default\">\n\t\t\t\t<div class=\"elementor-widget-container\">\n\t\t\t\t\t\t\t\t\t<div class=\"col-xs-12 col-sm-6 col-md-3 col-lg-3\"><div class=\"texte\"><div class=\"col-xs-12 col-sm-6 col-md-3 col-lg-3\"><div class=\"texte\"><p>Die Gurke ist eine Kletterpflanze, die im Boden wurzelt und an Rankgittern oder anderen St\u00fctzen emporw\u00e4chst, indem sie sich mit feinen, spiralf\u00f6rmigen Ranken darum windet. Die Pflanze hat gro\u00dfe Bl\u00e4tter, die die Frucht bedecken. Die Gurke ist ann\u00e4hernd zylindrisch, l\u00e4nglich mit schmalen Enden und kann bis zu 60 Zentimeter lang und 10 Zentimeter im Durchmesser werden. Da sie einen geschlossenen Samen besitzt und aus einer Bl\u00fcte entsteht, z\u00e4hlt die Gurke botanisch gesehen zu den Fr\u00fcchten. Wie Tomaten und K\u00fcrbis wird sie jedoch oft als Gem\u00fcse betrachtet und entsprechend zubereitet und verzehrt. Gurken bestehen typischerweise zu \u00fcber 90 % aus Wasser.<\/p><\/div><\/div><\/div><\/div>\t\t\t\t\t\t\t\t<\/div>\n\t\t\t\t<\/div>\n\t\t\t\t\t<\/div>\n\t\t<\/div>\n\t\t\t\t\t<\/div>\n\t\t<\/section>\n\t\t\t\t<section class=\"elementor-section elementor-top-section elementor-element elementor-element-36a52d94 elementor-section-boxed elementor-section-height-default elementor-section-height-default\" data-id=\"36a52d94\" data-element_type=\"section\" data-e-type=\"section\">\n\t\t\t\t\t\t<div class=\"elementor-container elementor-column-gap-default\">\n\t\t\t\t\t<div class=\"elementor-column elementor-col-100 elementor-top-column elementor-element elementor-element-579c633f\" data-id=\"579c633f\" data-element_type=\"column\" data-e-type=\"column\">\n\t\t\t<div class=\"elementor-widget-wrap elementor-element-populated\">\n\t\t\t\t\t\t<div class=\"elementor-element elementor-element-5d46721b elementor-widget elementor-widget-heading\" data-id=\"5d46721b\" data-element_type=\"widget\" data-e-type=\"widget\" data-widget_type=\"heading.default\">\n\t\t\t\t<div class=\"elementor-widget-container\">\n\t\t\t\t\t<h2 class=\"elementor-heading-title elementor-size-default\">Verpackungen<\/h2>\t\t\t\t<\/div>\n\t\t\t\t<\/div>\n\t\t\t\t\t<\/div>\n\t\t<\/div>\n\t\t\t\t\t<\/div>\n\t\t<\/section>\n\t\t\t\t<section class=\"elementor-section elementor-top-section elementor-element elementor-element-5cbdf620 elementor-section-boxed elementor-section-height-default elementor-section-height-default\" data-id=\"5cbdf620\" data-element_type=\"section\" data-e-type=\"section\">\n\t\t\t\t\t\t<div class=\"elementor-container elementor-column-gap-default\">\n\t\t\t\t\t<div class=\"elementor-column elementor-col-33 elementor-top-column elementor-element elementor-element-e30e74b\" data-id=\"e30e74b\" data-element_type=\"column\" data-e-type=\"column\">\n\t\t\t<div class=\"elementor-widget-wrap elementor-element-populated\">\n\t\t\t\t\t\t<div class=\"elementor-element elementor-element-1fe905cf elementor-invisible elementor-widget elementor-widget-image\" data-id=\"1fe905cf\" data-element_type=\"widget\" data-e-type=\"widget\" data-settings=\"{&quot;_animation&quot;:&quot;fadeIn&quot;}\" data-widget_type=\"image.default\">\n\t\t\t\t<div class=\"elementor-widget-container\">\n\t\t\t\t\t\t\t\t\t\t\t\t\t\t\t<img fetchpriority=\"high\" decoding=\"async\" width=\"407\" height=\"278\" src=\"https:\/\/www.dcatala.com\/wp-content\/uploads\/2020\/06\/mini.jpg\" class=\"elementor-animation-bounce-in attachment-large size-large wp-image-7827\" alt=\"\" srcset=\"https:\/\/www.dcatala.com\/wp-content\/uploads\/2020\/06\/mini.jpg 407w, https:\/\/www.dcatala.com\/wp-content\/uploads\/2020\/06\/mini-300x205.jpg 300w\" sizes=\"(max-width: 407px) 100vw, 407px\" \/>\t\t\t\t\t\t\t\t\t\t\t\t\t\t\t<\/div>\n\t\t\t\t<\/div>\n\t\t\t\t<div class=\"elementor-element elementor-element-7e1f5d4b elementor-widget elementor-widget-text-editor\" data-id=\"7e1f5d4b\" data-element_type=\"widget\" data-e-type=\"widget\" data-widget_type=\"text-editor.default\">\n\t\t\t\t<div class=\"elementor-widget-container\">\n\t\t\t\t\t\t\t\t\t<p>Carton box 129 x Filmed 500\/600gr<br \/><strong>Abmessungen:<\/strong>\u00a040 x 3 x 14<br \/><strong>Gewicht ungef\u00e4hr Box:<\/strong>\u00a06,5 Kg<br \/><strong>Kartons pro Pallete:<\/strong><br \/>ExportPal (1200&#215;1000): 150<\/p>\t\t\t\t\t\t\t\t<\/div>\n\t\t\t\t<\/div>\n\t\t\t\t\t<\/div>\n\t\t<\/div>\n\t\t\t\t<div class=\"elementor-column elementor-col-33 elementor-top-column elementor-element elementor-element-25c63b9e\" data-id=\"25c63b9e\" data-element_type=\"column\" data-e-type=\"column\">\n\t\t\t<div class=\"elementor-widget-wrap elementor-element-populated\">\n\t\t\t\t\t\t<div class=\"elementor-element elementor-element-78b226cf elementor-invisible elementor-widget elementor-widget-image\" data-id=\"78b226cf\" data-element_type=\"widget\" data-e-type=\"widget\" data-settings=\"{&quot;_animation&quot;:&quot;fadeIn&quot;}\" data-widget_type=\"image.default\">\n\t\t\t\t<div class=\"elementor-widget-container\">\n\t\t\t\t\t\t\t\t\t\t\t\t\t\t\t<img fetchpriority=\"high\" decoding=\"async\" width=\"407\" height=\"278\" src=\"https:\/\/www.dcatala.com\/wp-content\/uploads\/2020\/06\/mini.jpg\" class=\"elementor-animation-bounce-in attachment-large size-large wp-image-7827\" alt=\"\" srcset=\"https:\/\/www.dcatala.com\/wp-content\/uploads\/2020\/06\/mini.jpg 407w, https:\/\/www.dcatala.com\/wp-content\/uploads\/2020\/06\/mini-300x205.jpg 300w\" sizes=\"(max-width: 407px) 100vw, 407px\" \/>\t\t\t\t\t\t\t\t\t\t\t\t\t\t\t<\/div>\n\t\t\t\t<\/div>\n\t\t\t\t<div class=\"elementor-element elementor-element-3f9b7208 elementor-widget elementor-widget-text-editor\" data-id=\"3f9b7208\" data-element_type=\"widget\" data-e-type=\"widget\" data-widget_type=\"text-editor.default\">\n\t\t\t\t<div class=\"elementor-widget-container\">\n\t\t\t\t\t\t\t\t\t<p>Carton box 12 x 350\/400gr filmed<br \/><strong>Abmessungen:<\/strong>\u00a040 x 3 x 11<br \/><strong>Gewicht ungef\u00e4hr Box:<\/strong>\u00a04,5 Kg<br \/><strong>Kartons pro Pallete:<\/strong><br \/>EuroPal (1000&#215;800): 144<br \/>ExportPal (1200&#215;1000): 180<\/p>\t\t\t\t\t\t\t\t<\/div>\n\t\t\t\t<\/div>\n\t\t\t\t\t<\/div>\n\t\t<\/div>\n\t\t\t\t<div class=\"elementor-column elementor-col-33 elementor-top-column elementor-element elementor-element-580eec1e\" data-id=\"580eec1e\" data-element_type=\"column\" data-e-type=\"column\">\n\t\t\t<div class=\"elementor-widget-wrap elementor-element-populated\">\n\t\t\t\t\t\t<div class=\"elementor-element elementor-element-60744fb elementor-invisible elementor-widget elementor-widget-image\" data-id=\"60744fb\" data-element_type=\"widget\" data-e-type=\"widget\" data-settings=\"{&quot;_animation&quot;:&quot;fadeIn&quot;}\" data-widget_type=\"image.default\">\n\t\t\t\t<div class=\"elementor-widget-container\">\n\t\t\t\t\t\t\t\t\t\t\t\t\t\t\t<img fetchpriority=\"high\" decoding=\"async\" width=\"407\" height=\"278\" src=\"https:\/\/www.dcatala.com\/wp-content\/uploads\/2020\/06\/mini.jpg\" class=\"elementor-animation-bounce-in attachment-large size-large wp-image-7827\" alt=\"\" srcset=\"https:\/\/www.dcatala.com\/wp-content\/uploads\/2020\/06\/mini.jpg 407w, https:\/\/www.dcatala.com\/wp-content\/uploads\/2020\/06\/mini-300x205.jpg 300w\" sizes=\"(max-width: 407px) 100vw, 407px\" \/>\t\t\t\t\t\t\t\t\t\t\t\t\t\t\t<\/div>\n\t\t\t\t<\/div>\n\t\t\t\t<div class=\"elementor-element elementor-element-79fea38c elementor-widget elementor-widget-text-editor\" data-id=\"79fea38c\" data-element_type=\"widget\" data-e-type=\"widget\" data-widget_type=\"text-editor.default\">\n\t\t\t\t<div class=\"elementor-widget-container\">\n\t\t\t\t\t\t\t\t\t<p>Carton box 12 x filmed 400\/500gr<br \/><strong>Abmessungen:<\/strong>\u00a040 x 3 x 11<br \/><strong>Gewicht ungef\u00e4hr Box:<\/strong>\u00a05,5 Kg<br \/><strong>Kartons pro Pallete:<\/strong><br \/>ExportPal (1200&#215;1000): 180<\/p>\t\t\t\t\t\t\t\t<\/div>\n\t\t\t\t<\/div>\n\t\t\t\t\t<\/div>\n\t\t<\/div>\n\t\t\t\t\t<\/div>\n\t\t<\/section>\n\t\t\t\t<section class=\"elementor-section elementor-top-section elementor-element elementor-element-454c8c1b elementor-section-boxed elementor-section-height-default elementor-section-height-default\" data-id=\"454c8c1b\" data-element_type=\"section\" data-e-type=\"section\">\n\t\t\t\t\t\t<div class=\"elementor-container elementor-column-gap-default\">\n\t\t\t\t\t<div class=\"elementor-column elementor-col-100 elementor-top-column elementor-element elementor-element-4bfe589c\" data-id=\"4bfe589c\" data-element_type=\"column\" data-e-type=\"column\">\n\t\t\t<div class=\"elementor-widget-wrap elementor-element-populated\">\n\t\t\t\t\t\t<div class=\"elementor-element elementor-element-50bc012f elementor-widget elementor-widget-spacer\" data-id=\"50bc012f\" data-element_type=\"widget\" data-e-type=\"widget\" data-widget_type=\"spacer.default\">\n\t\t\t\t<div class=\"elementor-widget-container\">\n\t\t\t\t\t\t\t<div class=\"elementor-spacer\">\n\t\t\t<div class=\"elementor-spacer-inner\"><\/div>\n\t\t<\/div>\n\t\t\t\t\t\t<\/div>\n\t\t\t\t<\/div>\n\t\t\t\t\t<\/div>\n\t\t<\/div>\n\t\t\t\t\t<\/div>\n\t\t<\/section>\n\t\t\t\t<\/div>\n\t\t","protected":false},"excerpt":{"rendered":"<p>Gurken Gem\u00fcse Gurken Gem\u00fcse Die Gurke ist eine Kletterpflanze, die im Boden wurzelt und an Rankgittern oder anderen St\u00fctzen emporw\u00e4chst, indem sie sich mit feinen, spiralf\u00f6rmigen Ranken darum windet. Die Pflanze hat gro\u00dfe Bl\u00e4tter, die die Frucht bedecken. Die Gurke ist ann\u00e4hernd zylindrisch, l\u00e4nglich mit schmalen Enden und kann bis zu 60 Zentimeter lang und &#8230; <a title=\"Gurken\" class=\"read-more\" href=\"https:\/\/www.dcatala.com\/de\/gemuse\/gurken\/\" aria-label=\"Mehr Informationen \u00fcber Gurken\">Weiterlesen<\/a><\/p>\n","protected":false},"author":1,"featured_media":0,"parent":7736,"menu_order":0,"comment_status":"closed","ping_status":"closed","template":"elementor_header_footer","meta":{"footnotes":""},"class_list":["post-8061","page","type-page","status-publish"],"yoast_head":"<!-- This site is optimized with the Yoast SEO plugin v27.5 - https:\/\/yoast.com\/product\/yoast-seo-wordpress\/ -->\n<title>Gurken - DOMINGO CATAL\u00c0<\/title>\n<meta name=\"description\" content=\"GurkenGem\u00fcse GurkenGem\u00fcse Die Gurke ist eine Kletterpflanze, die im Boden wurzelt und an Rankgittern oder anderen St\u00fctzen emporw\u00e4chst, indem sie sich mit\" \/>\n<meta name=\"robots\" content=\"index, follow, max-snippet:-1, max-image-preview:large, max-video-preview:-1\" \/>\n<link rel=\"canonical\" href=\"https:\/\/www.dcatala.com\/de\/gemuse\/gurken\/\" \/>\n<meta name=\"twitter:label1\" content=\"Gesch\u00e4tzte Lesezeit\" \/>\n\t<meta name=\"twitter:data1\" content=\"1\u00a0Minute\" \/>\n<script type=\"application\/ld+json\" class=\"yoast-schema-graph\">{\"@context\":\"https:\\\/\\\/schema.org\",\"@graph\":[{\"@type\":\"WebPage\",\"@id\":\"https:\\\/\\\/www.dcatala.com\\\/de\\\/gemuse\\\/gurken\\\/\",\"url\":\"https:\\\/\\\/www.dcatala.com\\\/de\\\/gemuse\\\/gurken\\\/\",\"name\":\"Gurken - DOMINGO CATAL\u00c0\",\"isPartOf\":{\"@id\":\"https:\\\/\\\/www.dcatala.com\\\/de\\\/#website\"},\"primaryImageOfPage\":{\"@id\":\"https:\\\/\\\/www.dcatala.com\\\/de\\\/gemuse\\\/gurken\\\/#primaryimage\"},\"image\":{\"@id\":\"https:\\\/\\\/www.dcatala.com\\\/de\\\/gemuse\\\/gurken\\\/#primaryimage\"},\"thumbnailUrl\":\"https:\\\/\\\/www.dcatala.com\\\/wp-content\\\/uploads\\\/2020\\\/06\\\/mini.jpg\",\"datePublished\":\"2020-05-27T15:32:25+00:00\",\"dateModified\":\"2026-04-21T13:41:23+00:00\",\"description\":\"GurkenGem\u00fcse GurkenGem\u00fcse Die Gurke ist eine Kletterpflanze, die im Boden wurzelt und an Rankgittern oder anderen St\u00fctzen emporw\u00e4chst, indem sie sich mit\",\"breadcrumb\":{\"@id\":\"https:\\\/\\\/www.dcatala.com\\\/de\\\/gemuse\\\/gurken\\\/#breadcrumb\"},\"inLanguage\":\"de\",\"potentialAction\":[{\"@type\":\"ReadAction\",\"target\":[\"https:\\\/\\\/www.dcatala.com\\\/de\\\/gemuse\\\/gurken\\\/\"]}]},{\"@type\":\"ImageObject\",\"inLanguage\":\"de\",\"@id\":\"https:\\\/\\\/www.dcatala.com\\\/de\\\/gemuse\\\/gurken\\\/#primaryimage\",\"url\":\"https:\\\/\\\/www.dcatala.com\\\/wp-content\\\/uploads\\\/2020\\\/06\\\/mini.jpg\",\"contentUrl\":\"https:\\\/\\\/www.dcatala.com\\\/wp-content\\\/uploads\\\/2020\\\/06\\\/mini.jpg\"},{\"@type\":\"BreadcrumbList\",\"@id\":\"https:\\\/\\\/www.dcatala.com\\\/de\\\/gemuse\\\/gurken\\\/#breadcrumb\",\"itemListElement\":[{\"@type\":\"ListItem\",\"position\":1,\"name\":\"Portada\",\"item\":\"https:\\\/\\\/www.dcatala.com\\\/de\\\/\"},{\"@type\":\"ListItem\",\"position\":2,\"name\":\"Gem\u00fcse\",\"item\":\"https:\\\/\\\/www.dcatala.com\\\/de\\\/gemuse\\\/\"},{\"@type\":\"ListItem\",\"position\":3,\"name\":\"Gurken\"}]},{\"@type\":\"WebSite\",\"@id\":\"https:\\\/\\\/www.dcatala.com\\\/de\\\/#website\",\"url\":\"https:\\\/\\\/www.dcatala.com\\\/de\\\/\",\"name\":\"DOMINGO CATAL\u00c0\",\"description\":\"Produciendo calidad\",\"publisher\":{\"@id\":\"https:\\\/\\\/www.dcatala.com\\\/de\\\/#organization\"},\"potentialAction\":[{\"@type\":\"SearchAction\",\"target\":{\"@type\":\"EntryPoint\",\"urlTemplate\":\"https:\\\/\\\/www.dcatala.com\\\/de\\\/?s={search_term_string}\"},\"query-input\":{\"@type\":\"PropertyValueSpecification\",\"valueRequired\":true,\"valueName\":\"search_term_string\"}}],\"inLanguage\":\"de\"},{\"@type\":\"Organization\",\"@id\":\"https:\\\/\\\/www.dcatala.com\\\/de\\\/#organization\",\"name\":\"D.Catala\",\"url\":\"https:\\\/\\\/www.dcatala.com\\\/de\\\/\",\"logo\":{\"@type\":\"ImageObject\",\"inLanguage\":\"de\",\"@id\":\"https:\\\/\\\/www.dcatala.com\\\/de\\\/#\\\/schema\\\/logo\\\/image\\\/\",\"url\":\"https:\\\/\\\/www.dcatala.com\\\/wp-content\\\/uploads\\\/2020\\\/05\\\/cropped-logo-d.catala-2-1-scaled-1.jpg\",\"contentUrl\":\"https:\\\/\\\/www.dcatala.com\\\/wp-content\\\/uploads\\\/2020\\\/05\\\/cropped-logo-d.catala-2-1-scaled-1.jpg\",\"width\":2560,\"height\":711,\"caption\":\"D.Catala\"},\"image\":{\"@id\":\"https:\\\/\\\/www.dcatala.com\\\/de\\\/#\\\/schema\\\/logo\\\/image\\\/\"}}]}<\/script>\n<!-- \/ Yoast SEO plugin. -->","yoast_head_json":{"title":"Gurken - DOMINGO CATAL\u00c0","description":"GurkenGem\u00fcse GurkenGem\u00fcse Die Gurke ist eine Kletterpflanze, die im Boden wurzelt und an Rankgittern oder anderen St\u00fctzen emporw\u00e4chst, indem sie sich mit","robots":{"index":"index","follow":"follow","max-snippet":"max-snippet:-1","max-image-preview":"max-image-preview:large","max-video-preview":"max-video-preview:-1"},"canonical":"https:\/\/www.dcatala.com\/de\/gemuse\/gurken\/","twitter_misc":{"Gesch\u00e4tzte Lesezeit":"1\u00a0Minute"},"schema":{"@context":"https:\/\/schema.org","@graph":[{"@type":"WebPage","@id":"https:\/\/www.dcatala.com\/de\/gemuse\/gurken\/","url":"https:\/\/www.dcatala.com\/de\/gemuse\/gurken\/","name":"Gurken - DOMINGO CATAL\u00c0","isPartOf":{"@id":"https:\/\/www.dcatala.com\/de\/#website"},"primaryImageOfPage":{"@id":"https:\/\/www.dcatala.com\/de\/gemuse\/gurken\/#primaryimage"},"image":{"@id":"https:\/\/www.dcatala.com\/de\/gemuse\/gurken\/#primaryimage"},"thumbnailUrl":"https:\/\/www.dcatala.com\/wp-content\/uploads\/2020\/06\/mini.jpg","datePublished":"2020-05-27T15:32:25+00:00","dateModified":"2026-04-21T13:41:23+00:00","description":"GurkenGem\u00fcse GurkenGem\u00fcse Die Gurke ist eine Kletterpflanze, die im Boden wurzelt und an Rankgittern oder anderen St\u00fctzen emporw\u00e4chst, indem sie sich mit","breadcrumb":{"@id":"https:\/\/www.dcatala.com\/de\/gemuse\/gurken\/#breadcrumb"},"inLanguage":"de","potentialAction":[{"@type":"ReadAction","target":["https:\/\/www.dcatala.com\/de\/gemuse\/gurken\/"]}]},{"@type":"ImageObject","inLanguage":"de","@id":"https:\/\/www.dcatala.com\/de\/gemuse\/gurken\/#primaryimage","url":"https:\/\/www.dcatala.com\/wp-content\/uploads\/2020\/06\/mini.jpg","contentUrl":"https:\/\/www.dcatala.com\/wp-content\/uploads\/2020\/06\/mini.jpg"},{"@type":"BreadcrumbList","@id":"https:\/\/www.dcatala.com\/de\/gemuse\/gurken\/#breadcrumb","itemListElement":[{"@type":"ListItem","position":1,"name":"Portada","item":"https:\/\/www.dcatala.com\/de\/"},{"@type":"ListItem","position":2,"name":"Gem\u00fcse","item":"https:\/\/www.dcatala.com\/de\/gemuse\/"},{"@type":"ListItem","position":3,"name":"Gurken"}]},{"@type":"WebSite","@id":"https:\/\/www.dcatala.com\/de\/#website","url":"https:\/\/www.dcatala.com\/de\/","name":"DOMINGO CATAL\u00c0","description":"Produciendo calidad","publisher":{"@id":"https:\/\/www.dcatala.com\/de\/#organization"},"potentialAction":[{"@type":"SearchAction","target":{"@type":"EntryPoint","urlTemplate":"https:\/\/www.dcatala.com\/de\/?s={search_term_string}"},"query-input":{"@type":"PropertyValueSpecification","valueRequired":true,"valueName":"search_term_string"}}],"inLanguage":"de"},{"@type":"Organization","@id":"https:\/\/www.dcatala.com\/de\/#organization","name":"D.Catala","url":"https:\/\/www.dcatala.com\/de\/","logo":{"@type":"ImageObject","inLanguage":"de","@id":"https:\/\/www.dcatala.com\/de\/#\/schema\/logo\/image\/","url":"https:\/\/www.dcatala.com\/wp-content\/uploads\/2020\/05\/cropped-logo-d.catala-2-1-scaled-1.jpg","contentUrl":"https:\/\/www.dcatala.com\/wp-content\/uploads\/2020\/05\/cropped-logo-d.catala-2-1-scaled-1.jpg","width":2560,"height":711,"caption":"D.Catala"},"image":{"@id":"https:\/\/www.dcatala.com\/de\/#\/schema\/logo\/image\/"}}]}},"_links":{"self":[{"href":"https:\/\/www.dcatala.com\/de\/wp-json\/wp\/v2\/pages\/8061","targetHints":{"allow":["GET"]}}],"collection":[{"href":"https:\/\/www.dcatala.com\/de\/wp-json\/wp\/v2\/pages"}],"about":[{"href":"https:\/\/www.dcatala.com\/de\/wp-json\/wp\/v2\/types\/page"}],"author":[{"embeddable":true,"href":"https:\/\/www.dcatala.com\/de\/wp-json\/wp\/v2\/users\/1"}],"replies":[{"embeddable":true,"href":"https:\/\/www.dcatala.com\/de\/wp-json\/wp\/v2\/comments?post=8061"}],"version-history":[{"count":2,"href":"https:\/\/www.dcatala.com\/de\/wp-json\/wp\/v2\/pages\/8061\/revisions"}],"predecessor-version":[{"id":10267,"href":"https:\/\/www.dcatala.com\/de\/wp-json\/wp\/v2\/pages\/8061\/revisions\/10267"}],"up":[{"embeddable":true,"href":"https:\/\/www.dcatala.com\/de\/wp-json\/wp\/v2\/pages\/7736"}],"wp:attachment":[{"href":"https:\/\/www.dcatala.com\/de\/wp-json\/wp\/v2\/media?parent=8061"}],"curies":[{"name":"wp","href":"https:\/\/api.w.org\/{rel}","templated":true}]}}