{"id":8110,"date":"2020-05-27T15:33:00","date_gmt":"2020-05-27T15:33:00","guid":{"rendered":"https:\/\/www.dcatala.com\/gemuse\/cebolla\/"},"modified":"2026-04-21T15:41:13","modified_gmt":"2026-04-21T13:41:13","slug":"zwiebel","status":"publish","type":"page","link":"https:\/\/www.dcatala.com\/de\/gemuse\/zwiebel\/","title":{"rendered":"Zwiebel"},"content":{"rendered":"\t\t<div data-elementor-type=\"wp-page\" data-elementor-id=\"8110\" class=\"elementor elementor-8110 elementor-6756\" data-elementor-post-type=\"page\">\n\t\t\t\t\t\t<section class=\"elementor-section elementor-top-section elementor-element elementor-element-50824722 elementor-section-full_width elementor-section-height-min-height elementor-section-height-default elementor-section-items-middle\" data-id=\"50824722\" data-element_type=\"section\" data-e-type=\"section\" data-settings=\"{&quot;background_background&quot;:&quot;classic&quot;}\">\n\t\t\t\t\t\t<div class=\"elementor-container elementor-column-gap-default\">\n\t\t\t\t\t<div class=\"elementor-column elementor-col-100 elementor-top-column elementor-element elementor-element-68a878da elementor-invisible\" data-id=\"68a878da\" data-element_type=\"column\" data-e-type=\"column\" data-settings=\"{&quot;animation&quot;:&quot;fadeIn&quot;}\">\n\t\t\t<div class=\"elementor-widget-wrap elementor-element-populated\">\n\t\t\t\t\t\t<div class=\"elementor-element elementor-element-27bfa9c8 elementor--h-position-center elementor--v-position-middle elementor-widget elementor-widget-slides\" data-id=\"27bfa9c8\" data-element_type=\"widget\" data-e-type=\"widget\" data-settings=\"{&quot;transition&quot;:&quot;fade&quot;,&quot;navigation&quot;:&quot;none&quot;,&quot;autoplay&quot;:&quot;yes&quot;,&quot;autoplay_speed&quot;:5000,&quot;infinite&quot;:&quot;yes&quot;,&quot;transition_speed&quot;:500}\" data-widget_type=\"slides.default\">\n\t\t\t\t<div class=\"elementor-widget-container\">\n\t\t\t\t\t\t\t\t\t<div class=\"elementor-swiper\">\n\t\t\t\t\t<div class=\"elementor-slides-wrapper elementor-main-swiper swiper\" role=\"region\" aria-roledescription=\"carousel\" aria-label=\"Diapositivas\" dir=\"ltr\" data-animation=\"fadeInUp\">\n\t\t\t\t<div class=\"swiper-wrapper elementor-slides\">\n\t\t\t\t\t\t\t\t\t\t<div class=\"elementor-repeater-item-3cbc0bf swiper-slide\" role=\"group\" aria-roledescription=\"slide\"><div class=\"swiper-slide-bg elementor-ken-burns elementor-ken-burns--in\" role=\"img\" aria-label=\"Two onions on a light brown wood cutting board.\"><\/div><div class=\"swiper-slide-inner\" ><div class=\"swiper-slide-contents\"><div class=\"elementor-slide-heading\">Zwiebel<\/div><div class=\"elementor-slide-description\"><p>Gem\u00fcse<\/p>\n<\/div><\/div><\/div><\/div><div class=\"elementor-repeater-item-d51a8e9 swiper-slide\" role=\"group\" aria-roledescription=\"slide\"><div class=\"swiper-slide-bg elementor-ken-burns elementor-ken-burns--out\" role=\"img\" aria-label=\"Two onions on a light brown wood cutting board.\"><\/div><div class=\"swiper-slide-inner\" ><div class=\"swiper-slide-contents\"><div class=\"elementor-slide-heading\">Zwiebel<\/div><div class=\"elementor-slide-description\"><p>Gem\u00fcse<\/p>\n<\/div><\/div><\/div><\/div>\t\t\t\t<\/div>\n\t\t\t\t\t\t\t\t\t\t\t\t\t\t\t\t\t\t\t\t\t<\/div>\n\t\t\t\t<\/div>\n\t\t\t\t\t\t\t\t<\/div>\n\t\t\t\t<\/div>\n\t\t\t\t\t<\/div>\n\t\t<\/div>\n\t\t\t\t\t<\/div>\n\t\t<\/section>\n\t\t\t\t<section class=\"elementor-section elementor-top-section elementor-element elementor-element-6f9657cc elementor-section-boxed elementor-section-height-default elementor-section-height-default\" data-id=\"6f9657cc\" data-element_type=\"section\" data-e-type=\"section\" data-settings=\"{&quot;background_background&quot;:&quot;classic&quot;}\">\n\t\t\t\t\t\t<div class=\"elementor-container elementor-column-gap-default\">\n\t\t\t\t\t<div class=\"elementor-column elementor-col-100 elementor-top-column elementor-element elementor-element-4ae72797\" data-id=\"4ae72797\" data-element_type=\"column\" data-e-type=\"column\">\n\t\t\t<div class=\"elementor-widget-wrap elementor-element-populated\">\n\t\t\t\t\t\t<div class=\"elementor-element elementor-element-6df4266f elementor-widget elementor-widget-text-editor\" data-id=\"6df4266f\" data-element_type=\"widget\" data-e-type=\"widget\" data-widget_type=\"text-editor.default\">\n\t\t\t\t<div class=\"elementor-widget-container\">\n\t\t\t\t\t\t\t\t\t<p>Die Zwiebel (Allium cepa), auch bekannt als Speisezwiebel, ist die am weitesten verbreitete Art der Gattung Allium. Zu dieser Gattung geh\u00f6ren mehrere Arten, die gemeinhin als Zwiebeln bezeichnet und in der K\u00fcche verwendet werden, wie beispielsweise die Fr\u00fchlingszwiebel (A. fistulosum), die \u00c4gyptische Zwiebel (A. \u00d7 proliferum) und die Kanadische Zwiebel (A. canadense). Einige Allium-Arten sind auch als Wildzwiebeln bekannt. Die \u00fcberwiegende Mehrheit der A. cepa-Sorten geh\u00f6rt zur Gruppe der Speisezwiebeln (A. cepa var. cepa) und wird allgemein einfach als Zwiebel bezeichnet. Zur Gruppe der Aggregatum-Sorten (A. cepa var. aggregatum) geh\u00f6ren Schalotten und Saatzwiebeln.<\/p>\t\t\t\t\t\t\t\t<\/div>\n\t\t\t\t<\/div>\n\t\t\t\t\t<\/div>\n\t\t<\/div>\n\t\t\t\t\t<\/div>\n\t\t<\/section>\n\t\t\t\t<section class=\"elementor-section elementor-top-section elementor-element elementor-element-ae01b0e elementor-section-boxed elementor-section-height-default elementor-section-height-default\" data-id=\"ae01b0e\" data-element_type=\"section\" data-e-type=\"section\">\n\t\t\t\t\t\t<div class=\"elementor-container elementor-column-gap-default\">\n\t\t\t\t\t<div class=\"elementor-column elementor-col-100 elementor-top-column elementor-element elementor-element-58b3c7f6\" data-id=\"58b3c7f6\" data-element_type=\"column\" data-e-type=\"column\">\n\t\t\t<div class=\"elementor-widget-wrap elementor-element-populated\">\n\t\t\t\t\t\t<div class=\"elementor-element elementor-element-fa7bea elementor-widget elementor-widget-heading\" data-id=\"fa7bea\" data-element_type=\"widget\" data-e-type=\"widget\" data-widget_type=\"heading.default\">\n\t\t\t\t<div class=\"elementor-widget-container\">\n\t\t\t\t\t<h2 class=\"elementor-heading-title elementor-size-default\">Verpackungen<\/h2>\t\t\t\t<\/div>\n\t\t\t\t<\/div>\n\t\t\t\t\t<\/div>\n\t\t<\/div>\n\t\t\t\t\t<\/div>\n\t\t<\/section>\n\t\t\t\t<section class=\"elementor-section elementor-top-section elementor-element elementor-element-df476d9 elementor-section-boxed elementor-section-height-default elementor-section-height-default\" data-id=\"df476d9\" data-element_type=\"section\" data-e-type=\"section\">\n\t\t\t\t\t\t<div class=\"elementor-container elementor-column-gap-default\">\n\t\t\t\t\t<div class=\"elementor-column elementor-col-33 elementor-top-column elementor-element elementor-element-3f7b9842\" data-id=\"3f7b9842\" data-element_type=\"column\" data-e-type=\"column\">\n\t\t\t<div class=\"elementor-widget-wrap elementor-element-populated\">\n\t\t\t\t\t\t<div class=\"elementor-element elementor-element-255990fd elementor-invisible elementor-widget elementor-widget-image\" data-id=\"255990fd\" data-element_type=\"widget\" data-e-type=\"widget\" data-settings=\"{&quot;_animation&quot;:&quot;fadeIn&quot;}\" data-widget_type=\"image.default\">\n\t\t\t\t<div class=\"elementor-widget-container\">\n\t\t\t\t\t\t\t\t\t\t\t\t\t\t\t<img fetchpriority=\"high\" decoding=\"async\" width=\"407\" height=\"278\" src=\"https:\/\/www.dcatala.com\/wp-content\/uploads\/2020\/06\/mini.jpg\" class=\"elementor-animation-bounce-in attachment-large size-large wp-image-7827\" alt=\"\" srcset=\"https:\/\/www.dcatala.com\/wp-content\/uploads\/2020\/06\/mini.jpg 407w, https:\/\/www.dcatala.com\/wp-content\/uploads\/2020\/06\/mini-300x205.jpg 300w\" sizes=\"(max-width: 407px) 100vw, 407px\" \/>\t\t\t\t\t\t\t\t\t\t\t\t\t\t\t<\/div>\n\t\t\t\t<\/div>\n\t\t\t\t<div class=\"elementor-element elementor-element-52780eb9 elementor-widget elementor-widget-text-editor\" data-id=\"52780eb9\" data-element_type=\"widget\" data-e-type=\"widget\" data-widget_type=\"text-editor.default\">\n\t\t\t\t<div class=\"elementor-widget-container\">\n\t\t\t\t\t\t\t\t\t<p>Carton box 5 kg Loose red<br \/><strong>Abmessungen:<\/strong>\u00a040 x 30 x 14<br \/><strong>Gewicht ungef\u00e4hr Box:<\/strong>\u00a05 Kg<br \/><strong>Kartons pro Pallete:<\/strong><br \/>ExportPal (1200&#215;1000): 150<\/p>\t\t\t\t\t\t\t\t<\/div>\n\t\t\t\t<\/div>\n\t\t\t\t\t<\/div>\n\t\t<\/div>\n\t\t\t\t<div class=\"elementor-column elementor-col-33 elementor-top-column elementor-element elementor-element-3611f2fa\" data-id=\"3611f2fa\" data-element_type=\"column\" data-e-type=\"column\">\n\t\t\t<div class=\"elementor-widget-wrap elementor-element-populated\">\n\t\t\t\t\t\t<div class=\"elementor-element elementor-element-5a218b62 elementor-invisible elementor-widget elementor-widget-image\" data-id=\"5a218b62\" data-element_type=\"widget\" data-e-type=\"widget\" data-settings=\"{&quot;_animation&quot;:&quot;fadeIn&quot;}\" data-widget_type=\"image.default\">\n\t\t\t\t<div class=\"elementor-widget-container\">\n\t\t\t\t\t\t\t\t\t\t\t\t\t\t\t<img fetchpriority=\"high\" decoding=\"async\" width=\"407\" height=\"278\" src=\"https:\/\/www.dcatala.com\/wp-content\/uploads\/2020\/06\/mini.jpg\" class=\"elementor-animation-bounce-in attachment-large size-large wp-image-7827\" alt=\"\" srcset=\"https:\/\/www.dcatala.com\/wp-content\/uploads\/2020\/06\/mini.jpg 407w, https:\/\/www.dcatala.com\/wp-content\/uploads\/2020\/06\/mini-300x205.jpg 300w\" sizes=\"(max-width: 407px) 100vw, 407px\" \/>\t\t\t\t\t\t\t\t\t\t\t\t\t\t\t<\/div>\n\t\t\t\t<\/div>\n\t\t\t\t<div class=\"elementor-element elementor-element-2fda21e0 elementor-widget elementor-widget-text-editor\" data-id=\"2fda21e0\" data-element_type=\"widget\" data-e-type=\"widget\" data-widget_type=\"text-editor.default\">\n\t\t\t\t<div class=\"elementor-widget-container\">\n\t\t\t\t\t\t\t\t\t<p>20 kg Loose Net<br \/><strong>Abmessungen:<\/strong>\u00a0n \/ a<br \/><strong>Gewicht ungef\u00e4hr Box:<\/strong>\u00a020 Kg<br \/><strong>Kartons pro Pallete:<\/strong><br \/>EuroPal (1000&#215;800): 40<br \/>ExportPal (1200&#215;1000): 50<\/p>\t\t\t\t\t\t\t\t<\/div>\n\t\t\t\t<\/div>\n\t\t\t\t\t<\/div>\n\t\t<\/div>\n\t\t\t\t<div class=\"elementor-column elementor-col-33 elementor-top-column elementor-element elementor-element-15fb45d\" data-id=\"15fb45d\" data-element_type=\"column\" data-e-type=\"column\">\n\t\t\t<div class=\"elementor-widget-wrap elementor-element-populated\">\n\t\t\t\t\t\t<div class=\"elementor-element elementor-element-35777cf elementor-invisible elementor-widget elementor-widget-image\" data-id=\"35777cf\" data-element_type=\"widget\" data-e-type=\"widget\" data-settings=\"{&quot;_animation&quot;:&quot;fadeIn&quot;}\" data-widget_type=\"image.default\">\n\t\t\t\t<div class=\"elementor-widget-container\">\n\t\t\t\t\t\t\t\t\t\t\t\t\t\t\t<img fetchpriority=\"high\" decoding=\"async\" width=\"407\" height=\"278\" src=\"https:\/\/www.dcatala.com\/wp-content\/uploads\/2020\/06\/mini.jpg\" class=\"elementor-animation-bounce-in attachment-large size-large wp-image-7827\" alt=\"\" srcset=\"https:\/\/www.dcatala.com\/wp-content\/uploads\/2020\/06\/mini.jpg 407w, https:\/\/www.dcatala.com\/wp-content\/uploads\/2020\/06\/mini-300x205.jpg 300w\" sizes=\"(max-width: 407px) 100vw, 407px\" \/>\t\t\t\t\t\t\t\t\t\t\t\t\t\t\t<\/div>\n\t\t\t\t<\/div>\n\t\t\t\t<div class=\"elementor-element elementor-element-31b0a62 elementor-widget elementor-widget-text-editor\" data-id=\"31b0a62\" data-element_type=\"widget\" data-e-type=\"widget\" data-widget_type=\"text-editor.default\">\n\t\t\t\t<div class=\"elementor-widget-container\">\n\t\t\t\t\t\t\t\t\t<p>Carton box 14 x 4 Buti<br \/><strong>Abmessungen:<\/strong>\u00a060 x 40 x 16<br \/><strong>Gewicht ungef\u00e4hr Box:<\/strong>\u00a014 Kg<br \/><strong>Kartons pro Pallete:<\/strong><br \/>ExportPal (1200&#215;1000): 65<\/p>\t\t\t\t\t\t\t\t<\/div>\n\t\t\t\t<\/div>\n\t\t\t\t\t<\/div>\n\t\t<\/div>\n\t\t\t\t\t<\/div>\n\t\t<\/section>\n\t\t\t\t<section class=\"elementor-section elementor-top-section elementor-element elementor-element-5e5d4193 elementor-section-boxed elementor-section-height-default elementor-section-height-default\" data-id=\"5e5d4193\" data-element_type=\"section\" data-e-type=\"section\">\n\t\t\t\t\t\t<div class=\"elementor-container elementor-column-gap-default\">\n\t\t\t\t\t<div class=\"elementor-column elementor-col-100 elementor-top-column elementor-element elementor-element-6477ef3\" data-id=\"6477ef3\" data-element_type=\"column\" data-e-type=\"column\">\n\t\t\t<div class=\"elementor-widget-wrap elementor-element-populated\">\n\t\t\t\t\t\t<div class=\"elementor-element elementor-element-22cd98e7 elementor-widget elementor-widget-spacer\" data-id=\"22cd98e7\" data-element_type=\"widget\" data-e-type=\"widget\" data-widget_type=\"spacer.default\">\n\t\t\t\t<div class=\"elementor-widget-container\">\n\t\t\t\t\t\t\t<div class=\"elementor-spacer\">\n\t\t\t<div class=\"elementor-spacer-inner\"><\/div>\n\t\t<\/div>\n\t\t\t\t\t\t<\/div>\n\t\t\t\t<\/div>\n\t\t\t\t\t<\/div>\n\t\t<\/div>\n\t\t\t\t\t<\/div>\n\t\t<\/section>\n\t\t\t\t<\/div>\n\t\t","protected":false},"excerpt":{"rendered":"<p>Zwiebel Gem\u00fcse Zwiebel Gem\u00fcse Die Zwiebel (Allium cepa), auch bekannt als Speisezwiebel, ist die am weitesten verbreitete Art der Gattung Allium. Zu dieser Gattung geh\u00f6ren mehrere Arten, die gemeinhin als Zwiebeln bezeichnet und in der K\u00fcche verwendet werden, wie beispielsweise die Fr\u00fchlingszwiebel (A. fistulosum), die \u00c4gyptische Zwiebel (A. \u00d7 proliferum) und die Kanadische Zwiebel (A. &#8230; <a title=\"Zwiebel\" class=\"read-more\" href=\"https:\/\/www.dcatala.com\/de\/gemuse\/zwiebel\/\" aria-label=\"Mehr Informationen \u00fcber Zwiebel\">Weiterlesen<\/a><\/p>\n","protected":false},"author":1,"featured_media":0,"parent":7736,"menu_order":0,"comment_status":"closed","ping_status":"closed","template":"elementor_header_footer","meta":{"footnotes":""},"class_list":["post-8110","page","type-page","status-publish"],"yoast_head":"<!-- This site is optimized with the Yoast SEO plugin v27.5 - https:\/\/yoast.com\/product\/yoast-seo-wordpress\/ -->\n<title>Zwiebel - DOMINGO CATAL\u00c0<\/title>\n<meta name=\"description\" content=\"ZwiebelGem\u00fcse ZwiebelGem\u00fcse Die Zwiebel (Allium cepa), auch bekannt als Speisezwiebel, ist die am weitesten verbreitete Art der Gattung Allium. Zu dieser\" \/>\n<meta name=\"robots\" content=\"index, follow, max-snippet:-1, max-image-preview:large, max-video-preview:-1\" \/>\n<link rel=\"canonical\" href=\"https:\/\/www.dcatala.com\/de\/gemuse\/zwiebel\/\" \/>\n<meta name=\"twitter:label1\" content=\"Gesch\u00e4tzte Lesezeit\" \/>\n\t<meta name=\"twitter:data1\" content=\"1\u00a0Minute\" \/>\n<script type=\"application\/ld+json\" class=\"yoast-schema-graph\">{\"@context\":\"https:\\\/\\\/schema.org\",\"@graph\":[{\"@type\":\"WebPage\",\"@id\":\"https:\\\/\\\/www.dcatala.com\\\/de\\\/gemuse\\\/zwiebel\\\/\",\"url\":\"https:\\\/\\\/www.dcatala.com\\\/de\\\/gemuse\\\/zwiebel\\\/\",\"name\":\"Zwiebel - DOMINGO CATAL\u00c0\",\"isPartOf\":{\"@id\":\"https:\\\/\\\/www.dcatala.com\\\/de\\\/#website\"},\"primaryImageOfPage\":{\"@id\":\"https:\\\/\\\/www.dcatala.com\\\/de\\\/gemuse\\\/zwiebel\\\/#primaryimage\"},\"image\":{\"@id\":\"https:\\\/\\\/www.dcatala.com\\\/de\\\/gemuse\\\/zwiebel\\\/#primaryimage\"},\"thumbnailUrl\":\"https:\\\/\\\/www.dcatala.com\\\/wp-content\\\/uploads\\\/2020\\\/06\\\/mini.jpg\",\"datePublished\":\"2020-05-27T15:33:00+00:00\",\"dateModified\":\"2026-04-21T13:41:13+00:00\",\"description\":\"ZwiebelGem\u00fcse ZwiebelGem\u00fcse Die Zwiebel (Allium cepa), auch bekannt als Speisezwiebel, ist die am weitesten verbreitete Art der Gattung Allium. Zu dieser\",\"breadcrumb\":{\"@id\":\"https:\\\/\\\/www.dcatala.com\\\/de\\\/gemuse\\\/zwiebel\\\/#breadcrumb\"},\"inLanguage\":\"de\",\"potentialAction\":[{\"@type\":\"ReadAction\",\"target\":[\"https:\\\/\\\/www.dcatala.com\\\/de\\\/gemuse\\\/zwiebel\\\/\"]}]},{\"@type\":\"ImageObject\",\"inLanguage\":\"de\",\"@id\":\"https:\\\/\\\/www.dcatala.com\\\/de\\\/gemuse\\\/zwiebel\\\/#primaryimage\",\"url\":\"https:\\\/\\\/www.dcatala.com\\\/wp-content\\\/uploads\\\/2020\\\/06\\\/mini.jpg\",\"contentUrl\":\"https:\\\/\\\/www.dcatala.com\\\/wp-content\\\/uploads\\\/2020\\\/06\\\/mini.jpg\"},{\"@type\":\"BreadcrumbList\",\"@id\":\"https:\\\/\\\/www.dcatala.com\\\/de\\\/gemuse\\\/zwiebel\\\/#breadcrumb\",\"itemListElement\":[{\"@type\":\"ListItem\",\"position\":1,\"name\":\"Portada\",\"item\":\"https:\\\/\\\/www.dcatala.com\\\/de\\\/\"},{\"@type\":\"ListItem\",\"position\":2,\"name\":\"Gem\u00fcse\",\"item\":\"https:\\\/\\\/www.dcatala.com\\\/de\\\/gemuse\\\/\"},{\"@type\":\"ListItem\",\"position\":3,\"name\":\"Zwiebel\"}]},{\"@type\":\"WebSite\",\"@id\":\"https:\\\/\\\/www.dcatala.com\\\/de\\\/#website\",\"url\":\"https:\\\/\\\/www.dcatala.com\\\/de\\\/\",\"name\":\"DOMINGO CATAL\u00c0\",\"description\":\"Produciendo calidad\",\"publisher\":{\"@id\":\"https:\\\/\\\/www.dcatala.com\\\/de\\\/#organization\"},\"potentialAction\":[{\"@type\":\"SearchAction\",\"target\":{\"@type\":\"EntryPoint\",\"urlTemplate\":\"https:\\\/\\\/www.dcatala.com\\\/de\\\/?s={search_term_string}\"},\"query-input\":{\"@type\":\"PropertyValueSpecification\",\"valueRequired\":true,\"valueName\":\"search_term_string\"}}],\"inLanguage\":\"de\"},{\"@type\":\"Organization\",\"@id\":\"https:\\\/\\\/www.dcatala.com\\\/de\\\/#organization\",\"name\":\"D.Catala\",\"url\":\"https:\\\/\\\/www.dcatala.com\\\/de\\\/\",\"logo\":{\"@type\":\"ImageObject\",\"inLanguage\":\"de\",\"@id\":\"https:\\\/\\\/www.dcatala.com\\\/de\\\/#\\\/schema\\\/logo\\\/image\\\/\",\"url\":\"https:\\\/\\\/www.dcatala.com\\\/wp-content\\\/uploads\\\/2020\\\/05\\\/cropped-logo-d.catala-2-1-scaled-1.jpg\",\"contentUrl\":\"https:\\\/\\\/www.dcatala.com\\\/wp-content\\\/uploads\\\/2020\\\/05\\\/cropped-logo-d.catala-2-1-scaled-1.jpg\",\"width\":2560,\"height\":711,\"caption\":\"D.Catala\"},\"image\":{\"@id\":\"https:\\\/\\\/www.dcatala.com\\\/de\\\/#\\\/schema\\\/logo\\\/image\\\/\"}}]}<\/script>\n<!-- \/ Yoast SEO plugin. -->","yoast_head_json":{"title":"Zwiebel - DOMINGO CATAL\u00c0","description":"ZwiebelGem\u00fcse ZwiebelGem\u00fcse Die Zwiebel (Allium cepa), auch bekannt als Speisezwiebel, ist die am weitesten verbreitete Art der Gattung Allium. Zu dieser","robots":{"index":"index","follow":"follow","max-snippet":"max-snippet:-1","max-image-preview":"max-image-preview:large","max-video-preview":"max-video-preview:-1"},"canonical":"https:\/\/www.dcatala.com\/de\/gemuse\/zwiebel\/","twitter_misc":{"Gesch\u00e4tzte Lesezeit":"1\u00a0Minute"},"schema":{"@context":"https:\/\/schema.org","@graph":[{"@type":"WebPage","@id":"https:\/\/www.dcatala.com\/de\/gemuse\/zwiebel\/","url":"https:\/\/www.dcatala.com\/de\/gemuse\/zwiebel\/","name":"Zwiebel - DOMINGO CATAL\u00c0","isPartOf":{"@id":"https:\/\/www.dcatala.com\/de\/#website"},"primaryImageOfPage":{"@id":"https:\/\/www.dcatala.com\/de\/gemuse\/zwiebel\/#primaryimage"},"image":{"@id":"https:\/\/www.dcatala.com\/de\/gemuse\/zwiebel\/#primaryimage"},"thumbnailUrl":"https:\/\/www.dcatala.com\/wp-content\/uploads\/2020\/06\/mini.jpg","datePublished":"2020-05-27T15:33:00+00:00","dateModified":"2026-04-21T13:41:13+00:00","description":"ZwiebelGem\u00fcse ZwiebelGem\u00fcse Die Zwiebel (Allium cepa), auch bekannt als Speisezwiebel, ist die am weitesten verbreitete Art der Gattung Allium. Zu dieser","breadcrumb":{"@id":"https:\/\/www.dcatala.com\/de\/gemuse\/zwiebel\/#breadcrumb"},"inLanguage":"de","potentialAction":[{"@type":"ReadAction","target":["https:\/\/www.dcatala.com\/de\/gemuse\/zwiebel\/"]}]},{"@type":"ImageObject","inLanguage":"de","@id":"https:\/\/www.dcatala.com\/de\/gemuse\/zwiebel\/#primaryimage","url":"https:\/\/www.dcatala.com\/wp-content\/uploads\/2020\/06\/mini.jpg","contentUrl":"https:\/\/www.dcatala.com\/wp-content\/uploads\/2020\/06\/mini.jpg"},{"@type":"BreadcrumbList","@id":"https:\/\/www.dcatala.com\/de\/gemuse\/zwiebel\/#breadcrumb","itemListElement":[{"@type":"ListItem","position":1,"name":"Portada","item":"https:\/\/www.dcatala.com\/de\/"},{"@type":"ListItem","position":2,"name":"Gem\u00fcse","item":"https:\/\/www.dcatala.com\/de\/gemuse\/"},{"@type":"ListItem","position":3,"name":"Zwiebel"}]},{"@type":"WebSite","@id":"https:\/\/www.dcatala.com\/de\/#website","url":"https:\/\/www.dcatala.com\/de\/","name":"DOMINGO CATAL\u00c0","description":"Produciendo calidad","publisher":{"@id":"https:\/\/www.dcatala.com\/de\/#organization"},"potentialAction":[{"@type":"SearchAction","target":{"@type":"EntryPoint","urlTemplate":"https:\/\/www.dcatala.com\/de\/?s={search_term_string}"},"query-input":{"@type":"PropertyValueSpecification","valueRequired":true,"valueName":"search_term_string"}}],"inLanguage":"de"},{"@type":"Organization","@id":"https:\/\/www.dcatala.com\/de\/#organization","name":"D.Catala","url":"https:\/\/www.dcatala.com\/de\/","logo":{"@type":"ImageObject","inLanguage":"de","@id":"https:\/\/www.dcatala.com\/de\/#\/schema\/logo\/image\/","url":"https:\/\/www.dcatala.com\/wp-content\/uploads\/2020\/05\/cropped-logo-d.catala-2-1-scaled-1.jpg","contentUrl":"https:\/\/www.dcatala.com\/wp-content\/uploads\/2020\/05\/cropped-logo-d.catala-2-1-scaled-1.jpg","width":2560,"height":711,"caption":"D.Catala"},"image":{"@id":"https:\/\/www.dcatala.com\/de\/#\/schema\/logo\/image\/"}}]}},"_links":{"self":[{"href":"https:\/\/www.dcatala.com\/de\/wp-json\/wp\/v2\/pages\/8110","targetHints":{"allow":["GET"]}}],"collection":[{"href":"https:\/\/www.dcatala.com\/de\/wp-json\/wp\/v2\/pages"}],"about":[{"href":"https:\/\/www.dcatala.com\/de\/wp-json\/wp\/v2\/types\/page"}],"author":[{"embeddable":true,"href":"https:\/\/www.dcatala.com\/de\/wp-json\/wp\/v2\/users\/1"}],"replies":[{"embeddable":true,"href":"https:\/\/www.dcatala.com\/de\/wp-json\/wp\/v2\/comments?post=8110"}],"version-history":[{"count":2,"href":"https:\/\/www.dcatala.com\/de\/wp-json\/wp\/v2\/pages\/8110\/revisions"}],"predecessor-version":[{"id":10247,"href":"https:\/\/www.dcatala.com\/de\/wp-json\/wp\/v2\/pages\/8110\/revisions\/10247"}],"up":[{"embeddable":true,"href":"https:\/\/www.dcatala.com\/de\/wp-json\/wp\/v2\/pages\/7736"}],"wp:attachment":[{"href":"https:\/\/www.dcatala.com\/de\/wp-json\/wp\/v2\/media?parent=8110"}],"curies":[{"name":"wp","href":"https:\/\/api.w.org\/{rel}","templated":true}]}}