{"id":3921,"date":"2020-03-26T12:25:35","date_gmt":"2020-03-26T12:25:35","guid":{"rendered":"https:\/\/www.dcatala.com\/productos\/caquis-persimon\/"},"modified":"2026-04-20T14:14:07","modified_gmt":"2026-04-20T12:14:07","slug":"kaki","status":"publish","type":"page","link":"https:\/\/www.dcatala.com\/fr\/fruit\/kaki\/","title":{"rendered":"Kaki"},"content":{"rendered":"\t\t<div data-elementor-type=\"wp-page\" data-elementor-id=\"3921\" class=\"elementor elementor-3921 elementor-497\" data-elementor-post-type=\"page\">\n\t\t\t\t\t\t<section class=\"elementor-section elementor-top-section elementor-element elementor-element-54fefc7e elementor-section-full_width elementor-section-height-min-height elementor-section-height-default elementor-section-items-middle\" data-id=\"54fefc7e\" data-element_type=\"section\" data-e-type=\"section\">\n\t\t\t\t\t\t<div class=\"elementor-container elementor-column-gap-default\">\n\t\t\t\t\t<div class=\"elementor-column elementor-col-100 elementor-top-column elementor-element elementor-element-27a85f85\" data-id=\"27a85f85\" data-element_type=\"column\" data-e-type=\"column\">\n\t\t\t<div class=\"elementor-widget-wrap elementor-element-populated\">\n\t\t\t\t\t\t<div class=\"elementor-element elementor-element-449babed elementor--h-position-center elementor--v-position-middle elementor-arrows-position-inside elementor-pagination-position-inside elementor-widget elementor-widget-slides\" data-id=\"449babed\" data-element_type=\"widget\" data-e-type=\"widget\" data-settings=\"{&quot;navigation&quot;:&quot;both&quot;,&quot;autoplay&quot;:&quot;yes&quot;,&quot;pause_on_hover&quot;:&quot;yes&quot;,&quot;pause_on_interaction&quot;:&quot;yes&quot;,&quot;autoplay_speed&quot;:5000,&quot;infinite&quot;:&quot;yes&quot;,&quot;transition&quot;:&quot;slide&quot;,&quot;transition_speed&quot;:500}\" data-widget_type=\"slides.default\">\n\t\t\t\t<div class=\"elementor-widget-container\">\n\t\t\t\t\t\t\t\t\t<div class=\"elementor-swiper\">\n\t\t\t\t\t<div class=\"elementor-slides-wrapper elementor-main-swiper swiper\" role=\"region\" aria-roledescription=\"carousel\" aria-label=\"Diapositivas\" dir=\"ltr\" data-animation=\"fadeInUp\">\n\t\t\t\t<div class=\"swiper-wrapper elementor-slides\">\n\t\t\t\t\t\t\t\t\t\t<div class=\"elementor-repeater-item-3f6ce38 swiper-slide\" role=\"group\" aria-roledescription=\"slide\"><div class=\"swiper-slide-bg\" role=\"img\" aria-label=\"caquis\"><\/div><div class=\"swiper-slide-inner\" ><div class=\"swiper-slide-contents\"><div class=\"elementor-slide-heading\">Kaki<\/div><\/div><\/div><\/div>\t\t\t\t<\/div>\n\t\t\t\t\t\t\t<\/div>\n\t\t\t\t<\/div>\n\t\t\t\t\t\t\t\t<\/div>\n\t\t\t\t<\/div>\n\t\t\t\t\t<\/div>\n\t\t<\/div>\n\t\t\t\t\t<\/div>\n\t\t<\/section>\n\t\t\t\t<section class=\"elementor-section elementor-top-section elementor-element elementor-element-2e7640bb elementor-section-boxed elementor-section-height-default elementor-section-height-default\" data-id=\"2e7640bb\" data-element_type=\"section\" data-e-type=\"section\">\n\t\t\t\t\t\t<div class=\"elementor-container elementor-column-gap-default\">\n\t\t\t\t\t<div class=\"elementor-column elementor-col-100 elementor-top-column elementor-element elementor-element-77bee3a4\" data-id=\"77bee3a4\" data-element_type=\"column\" data-e-type=\"column\">\n\t\t\t<div class=\"elementor-widget-wrap elementor-element-populated\">\n\t\t\t\t\t\t<div class=\"elementor-element elementor-element-7e63a0d0 elementor-widget elementor-widget-spacer\" data-id=\"7e63a0d0\" data-element_type=\"widget\" data-e-type=\"widget\" data-widget_type=\"spacer.default\">\n\t\t\t\t<div class=\"elementor-widget-container\">\n\t\t\t\t\t\t\t<div class=\"elementor-spacer\">\n\t\t\t<div class=\"elementor-spacer-inner\"><\/div>\n\t\t<\/div>\n\t\t\t\t\t\t<\/div>\n\t\t\t\t<\/div>\n\t\t\t\t\t<\/div>\n\t\t<\/div>\n\t\t\t\t\t<\/div>\n\t\t<\/section>\n\t\t\t\t<section class=\"elementor-section elementor-top-section elementor-element elementor-element-613ec51c elementor-section-boxed elementor-section-height-default elementor-section-height-default\" data-id=\"613ec51c\" data-element_type=\"section\" data-e-type=\"section\">\n\t\t\t\t\t\t<div class=\"elementor-container elementor-column-gap-default\">\n\t\t\t\t\t<div class=\"elementor-column elementor-col-50 elementor-top-column elementor-element elementor-element-516e84a9\" data-id=\"516e84a9\" data-element_type=\"column\" data-e-type=\"column\">\n\t\t\t<div class=\"elementor-widget-wrap elementor-element-populated\">\n\t\t\t\t\t\t<div class=\"elementor-element elementor-element-269c189c elementor-widget elementor-widget-text-editor\" data-id=\"269c189c\" data-element_type=\"widget\" data-e-type=\"widget\" data-widget_type=\"text-editor.default\">\n\t\t\t\t<div class=\"elementor-widget-container\">\n\t\t\t\t\t\t\t\t\t<div class=\"col-xs-12 col-sm-6 col-md-4 col-lg-4\"><div class=\"texte\"><p>Le kaki est le fruit comestible de plusieurs esp\u00e8ces d&rsquo;arbres du genre Diospyros. Ce genre appartient \u00e0 la famille des \u00c9b\u00e9nac\u00e9es, et certaines esp\u00e8ces de Diospyros sont \u00e0 l&rsquo;origine de la plupart des essences de bois d&rsquo;\u00e9b\u00e8ne. Toutes les esp\u00e8ces ne produisent pas de fruits comestibles.<\/p><p>La couleur des fruits m\u00fbrs des vari\u00e9t\u00e9s cultiv\u00e9es varie du jaune orang\u00e9 clair au rouge orang\u00e9 fonc\u00e9, selon l&rsquo;esp\u00e8ce et la vari\u00e9t\u00e9. Leur diam\u00e8tre varie \u00e9galement, de 1,5 \u00e0 9 cm, et leur forme peut \u00eatre sph\u00e9rique, en forme de gland ou de citrouille. [1] Le calice reste g\u00e9n\u00e9ralement attach\u00e9 au fruit apr\u00e8s la r\u00e9colte, mais s&rsquo;enl\u00e8ve facilement une fois le fruit m\u00fbr.<\/p><p>Le fruit m\u00fbr est riche en glucose. Sa teneur en prot\u00e9ines est faible, mais son profil prot\u00e9ique est \u00e9quilibr\u00e9. Le kaki est utilis\u00e9 \u00e0 diverses fins m\u00e9dicinales et chimiques.<\/p><\/div><\/div>\t\t\t\t\t\t\t\t<\/div>\n\t\t\t\t<\/div>\n\t\t\t\t\t<\/div>\n\t\t<\/div>\n\t\t\t\t<div class=\"elementor-column elementor-col-50 elementor-top-column elementor-element elementor-element-5cd44d5a\" data-id=\"5cd44d5a\" data-element_type=\"column\" data-e-type=\"column\">\n\t\t\t<div class=\"elementor-widget-wrap elementor-element-populated\">\n\t\t\t\t\t\t<div class=\"elementor-element elementor-element-18fce6d3 elementor-widget elementor-widget-heading\" data-id=\"18fce6d3\" data-element_type=\"widget\" data-e-type=\"widget\" data-widget_type=\"heading.default\">\n\t\t\t\t<div class=\"elementor-widget-container\">\n\t\t\t\t\t<h2 class=\"elementor-heading-title elementor-size-default\">Les propri\u00e9t\u00e9s nutritionnelles<\/h2>\t\t\t\t<\/div>\n\t\t\t\t<\/div>\n\t\t\t\t<div class=\"elementor-element elementor-element-6b58024f elementor-widget elementor-widget-heading\" data-id=\"6b58024f\" data-element_type=\"widget\" data-e-type=\"widget\" data-widget_type=\"heading.default\">\n\t\t\t\t<div class=\"elementor-widget-container\">\n\t\t\t\t\t<h2 class=\"elementor-heading-title elementor-size-default\">Composition pour 100 grammes<\/h2>\t\t\t\t<\/div>\n\t\t\t\t<\/div>\n\t\t\t\t<div class=\"elementor-element elementor-element-31133363 elementor-widget elementor-widget-progress\" data-id=\"31133363\" data-element_type=\"widget\" data-e-type=\"widget\" data-widget_type=\"progress.default\">\n\t\t\t\t<div class=\"elementor-widget-container\">\n\t\t\t\t\t\t\t\t<span class=\"elementor-title\" id=\"elementor-progress-bar-31133363\">\n\t\t\t\tCalories (KCAL) - 77\t\t\t<\/span>\n\t\t\n\t\t<div aria-labelledby=\"elementor-progress-bar-31133363\" class=\"elementor-progress-wrapper\" role=\"progressbar\" aria-valuemin=\"0\" aria-valuemax=\"100\" aria-valuenow=\"77\">\n\t\t\t<div class=\"elementor-progress-bar\" data-max=\"77\">\n\t\t\t\t<span class=\"elementor-progress-text\"><\/span>\n\t\t\t\t\t\t\t<\/div>\n\t\t<\/div>\n\t\t\t\t\t\t<\/div>\n\t\t\t\t<\/div>\n\t\t\t\t<div class=\"elementor-element elementor-element-e0ecb7f elementor-widget elementor-widget-progress\" data-id=\"e0ecb7f\" data-element_type=\"widget\" data-e-type=\"widget\" data-widget_type=\"progress.default\">\n\t\t\t\t<div class=\"elementor-widget-container\">\n\t\t\t\t\t\t\t\t<span class=\"elementor-title\" id=\"elementor-progress-bar-e0ecb7f\">\n\t\t\t\tGlucides o (G) - 19.6\t\t\t<\/span>\n\t\t\n\t\t<div aria-labelledby=\"elementor-progress-bar-e0ecb7f\" class=\"elementor-progress-wrapper\" role=\"progressbar\" aria-valuemin=\"0\" aria-valuemax=\"100\" aria-valuenow=\"19.6\">\n\t\t\t<div class=\"elementor-progress-bar\" data-max=\"19.6\">\n\t\t\t\t<span class=\"elementor-progress-text\"><\/span>\n\t\t\t\t\t\t\t<\/div>\n\t\t<\/div>\n\t\t\t\t\t\t<\/div>\n\t\t\t\t<\/div>\n\t\t\t\t<div class=\"elementor-element elementor-element-5c8d2425 elementor-widget elementor-widget-progress\" data-id=\"5c8d2425\" data-element_type=\"widget\" data-e-type=\"widget\" data-widget_type=\"progress.default\">\n\t\t\t\t<div class=\"elementor-widget-container\">\n\t\t\t\t\t\t\t\t<span class=\"elementor-title\" id=\"elementor-progress-bar-5c8d2425\">\n\t\t\t\tSodium (G) - 0.6\t\t\t<\/span>\n\t\t\n\t\t<div aria-labelledby=\"elementor-progress-bar-5c8d2425\" class=\"elementor-progress-wrapper\" role=\"progressbar\" aria-valuemin=\"0\" aria-valuemax=\"100\" aria-valuenow=\"6\">\n\t\t\t<div class=\"elementor-progress-bar\" data-max=\"6\">\n\t\t\t\t<span class=\"elementor-progress-text\"><\/span>\n\t\t\t\t\t\t\t<\/div>\n\t\t<\/div>\n\t\t\t\t\t\t<\/div>\n\t\t\t\t<\/div>\n\t\t\t\t<div class=\"elementor-element elementor-element-2daf415a elementor-widget elementor-widget-progress\" data-id=\"2daf415a\" data-element_type=\"widget\" data-e-type=\"widget\" data-widget_type=\"progress.default\">\n\t\t\t\t<div class=\"elementor-widget-container\">\n\t\t\t\t\t\t\t\t<span class=\"elementor-title\" id=\"elementor-progress-bar-2daf415a\">\n\t\t\t\tFer (MG)\t0,3\t\t\t<\/span>\n\t\t\n\t\t<div aria-labelledby=\"elementor-progress-bar-2daf415a\" class=\"elementor-progress-wrapper\" role=\"progressbar\" aria-valuemin=\"0\" aria-valuemax=\"100\" aria-valuenow=\"3\">\n\t\t\t<div class=\"elementor-progress-bar\" data-max=\"3\">\n\t\t\t\t<span class=\"elementor-progress-text\"><\/span>\n\t\t\t\t\t\t\t<\/div>\n\t\t<\/div>\n\t\t\t\t\t\t<\/div>\n\t\t\t\t<\/div>\n\t\t\t\t<div class=\"elementor-element elementor-element-4964d74c elementor-widget elementor-widget-progress\" data-id=\"4964d74c\" data-element_type=\"widget\" data-e-type=\"widget\" data-widget_type=\"progress.default\">\n\t\t\t\t<div class=\"elementor-widget-container\">\n\t\t\t\t\t\t\t\t<span class=\"elementor-title\" id=\"elementor-progress-bar-4964d74c\">\n\t\t\t\tCalcium (MG) - 6\t\t\t<\/span>\n\t\t\n\t\t<div aria-labelledby=\"elementor-progress-bar-4964d74c\" class=\"elementor-progress-wrapper\" role=\"progressbar\" aria-valuemin=\"0\" aria-valuemax=\"100\" aria-valuenow=\"60\">\n\t\t\t<div class=\"elementor-progress-bar\" data-max=\"60\">\n\t\t\t\t<span class=\"elementor-progress-text\"><\/span>\n\t\t\t\t\t\t\t<\/div>\n\t\t<\/div>\n\t\t\t\t\t\t<\/div>\n\t\t\t\t<\/div>\n\t\t\t\t<div class=\"elementor-element elementor-element-6ea4c0f1 elementor-widget elementor-widget-progress\" data-id=\"6ea4c0f1\" data-element_type=\"widget\" data-e-type=\"widget\" data-widget_type=\"progress.default\">\n\t\t\t\t<div class=\"elementor-widget-container\">\n\t\t\t\t\t\t\t\t<span class=\"elementor-title\" id=\"elementor-progress-bar-6ea4c0f1\">\n\t\t\t\tMagn\u00e9sium (MG) - 8\t\t\t<\/span>\n\t\t\n\t\t<div aria-labelledby=\"elementor-progress-bar-6ea4c0f1\" class=\"elementor-progress-wrapper\" role=\"progressbar\" aria-valuemin=\"0\" aria-valuemax=\"100\" aria-valuenow=\"27\">\n\t\t\t<div class=\"elementor-progress-bar\" data-max=\"27\">\n\t\t\t\t<span class=\"elementor-progress-text\"><\/span>\n\t\t\t\t\t\t\t<\/div>\n\t\t<\/div>\n\t\t\t\t\t\t<\/div>\n\t\t\t\t<\/div>\n\t\t\t\t<div class=\"elementor-element elementor-element-41fea429 elementor-widget elementor-widget-progress\" data-id=\"41fea429\" data-element_type=\"widget\" data-e-type=\"widget\" data-widget_type=\"progress.default\">\n\t\t\t\t<div class=\"elementor-widget-container\">\n\t\t\t\t\t\t\t\t<span class=\"elementor-title\" id=\"elementor-progress-bar-41fea429\">\n\t\t\t\tAcide Ascorbique (MG) - 11\t\t\t<\/span>\n\t\t\n\t\t<div aria-labelledby=\"elementor-progress-bar-41fea429\" class=\"elementor-progress-wrapper\" role=\"progressbar\" aria-valuemin=\"0\" aria-valuemax=\"100\" aria-valuenow=\"7\">\n\t\t\t<div class=\"elementor-progress-bar\" data-max=\"7\">\n\t\t\t\t<span class=\"elementor-progress-text\"><\/span>\n\t\t\t\t\t\t\t<\/div>\n\t\t<\/div>\n\t\t\t\t\t\t<\/div>\n\t\t\t\t<\/div>\n\t\t\t\t\t<\/div>\n\t\t<\/div>\n\t\t\t\t\t<\/div>\n\t\t<\/section>\n\t\t\t\t<section class=\"elementor-section elementor-top-section elementor-element elementor-element-5a71c837 tableprods elementor-section-boxed elementor-section-height-default elementor-section-height-default\" data-id=\"5a71c837\" data-element_type=\"section\" data-e-type=\"section\">\n\t\t\t\t\t\t<div class=\"elementor-container elementor-column-gap-default\">\n\t\t\t\t\t<div class=\"elementor-column elementor-col-100 elementor-top-column elementor-element elementor-element-ced419c\" data-id=\"ced419c\" data-element_type=\"column\" data-e-type=\"column\">\n\t\t\t<div class=\"elementor-widget-wrap elementor-element-populated\">\n\t\t\t\t\t\t<div class=\"elementor-element elementor-element-295b2d20 elementor-widget elementor-widget-spacer\" data-id=\"295b2d20\" data-element_type=\"widget\" data-e-type=\"widget\" data-widget_type=\"spacer.default\">\n\t\t\t\t<div class=\"elementor-widget-container\">\n\t\t\t\t\t\t\t<div class=\"elementor-spacer\">\n\t\t\t<div class=\"elementor-spacer-inner\"><\/div>\n\t\t<\/div>\n\t\t\t\t\t\t<\/div>\n\t\t\t\t<\/div>\n\t\t\t\t<div class=\"elementor-element elementor-element-2366a4ea elementor-widget elementor-widget-heading\" data-id=\"2366a4ea\" data-element_type=\"widget\" data-e-type=\"widget\" data-widget_type=\"heading.default\">\n\t\t\t\t<div class=\"elementor-widget-container\">\n\t\t\t\t\t<h2 class=\"elementor-heading-title elementor-size-default\">Calendrier<\/h2>\t\t\t\t<\/div>\n\t\t\t\t<\/div>\n\t\t\t\t<div class=\"elementor-element elementor-element-7c43183d elementor-widget elementor-widget-image\" data-id=\"7c43183d\" data-element_type=\"widget\" data-e-type=\"widget\" data-widget_type=\"image.default\">\n\t\t\t\t<div class=\"elementor-widget-container\">\n\t\t\t\t\t\t\t\t\t\t\t\t\t\t\t<img fetchpriority=\"high\" decoding=\"async\" width=\"1024\" height=\"123\" src=\"https:\/\/www.dcatala.com\/wp-content\/uploads\/2020\/06\/caqui_FR-1024x123.png\" class=\"attachment-large size-large wp-image-7049\" alt=\"\" srcset=\"https:\/\/www.dcatala.com\/wp-content\/uploads\/2020\/06\/caqui_FR-1024x123.png 1024w, https:\/\/www.dcatala.com\/wp-content\/uploads\/2020\/06\/caqui_FR-300x36.png 300w, https:\/\/www.dcatala.com\/wp-content\/uploads\/2020\/06\/caqui_FR-768x92.png 768w, https:\/\/www.dcatala.com\/wp-content\/uploads\/2020\/06\/caqui_FR-1536x184.png 1536w, https:\/\/www.dcatala.com\/wp-content\/uploads\/2020\/06\/caqui_FR-2048x245.png 2048w\" sizes=\"(max-width: 1024px) 100vw, 1024px\" \/>\t\t\t\t\t\t\t\t\t\t\t\t\t\t\t<\/div>\n\t\t\t\t<\/div>\n\t\t\t\t\t<\/div>\n\t\t<\/div>\n\t\t\t\t\t<\/div>\n\t\t<\/section>\n\t\t\t\t<\/div>\n\t\t","protected":false},"excerpt":{"rendered":"<p>Kaki Le kaki est le fruit comestible de plusieurs esp\u00e8ces d&rsquo;arbres du genre Diospyros. Ce genre appartient \u00e0 la famille des \u00c9b\u00e9nac\u00e9es, et certaines esp\u00e8ces de Diospyros sont \u00e0 l&rsquo;origine de la plupart des essences de bois d&rsquo;\u00e9b\u00e8ne. Toutes les esp\u00e8ces ne produisent pas de fruits comestibles. La couleur des fruits m\u00fbrs des vari\u00e9t\u00e9s cultiv\u00e9es &#8230; <a title=\"Kaki\" class=\"read-more\" href=\"https:\/\/www.dcatala.com\/fr\/fruit\/kaki\/\" aria-label=\"En savoir plus sur Kaki\">Lire la suite<\/a><\/p>\n","protected":false},"author":1,"featured_media":0,"parent":3806,"menu_order":0,"comment_status":"closed","ping_status":"closed","template":"elementor_header_footer","meta":{"footnotes":""},"class_list":["post-3921","page","type-page","status-publish"],"yoast_head":"<!-- This site is optimized with the Yoast SEO plugin v27.4 - https:\/\/yoast.com\/product\/yoast-seo-wordpress\/ -->\n<title>Kaki - DOMINGO CATAL\u00c0<\/title>\n<meta name=\"description\" content=\"Kaki Le kaki est le fruit comestible de plusieurs esp\u00e8ces d&#039;arbres du genre Diospyros. Ce genre appartient \u00e0 la famille des \u00c9b\u00e9nac\u00e9es, et certaines\" \/>\n<meta name=\"robots\" content=\"index, follow, max-snippet:-1, max-image-preview:large, max-video-preview:-1\" \/>\n<link rel=\"canonical\" href=\"https:\/\/www.dcatala.com\/fr\/fruit\/kaki\/\" \/>\n<meta name=\"twitter:label1\" content=\"Dur\u00e9e de lecture estim\u00e9e\" \/>\n\t<meta name=\"twitter:data1\" content=\"1 minute\" \/>\n<script type=\"application\/ld+json\" class=\"yoast-schema-graph\">{\"@context\":\"https:\\\/\\\/schema.org\",\"@graph\":[{\"@type\":\"WebPage\",\"@id\":\"https:\\\/\\\/www.dcatala.com\\\/fr\\\/fruit\\\/kaki\\\/\",\"url\":\"https:\\\/\\\/www.dcatala.com\\\/fr\\\/fruit\\\/kaki\\\/\",\"name\":\"Kaki - DOMINGO CATAL\u00c0\",\"isPartOf\":{\"@id\":\"https:\\\/\\\/www.dcatala.com\\\/fr\\\/#website\"},\"primaryImageOfPage\":{\"@id\":\"https:\\\/\\\/www.dcatala.com\\\/fr\\\/fruit\\\/kaki\\\/#primaryimage\"},\"image\":{\"@id\":\"https:\\\/\\\/www.dcatala.com\\\/fr\\\/fruit\\\/kaki\\\/#primaryimage\"},\"thumbnailUrl\":\"https:\\\/\\\/www.dcatala.com\\\/wp-content\\\/uploads\\\/2020\\\/06\\\/caqui_FR-1024x123.png\",\"datePublished\":\"2020-03-26T12:25:35+00:00\",\"dateModified\":\"2026-04-20T12:14:07+00:00\",\"description\":\"Kaki Le kaki est le fruit comestible de plusieurs esp\u00e8ces d'arbres du genre Diospyros. Ce genre appartient \u00e0 la famille des \u00c9b\u00e9nac\u00e9es, et certaines\",\"breadcrumb\":{\"@id\":\"https:\\\/\\\/www.dcatala.com\\\/fr\\\/fruit\\\/kaki\\\/#breadcrumb\"},\"inLanguage\":\"fr-FR\",\"potentialAction\":[{\"@type\":\"ReadAction\",\"target\":[\"https:\\\/\\\/www.dcatala.com\\\/fr\\\/fruit\\\/kaki\\\/\"]}]},{\"@type\":\"ImageObject\",\"inLanguage\":\"fr-FR\",\"@id\":\"https:\\\/\\\/www.dcatala.com\\\/fr\\\/fruit\\\/kaki\\\/#primaryimage\",\"url\":\"https:\\\/\\\/www.dcatala.com\\\/wp-content\\\/uploads\\\/2020\\\/06\\\/caqui_FR-1024x123.png\",\"contentUrl\":\"https:\\\/\\\/www.dcatala.com\\\/wp-content\\\/uploads\\\/2020\\\/06\\\/caqui_FR-1024x123.png\"},{\"@type\":\"BreadcrumbList\",\"@id\":\"https:\\\/\\\/www.dcatala.com\\\/fr\\\/fruit\\\/kaki\\\/#breadcrumb\",\"itemListElement\":[{\"@type\":\"ListItem\",\"position\":1,\"name\":\"Portada\",\"item\":\"https:\\\/\\\/www.dcatala.com\\\/fr\\\/\"},{\"@type\":\"ListItem\",\"position\":2,\"name\":\"Fruit\",\"item\":\"https:\\\/\\\/www.dcatala.com\\\/fr\\\/fruit\\\/\"},{\"@type\":\"ListItem\",\"position\":3,\"name\":\"Kaki\"}]},{\"@type\":\"WebSite\",\"@id\":\"https:\\\/\\\/www.dcatala.com\\\/fr\\\/#website\",\"url\":\"https:\\\/\\\/www.dcatala.com\\\/fr\\\/\",\"name\":\"DOMINGO CATAL\u00c0\",\"description\":\"Produciendo calidad\",\"publisher\":{\"@id\":\"https:\\\/\\\/www.dcatala.com\\\/fr\\\/#organization\"},\"potentialAction\":[{\"@type\":\"SearchAction\",\"target\":{\"@type\":\"EntryPoint\",\"urlTemplate\":\"https:\\\/\\\/www.dcatala.com\\\/fr\\\/?s={search_term_string}\"},\"query-input\":{\"@type\":\"PropertyValueSpecification\",\"valueRequired\":true,\"valueName\":\"search_term_string\"}}],\"inLanguage\":\"fr-FR\"},{\"@type\":\"Organization\",\"@id\":\"https:\\\/\\\/www.dcatala.com\\\/fr\\\/#organization\",\"name\":\"D.Catala\",\"url\":\"https:\\\/\\\/www.dcatala.com\\\/fr\\\/\",\"logo\":{\"@type\":\"ImageObject\",\"inLanguage\":\"fr-FR\",\"@id\":\"https:\\\/\\\/www.dcatala.com\\\/fr\\\/#\\\/schema\\\/logo\\\/image\\\/\",\"url\":\"https:\\\/\\\/www.dcatala.com\\\/wp-content\\\/uploads\\\/2020\\\/05\\\/cropped-logo-d.catala-2-1-scaled-1.jpg\",\"contentUrl\":\"https:\\\/\\\/www.dcatala.com\\\/wp-content\\\/uploads\\\/2020\\\/05\\\/cropped-logo-d.catala-2-1-scaled-1.jpg\",\"width\":2560,\"height\":711,\"caption\":\"D.Catala\"},\"image\":{\"@id\":\"https:\\\/\\\/www.dcatala.com\\\/fr\\\/#\\\/schema\\\/logo\\\/image\\\/\"}}]}<\/script>\n<!-- \/ Yoast SEO plugin. -->","yoast_head_json":{"title":"Kaki - DOMINGO CATAL\u00c0","description":"Kaki Le kaki est le fruit comestible de plusieurs esp\u00e8ces d'arbres du genre Diospyros. Ce genre appartient \u00e0 la famille des \u00c9b\u00e9nac\u00e9es, et certaines","robots":{"index":"index","follow":"follow","max-snippet":"max-snippet:-1","max-image-preview":"max-image-preview:large","max-video-preview":"max-video-preview:-1"},"canonical":"https:\/\/www.dcatala.com\/fr\/fruit\/kaki\/","twitter_misc":{"Dur\u00e9e de lecture estim\u00e9e":"1 minute"},"schema":{"@context":"https:\/\/schema.org","@graph":[{"@type":"WebPage","@id":"https:\/\/www.dcatala.com\/fr\/fruit\/kaki\/","url":"https:\/\/www.dcatala.com\/fr\/fruit\/kaki\/","name":"Kaki - DOMINGO CATAL\u00c0","isPartOf":{"@id":"https:\/\/www.dcatala.com\/fr\/#website"},"primaryImageOfPage":{"@id":"https:\/\/www.dcatala.com\/fr\/fruit\/kaki\/#primaryimage"},"image":{"@id":"https:\/\/www.dcatala.com\/fr\/fruit\/kaki\/#primaryimage"},"thumbnailUrl":"https:\/\/www.dcatala.com\/wp-content\/uploads\/2020\/06\/caqui_FR-1024x123.png","datePublished":"2020-03-26T12:25:35+00:00","dateModified":"2026-04-20T12:14:07+00:00","description":"Kaki Le kaki est le fruit comestible de plusieurs esp\u00e8ces d'arbres du genre Diospyros. Ce genre appartient \u00e0 la famille des \u00c9b\u00e9nac\u00e9es, et certaines","breadcrumb":{"@id":"https:\/\/www.dcatala.com\/fr\/fruit\/kaki\/#breadcrumb"},"inLanguage":"fr-FR","potentialAction":[{"@type":"ReadAction","target":["https:\/\/www.dcatala.com\/fr\/fruit\/kaki\/"]}]},{"@type":"ImageObject","inLanguage":"fr-FR","@id":"https:\/\/www.dcatala.com\/fr\/fruit\/kaki\/#primaryimage","url":"https:\/\/www.dcatala.com\/wp-content\/uploads\/2020\/06\/caqui_FR-1024x123.png","contentUrl":"https:\/\/www.dcatala.com\/wp-content\/uploads\/2020\/06\/caqui_FR-1024x123.png"},{"@type":"BreadcrumbList","@id":"https:\/\/www.dcatala.com\/fr\/fruit\/kaki\/#breadcrumb","itemListElement":[{"@type":"ListItem","position":1,"name":"Portada","item":"https:\/\/www.dcatala.com\/fr\/"},{"@type":"ListItem","position":2,"name":"Fruit","item":"https:\/\/www.dcatala.com\/fr\/fruit\/"},{"@type":"ListItem","position":3,"name":"Kaki"}]},{"@type":"WebSite","@id":"https:\/\/www.dcatala.com\/fr\/#website","url":"https:\/\/www.dcatala.com\/fr\/","name":"DOMINGO CATAL\u00c0","description":"Produciendo calidad","publisher":{"@id":"https:\/\/www.dcatala.com\/fr\/#organization"},"potentialAction":[{"@type":"SearchAction","target":{"@type":"EntryPoint","urlTemplate":"https:\/\/www.dcatala.com\/fr\/?s={search_term_string}"},"query-input":{"@type":"PropertyValueSpecification","valueRequired":true,"valueName":"search_term_string"}}],"inLanguage":"fr-FR"},{"@type":"Organization","@id":"https:\/\/www.dcatala.com\/fr\/#organization","name":"D.Catala","url":"https:\/\/www.dcatala.com\/fr\/","logo":{"@type":"ImageObject","inLanguage":"fr-FR","@id":"https:\/\/www.dcatala.com\/fr\/#\/schema\/logo\/image\/","url":"https:\/\/www.dcatala.com\/wp-content\/uploads\/2020\/05\/cropped-logo-d.catala-2-1-scaled-1.jpg","contentUrl":"https:\/\/www.dcatala.com\/wp-content\/uploads\/2020\/05\/cropped-logo-d.catala-2-1-scaled-1.jpg","width":2560,"height":711,"caption":"D.Catala"},"image":{"@id":"https:\/\/www.dcatala.com\/fr\/#\/schema\/logo\/image\/"}}]}},"_links":{"self":[{"href":"https:\/\/www.dcatala.com\/fr\/wp-json\/wp\/v2\/pages\/3921","targetHints":{"allow":["GET"]}}],"collection":[{"href":"https:\/\/www.dcatala.com\/fr\/wp-json\/wp\/v2\/pages"}],"about":[{"href":"https:\/\/www.dcatala.com\/fr\/wp-json\/wp\/v2\/types\/page"}],"author":[{"embeddable":true,"href":"https:\/\/www.dcatala.com\/fr\/wp-json\/wp\/v2\/users\/1"}],"replies":[{"embeddable":true,"href":"https:\/\/www.dcatala.com\/fr\/wp-json\/wp\/v2\/comments?post=3921"}],"version-history":[{"count":8,"href":"https:\/\/www.dcatala.com\/fr\/wp-json\/wp\/v2\/pages\/3921\/revisions"}],"predecessor-version":[{"id":10135,"href":"https:\/\/www.dcatala.com\/fr\/wp-json\/wp\/v2\/pages\/3921\/revisions\/10135"}],"up":[{"embeddable":true,"href":"https:\/\/www.dcatala.com\/fr\/wp-json\/wp\/v2\/pages\/3806"}],"wp:attachment":[{"href":"https:\/\/www.dcatala.com\/fr\/wp-json\/wp\/v2\/media?parent=3921"}],"curies":[{"name":"wp","href":"https:\/\/api.w.org\/{rel}","templated":true}]}}