{"id":3951,"date":"2020-03-26T12:24:15","date_gmt":"2020-03-26T12:24:15","guid":{"rendered":"https:\/\/www.dcatala.com\/productos\/paraguayo-platerina\/"},"modified":"2026-04-20T13:22:18","modified_gmt":"2026-04-20T11:22:18","slug":"paraguayo-platerine","status":"publish","type":"page","link":"https:\/\/www.dcatala.com\/fr\/fruit\/paraguayo-platerine\/","title":{"rendered":"Paraguayo \/ Platerine"},"content":{"rendered":"\t\t<div data-elementor-type=\"wp-page\" data-elementor-id=\"3951\" class=\"elementor elementor-3951 elementor-487\" data-elementor-post-type=\"page\">\n\t\t\t\t\t\t<section class=\"elementor-section elementor-top-section elementor-element elementor-element-4b861659 elementor-section-full_width elementor-section-height-min-height elementor-section-height-default elementor-section-items-middle\" data-id=\"4b861659\" data-element_type=\"section\" data-e-type=\"section\">\n\t\t\t\t\t\t<div class=\"elementor-container elementor-column-gap-default\">\n\t\t\t\t\t<div class=\"elementor-column elementor-col-100 elementor-top-column elementor-element elementor-element-e821a10\" data-id=\"e821a10\" data-element_type=\"column\" data-e-type=\"column\">\n\t\t\t<div class=\"elementor-widget-wrap elementor-element-populated\">\n\t\t\t\t\t\t<div class=\"elementor-element elementor-element-463bd25d elementor--h-position-center elementor--v-position-middle elementor-arrows-position-inside elementor-pagination-position-inside elementor-widget elementor-widget-slides\" data-id=\"463bd25d\" data-element_type=\"widget\" data-e-type=\"widget\" data-settings=\"{&quot;navigation&quot;:&quot;both&quot;,&quot;autoplay&quot;:&quot;yes&quot;,&quot;pause_on_hover&quot;:&quot;yes&quot;,&quot;pause_on_interaction&quot;:&quot;yes&quot;,&quot;autoplay_speed&quot;:5000,&quot;infinite&quot;:&quot;yes&quot;,&quot;transition&quot;:&quot;slide&quot;,&quot;transition_speed&quot;:500}\" data-widget_type=\"slides.default\">\n\t\t\t\t<div class=\"elementor-widget-container\">\n\t\t\t\t\t\t\t\t\t<div class=\"elementor-swiper\">\n\t\t\t\t\t<div class=\"elementor-slides-wrapper elementor-main-swiper swiper\" role=\"region\" aria-roledescription=\"carousel\" aria-label=\"Diapositivas\" dir=\"ltr\" data-animation=\"fadeInUp\">\n\t\t\t\t<div class=\"swiper-wrapper elementor-slides\">\n\t\t\t\t\t\t\t\t\t\t<div class=\"elementor-repeater-item-3f6ce38 swiper-slide\" role=\"group\" aria-roledescription=\"slide\"><div class=\"swiper-slide-bg\" role=\"img\" aria-label=\"paraguayo\"><\/div><div class=\"swiper-slide-inner\" ><div class=\"swiper-slide-contents\"><div class=\"elementor-slide-heading\">Paraguayo\/Platerine<\/div><\/div><\/div><\/div>\t\t\t\t<\/div>\n\t\t\t\t\t\t\t<\/div>\n\t\t\t\t<\/div>\n\t\t\t\t\t\t\t\t<\/div>\n\t\t\t\t<\/div>\n\t\t\t\t\t<\/div>\n\t\t<\/div>\n\t\t\t\t\t<\/div>\n\t\t<\/section>\n\t\t\t\t<section class=\"elementor-section elementor-top-section elementor-element elementor-element-1cbab0f5 elementor-section-boxed elementor-section-height-default elementor-section-height-default\" data-id=\"1cbab0f5\" data-element_type=\"section\" data-e-type=\"section\">\n\t\t\t\t\t\t<div class=\"elementor-container elementor-column-gap-default\">\n\t\t\t\t\t<div class=\"elementor-column elementor-col-100 elementor-top-column elementor-element elementor-element-32f44c11\" data-id=\"32f44c11\" data-element_type=\"column\" data-e-type=\"column\">\n\t\t\t<div class=\"elementor-widget-wrap elementor-element-populated\">\n\t\t\t\t\t\t<div class=\"elementor-element elementor-element-7c9b9f0f elementor-widget elementor-widget-spacer\" data-id=\"7c9b9f0f\" data-element_type=\"widget\" data-e-type=\"widget\" data-widget_type=\"spacer.default\">\n\t\t\t\t<div class=\"elementor-widget-container\">\n\t\t\t\t\t\t\t<div class=\"elementor-spacer\">\n\t\t\t<div class=\"elementor-spacer-inner\"><\/div>\n\t\t<\/div>\n\t\t\t\t\t\t<\/div>\n\t\t\t\t<\/div>\n\t\t\t\t\t<\/div>\n\t\t<\/div>\n\t\t\t\t\t<\/div>\n\t\t<\/section>\n\t\t\t\t<section class=\"elementor-section elementor-top-section elementor-element elementor-element-601b8c produitem elementor-section-boxed elementor-section-height-default elementor-section-height-default\" data-id=\"601b8c\" data-element_type=\"section\" data-e-type=\"section\">\n\t\t\t\t\t\t<div class=\"elementor-container elementor-column-gap-default\">\n\t\t\t\t\t<div class=\"elementor-column elementor-col-50 elementor-top-column elementor-element elementor-element-e87daac\" data-id=\"e87daac\" data-element_type=\"column\" data-e-type=\"column\">\n\t\t\t<div class=\"elementor-widget-wrap elementor-element-populated\">\n\t\t\t\t\t\t<div class=\"elementor-element elementor-element-6d874c4b elementor-widget elementor-widget-text-editor\" data-id=\"6d874c4b\" data-element_type=\"widget\" data-e-type=\"widget\" data-widget_type=\"text-editor.default\">\n\t\t\t\t<div class=\"elementor-widget-container\">\n\t\t\t\t\t\t\t\t\t<p>Les p\u00eaches du Paraguay sont un d\u00e9licieux secret d&rsquo;Asie de l&rsquo;Est. Cette vari\u00e9t\u00e9, \u00e0 la peau presque sans duvet, est la plus sucr\u00e9e et la plus juteuse qui soit. Riche en vitamines A et C, cette p\u00eache aplatie a \u00e9t\u00e9 commercialis\u00e9e sous les noms de \u00ab p\u00eache Saturne \u00bb ou \u00ab p\u00eache beignet \u00bb. Quel dommage de l&rsquo;associer \u00e0 la malbouffe frite ! De nouvelles vari\u00e9t\u00e9s de ce p\u00eacher ont facilit\u00e9 sa culture sous des climats plus exigeants, augmentant ainsi sa disponibilit\u00e9.<\/p><p>Ces p\u00eaches sont meilleures lorsqu&rsquo;elles m\u00fbrissent sur l&rsquo;arbre et se conservent et se d\u00e9gustent \u00e0 temp\u00e9rature ambiante. Leur chair blanche, sucr\u00e9e avec une l\u00e9g\u00e8re saveur d&rsquo;amande, se savoure facilement \u00e0 la main gr\u00e2ce \u00e0 son noyau facile \u00e0 retirer. Un fruit incontournable pour les amateurs de p\u00eaches !<\/p>\t\t\t\t\t\t\t\t<\/div>\n\t\t\t\t<\/div>\n\t\t\t\t<div class=\"elementor-element elementor-element-4eac8bc0 elementor-widget elementor-widget-heading\" data-id=\"4eac8bc0\" data-element_type=\"widget\" data-e-type=\"widget\" data-widget_type=\"heading.default\">\n\t\t\t\t<div class=\"elementor-widget-container\">\n\t\t\t\t\t<h2 class=\"elementor-heading-title elementor-size-default\">Vari\u00e9t\u00e9s<\/h2>\t\t\t\t<\/div>\n\t\t\t\t<\/div>\n\t\t\t\t<div class=\"elementor-element elementor-element-271f1852 elementor-widget elementor-widget-toggle\" data-id=\"271f1852\" data-element_type=\"widget\" data-e-type=\"widget\" data-widget_type=\"toggle.default\">\n\t\t\t\t<div class=\"elementor-widget-container\">\n\t\t\t\t\t\t\t<div class=\"elementor-toggle\">\n\t\t\t\t\t\t\t<div class=\"elementor-toggle-item\">\n\t\t\t\t\t<div id=\"elementor-tab-title-6561\" class=\"elementor-tab-title\" data-tab=\"1\" role=\"button\" aria-controls=\"elementor-tab-content-6561\" aria-expanded=\"false\">\n\t\t\t\t\t\t\t\t\t\t\t\t<span class=\"elementor-toggle-icon elementor-toggle-icon-left\" aria-hidden=\"true\">\n\t\t\t\t\t\t\t\t\t\t\t\t\t\t\t<span class=\"elementor-toggle-icon-closed\"><i class=\"fas fa-caret-right\"><\/i><\/span>\n\t\t\t\t\t\t\t\t<span class=\"elementor-toggle-icon-opened\"><i class=\"elementor-toggle-icon-opened fas fa-caret-up\"><\/i><\/span>\n\t\t\t\t\t\t\t\t\t\t\t\t\t<\/span>\n\t\t\t\t\t\t\t\t\t\t\t\t<a class=\"elementor-toggle-title\" tabindex=\"0\">Sweet cap<\/a>\n\t\t\t\t\t<\/div>\n\n\t\t\t\t\t<div id=\"elementor-tab-content-6561\" class=\"elementor-tab-content elementor-clearfix\" data-tab=\"1\" role=\"region\" aria-labelledby=\"elementor-tab-title-6561\"><p><img decoding=\"async\" class=\"alignleft wp-image-2856\" src=\"https:\/\/www.dcatala.com\/wp-content\/uploads\/2020\/04\/SweetCap.jpg\" alt=\"\" width=\"150\" height=\"124\" \/>Gros calibre, peau rouge \u00e0 85-90 % sur fond blanc. Chair blanche, ferme, croquante et tr\u00e8s sucr\u00e9e. Noyau facile \u00e0 ouvrir, mais qui a tendance \u00e0 se fendre.<br \/><br \/><\/p><\/div>\n\t\t\t\t<\/div>\n\t\t\t\t\t\t\t\t<\/div>\n\t\t\t\t\t\t<\/div>\n\t\t\t\t<\/div>\n\t\t\t\t\t<\/div>\n\t\t<\/div>\n\t\t\t\t<div class=\"elementor-column elementor-col-50 elementor-top-column elementor-element elementor-element-379c930f\" data-id=\"379c930f\" data-element_type=\"column\" data-e-type=\"column\">\n\t\t\t<div class=\"elementor-widget-wrap elementor-element-populated\">\n\t\t\t\t\t\t<div class=\"elementor-element elementor-element-34d1853b elementor-widget elementor-widget-heading\" data-id=\"34d1853b\" data-element_type=\"widget\" data-e-type=\"widget\" data-widget_type=\"heading.default\">\n\t\t\t\t<div class=\"elementor-widget-container\">\n\t\t\t\t\t<h2 class=\"elementor-heading-title elementor-size-default\">Les propri\u00e9t\u00e9s nutritionnelles\n<\/h2>\t\t\t\t<\/div>\n\t\t\t\t<\/div>\n\t\t\t\t<div class=\"elementor-element elementor-element-3e1f243d elementor-widget elementor-widget-heading\" data-id=\"3e1f243d\" data-element_type=\"widget\" data-e-type=\"widget\" data-widget_type=\"heading.default\">\n\t\t\t\t<div class=\"elementor-widget-container\">\n\t\t\t\t\t<h2 class=\"elementor-heading-title elementor-size-default\">Composition pour 100 grammes\n<\/h2>\t\t\t\t<\/div>\n\t\t\t\t<\/div>\n\t\t\t\t<div class=\"elementor-element elementor-element-43424845 elementor-widget elementor-widget-progress\" data-id=\"43424845\" data-element_type=\"widget\" data-e-type=\"widget\" data-widget_type=\"progress.default\">\n\t\t\t\t<div class=\"elementor-widget-container\">\n\t\t\t\t\t\t\t\t<span class=\"elementor-title\" id=\"elementor-progress-bar-43424845\">\n\t\t\t\tCalories (KCAL) - 39\t\t\t<\/span>\n\t\t\n\t\t<div aria-labelledby=\"elementor-progress-bar-43424845\" class=\"elementor-progress-wrapper\" role=\"progressbar\" aria-valuemin=\"0\" aria-valuemax=\"100\" aria-valuenow=\"39\">\n\t\t\t<div class=\"elementor-progress-bar\" data-max=\"39\">\n\t\t\t\t<span class=\"elementor-progress-text\"><\/span>\n\t\t\t\t\t\t\t<\/div>\n\t\t<\/div>\n\t\t\t\t\t\t<\/div>\n\t\t\t\t<\/div>\n\t\t\t\t<div class=\"elementor-element elementor-element-7f11afcc elementor-widget elementor-widget-progress\" data-id=\"7f11afcc\" data-element_type=\"widget\" data-e-type=\"widget\" data-widget_type=\"progress.default\">\n\t\t\t\t<div class=\"elementor-widget-container\">\n\t\t\t\t\t\t\t\t<span class=\"elementor-title\" id=\"elementor-progress-bar-7f11afcc\">\n\t\t\t\tGlucides (G) - 10\t\t\t<\/span>\n\t\t\n\t\t<div aria-labelledby=\"elementor-progress-bar-7f11afcc\" class=\"elementor-progress-wrapper\" role=\"progressbar\" aria-valuemin=\"0\" aria-valuemax=\"100\" aria-valuenow=\"19\">\n\t\t\t<div class=\"elementor-progress-bar\" data-max=\"19\">\n\t\t\t\t<span class=\"elementor-progress-text\"><\/span>\n\t\t\t\t\t\t\t<\/div>\n\t\t<\/div>\n\t\t\t\t\t\t<\/div>\n\t\t\t\t<\/div>\n\t\t\t\t<div class=\"elementor-element elementor-element-698a5fd8 elementor-widget elementor-widget-progress\" data-id=\"698a5fd8\" data-element_type=\"widget\" data-e-type=\"widget\" data-widget_type=\"progress.default\">\n\t\t\t\t<div class=\"elementor-widget-container\">\n\t\t\t\t\t\t\t\t<span class=\"elementor-title\" id=\"elementor-progress-bar-698a5fd8\">\n\t\t\t\tFibre (G) - 1,5\t\t\t<\/span>\n\t\t\n\t\t<div aria-labelledby=\"elementor-progress-bar-698a5fd8\" class=\"elementor-progress-wrapper\" role=\"progressbar\" aria-valuemin=\"0\" aria-valuemax=\"100\" aria-valuenow=\"1.5\">\n\t\t\t<div class=\"elementor-progress-bar\" data-max=\"1.5\">\n\t\t\t\t<span class=\"elementor-progress-text\"><\/span>\n\t\t\t\t\t\t\t<\/div>\n\t\t<\/div>\n\t\t\t\t\t\t<\/div>\n\t\t\t\t<\/div>\n\t\t\t\t<div class=\"elementor-element elementor-element-44cd5bf4 elementor-widget elementor-widget-progress\" data-id=\"44cd5bf4\" data-element_type=\"widget\" data-e-type=\"widget\" data-widget_type=\"progress.default\">\n\t\t\t\t<div class=\"elementor-widget-container\">\n\t\t\t\t\t\t\t\t<span class=\"elementor-title\" id=\"elementor-progress-bar-44cd5bf4\">\n\t\t\t\tPotassium (MG) - 190\t\t\t<\/span>\n\t\t\n\t\t<div aria-labelledby=\"elementor-progress-bar-44cd5bf4\" class=\"elementor-progress-wrapper\" role=\"progressbar\" aria-valuemin=\"0\" aria-valuemax=\"100\" aria-valuenow=\"19\">\n\t\t\t<div class=\"elementor-progress-bar\" data-max=\"19\">\n\t\t\t\t<span class=\"elementor-progress-text\"><\/span>\n\t\t\t\t\t\t\t<\/div>\n\t\t<\/div>\n\t\t\t\t\t\t<\/div>\n\t\t\t\t<\/div>\n\t\t\t\t<div class=\"elementor-element elementor-element-5f00d77c elementor-widget elementor-widget-progress\" data-id=\"5f00d77c\" data-element_type=\"widget\" data-e-type=\"widget\" data-widget_type=\"progress.default\">\n\t\t\t\t<div class=\"elementor-widget-container\">\n\t\t\t\t\t\t\t\t<span class=\"elementor-title\" id=\"elementor-progress-bar-5f00d77c\">\n\t\t\t\tMagn\u00e9sium (MG) - 9\t\t\t<\/span>\n\t\t\n\t\t<div aria-labelledby=\"elementor-progress-bar-5f00d77c\" class=\"elementor-progress-wrapper\" role=\"progressbar\" aria-valuemin=\"0\" aria-valuemax=\"100\" aria-valuenow=\"9\">\n\t\t\t<div class=\"elementor-progress-bar\" data-max=\"9\">\n\t\t\t\t<span class=\"elementor-progress-text\"><\/span>\n\t\t\t\t\t\t\t<\/div>\n\t\t<\/div>\n\t\t\t\t\t\t<\/div>\n\t\t\t\t<\/div>\n\t\t\t\t<div class=\"elementor-element elementor-element-416227d3 elementor-widget elementor-widget-progress\" data-id=\"416227d3\" data-element_type=\"widget\" data-e-type=\"widget\" data-widget_type=\"progress.default\">\n\t\t\t\t<div class=\"elementor-widget-container\">\n\t\t\t\t\t\t\t\t<span class=\"elementor-title\" id=\"elementor-progress-bar-416227d3\">\n\t\t\t\tVitamina A (MG) - 7,1\t\t\t<\/span>\n\t\t\n\t\t<div aria-labelledby=\"elementor-progress-bar-416227d3\" class=\"elementor-progress-wrapper\" role=\"progressbar\" aria-valuemin=\"0\" aria-valuemax=\"100\" aria-valuenow=\"7.1\">\n\t\t\t<div class=\"elementor-progress-bar\" data-max=\"7.1\">\n\t\t\t\t<span class=\"elementor-progress-text\"><\/span>\n\t\t\t\t\t\t\t<\/div>\n\t\t<\/div>\n\t\t\t\t\t\t<\/div>\n\t\t\t\t<\/div>\n\t\t\t\t<div class=\"elementor-element elementor-element-2d183a37 elementor-widget elementor-widget-progress\" data-id=\"2d183a37\" data-element_type=\"widget\" data-e-type=\"widget\" data-widget_type=\"progress.default\">\n\t\t\t\t<div class=\"elementor-widget-container\">\n\t\t\t\t\t\t\t\t<span class=\"elementor-title\" id=\"elementor-progress-bar-2d183a37\">\n\t\t\t\tVitamina C (MG) - 6.6\t\t\t<\/span>\n\t\t\n\t\t<div aria-labelledby=\"elementor-progress-bar-2d183a37\" class=\"elementor-progress-wrapper\" role=\"progressbar\" aria-valuemin=\"0\" aria-valuemax=\"100\" aria-valuenow=\"6.6\">\n\t\t\t<div class=\"elementor-progress-bar\" data-max=\"6.6\">\n\t\t\t\t<span class=\"elementor-progress-text\"><\/span>\n\t\t\t\t\t\t\t<\/div>\n\t\t<\/div>\n\t\t\t\t\t\t<\/div>\n\t\t\t\t<\/div>\n\t\t\t\t<div class=\"elementor-element elementor-element-30ea936c elementor-widget elementor-widget-progress\" data-id=\"30ea936c\" data-element_type=\"widget\" data-e-type=\"widget\" data-widget_type=\"progress.default\">\n\t\t\t\t<div class=\"elementor-widget-container\">\n\t\t\t\t\t\t\t\t<span class=\"elementor-title\" id=\"elementor-progress-bar-30ea936c\">\n\t\t\t\tCuivre C (MG) - 7\t\t\t<\/span>\n\t\t\n\t\t<div aria-labelledby=\"elementor-progress-bar-30ea936c\" class=\"elementor-progress-wrapper\" role=\"progressbar\" aria-valuemin=\"0\" aria-valuemax=\"100\" aria-valuenow=\"1\">\n\t\t\t<div class=\"elementor-progress-bar\" data-max=\"1\">\n\t\t\t\t<span class=\"elementor-progress-text\"><\/span>\n\t\t\t\t\t\t\t<\/div>\n\t\t<\/div>\n\t\t\t\t\t\t<\/div>\n\t\t\t\t<\/div>\n\t\t\t\t\t<\/div>\n\t\t<\/div>\n\t\t\t\t\t<\/div>\n\t\t<\/section>\n\t\t\t\t<section class=\"elementor-section elementor-top-section elementor-element elementor-element-361b2e25 tableprods elementor-section-boxed elementor-section-height-default elementor-section-height-default\" data-id=\"361b2e25\" data-element_type=\"section\" data-e-type=\"section\">\n\t\t\t\t\t\t<div class=\"elementor-container elementor-column-gap-default\">\n\t\t\t\t\t<div class=\"elementor-column elementor-col-100 elementor-top-column elementor-element elementor-element-62063b9f\" data-id=\"62063b9f\" data-element_type=\"column\" data-e-type=\"column\">\n\t\t\t<div class=\"elementor-widget-wrap elementor-element-populated\">\n\t\t\t\t\t\t<div class=\"elementor-element elementor-element-6760db3b elementor-widget elementor-widget-spacer\" data-id=\"6760db3b\" data-element_type=\"widget\" data-e-type=\"widget\" data-widget_type=\"spacer.default\">\n\t\t\t\t<div class=\"elementor-widget-container\">\n\t\t\t\t\t\t\t<div class=\"elementor-spacer\">\n\t\t\t<div class=\"elementor-spacer-inner\"><\/div>\n\t\t<\/div>\n\t\t\t\t\t\t<\/div>\n\t\t\t\t<\/div>\n\t\t\t\t<div class=\"elementor-element elementor-element-6a0bcb4b elementor-widget elementor-widget-heading\" data-id=\"6a0bcb4b\" data-element_type=\"widget\" data-e-type=\"widget\" data-widget_type=\"heading.default\">\n\t\t\t\t<div class=\"elementor-widget-container\">\n\t\t\t\t\t<h2 class=\"elementor-heading-title elementor-size-default\">Calendrier<\/h2>\t\t\t\t<\/div>\n\t\t\t\t<\/div>\n\t\t\t\t<div class=\"elementor-element elementor-element-c394401 elementor-widget elementor-widget-image\" data-id=\"c394401\" data-element_type=\"widget\" data-e-type=\"widget\" data-widget_type=\"image.default\">\n\t\t\t\t<div class=\"elementor-widget-container\">\n\t\t\t\t\t\t\t\t\t\t\t\t\t\t\t<img fetchpriority=\"high\" decoding=\"async\" width=\"1024\" height=\"112\" src=\"https:\/\/www.dcatala.com\/wp-content\/uploads\/2020\/06\/paraguayo_FR-1024x112.png\" class=\"attachment-large size-large wp-image-7265\" alt=\"\" srcset=\"https:\/\/www.dcatala.com\/wp-content\/uploads\/2020\/06\/paraguayo_FR-1024x112.png 1024w, https:\/\/www.dcatala.com\/wp-content\/uploads\/2020\/06\/paraguayo_FR-300x33.png 300w, https:\/\/www.dcatala.com\/wp-content\/uploads\/2020\/06\/paraguayo_FR-768x84.png 768w, https:\/\/www.dcatala.com\/wp-content\/uploads\/2020\/06\/paraguayo_FR-1536x168.png 1536w, https:\/\/www.dcatala.com\/wp-content\/uploads\/2020\/06\/paraguayo_FR-2048x223.png 2048w\" sizes=\"(max-width: 1024px) 100vw, 1024px\" \/>\t\t\t\t\t\t\t\t\t\t\t\t\t\t\t<\/div>\n\t\t\t\t<\/div>\n\t\t\t\t\t<\/div>\n\t\t<\/div>\n\t\t\t\t\t<\/div>\n\t\t<\/section>\n\t\t\t\t<\/div>\n\t\t","protected":false},"excerpt":{"rendered":"<p>Paraguayo\/Platerine Les p\u00eaches du Paraguay sont un d\u00e9licieux secret d&rsquo;Asie de l&rsquo;Est. Cette vari\u00e9t\u00e9, \u00e0 la peau presque sans duvet, est la plus sucr\u00e9e et la plus juteuse qui soit. Riche en vitamines A et C, cette p\u00eache aplatie a \u00e9t\u00e9 commercialis\u00e9e sous les noms de \u00ab p\u00eache Saturne \u00bb ou \u00ab p\u00eache beignet \u00bb. &#8230; <a title=\"Paraguayo \/ Platerine\" class=\"read-more\" href=\"https:\/\/www.dcatala.com\/fr\/fruit\/paraguayo-platerine\/\" aria-label=\"En savoir plus sur Paraguayo \/ Platerine\">Lire la suite<\/a><\/p>\n","protected":false},"author":1,"featured_media":0,"parent":3806,"menu_order":0,"comment_status":"closed","ping_status":"closed","template":"elementor_header_footer","meta":{"footnotes":""},"class_list":["post-3951","page","type-page","status-publish"],"yoast_head":"<!-- This site is optimized with the Yoast SEO plugin v27.5 - https:\/\/yoast.com\/product\/yoast-seo-wordpress\/ -->\n<title>Paraguayo \/ Platerine - DOMINGO CATAL\u00c0<\/title>\n<meta name=\"description\" content=\"Paraguayo\/Platerine Les p\u00eaches du Paraguay sont un d\u00e9licieux secret d&#039;Asie de l&#039;Est. Cette vari\u00e9t\u00e9, \u00e0 la peau presque sans duvet, est la plus sucr\u00e9e et la\" \/>\n<meta name=\"robots\" content=\"index, follow, max-snippet:-1, max-image-preview:large, max-video-preview:-1\" \/>\n<link rel=\"canonical\" href=\"https:\/\/www.dcatala.com\/fr\/fruit\/paraguayo-platerine\/\" \/>\n<meta name=\"twitter:label1\" content=\"Dur\u00e9e de lecture estim\u00e9e\" \/>\n\t<meta name=\"twitter:data1\" content=\"1 minute\" \/>\n<script type=\"application\/ld+json\" class=\"yoast-schema-graph\">{\"@context\":\"https:\\\/\\\/schema.org\",\"@graph\":[{\"@type\":\"WebPage\",\"@id\":\"https:\\\/\\\/www.dcatala.com\\\/fr\\\/fruit\\\/paraguayo-platerine\\\/\",\"url\":\"https:\\\/\\\/www.dcatala.com\\\/fr\\\/fruit\\\/paraguayo-platerine\\\/\",\"name\":\"Paraguayo \\\/ Platerine - DOMINGO CATAL\u00c0\",\"isPartOf\":{\"@id\":\"https:\\\/\\\/www.dcatala.com\\\/fr\\\/#website\"},\"primaryImageOfPage\":{\"@id\":\"https:\\\/\\\/www.dcatala.com\\\/fr\\\/fruit\\\/paraguayo-platerine\\\/#primaryimage\"},\"image\":{\"@id\":\"https:\\\/\\\/www.dcatala.com\\\/fr\\\/fruit\\\/paraguayo-platerine\\\/#primaryimage\"},\"thumbnailUrl\":\"https:\\\/\\\/www.dcatala.com\\\/wp-content\\\/uploads\\\/2020\\\/04\\\/SweetCap.jpg\",\"datePublished\":\"2020-03-26T12:24:15+00:00\",\"dateModified\":\"2026-04-20T11:22:18+00:00\",\"description\":\"Paraguayo\\\/Platerine Les p\u00eaches du Paraguay sont un d\u00e9licieux secret d'Asie de l'Est. Cette vari\u00e9t\u00e9, \u00e0 la peau presque sans duvet, est la plus sucr\u00e9e et la\",\"breadcrumb\":{\"@id\":\"https:\\\/\\\/www.dcatala.com\\\/fr\\\/fruit\\\/paraguayo-platerine\\\/#breadcrumb\"},\"inLanguage\":\"fr-FR\",\"potentialAction\":[{\"@type\":\"ReadAction\",\"target\":[\"https:\\\/\\\/www.dcatala.com\\\/fr\\\/fruit\\\/paraguayo-platerine\\\/\"]}]},{\"@type\":\"ImageObject\",\"inLanguage\":\"fr-FR\",\"@id\":\"https:\\\/\\\/www.dcatala.com\\\/fr\\\/fruit\\\/paraguayo-platerine\\\/#primaryimage\",\"url\":\"https:\\\/\\\/www.dcatala.com\\\/wp-content\\\/uploads\\\/2020\\\/04\\\/SweetCap.jpg\",\"contentUrl\":\"https:\\\/\\\/www.dcatala.com\\\/wp-content\\\/uploads\\\/2020\\\/04\\\/SweetCap.jpg\"},{\"@type\":\"BreadcrumbList\",\"@id\":\"https:\\\/\\\/www.dcatala.com\\\/fr\\\/fruit\\\/paraguayo-platerine\\\/#breadcrumb\",\"itemListElement\":[{\"@type\":\"ListItem\",\"position\":1,\"name\":\"Portada\",\"item\":\"https:\\\/\\\/www.dcatala.com\\\/fr\\\/\"},{\"@type\":\"ListItem\",\"position\":2,\"name\":\"Fruit\",\"item\":\"https:\\\/\\\/www.dcatala.com\\\/fr\\\/fruit\\\/\"},{\"@type\":\"ListItem\",\"position\":3,\"name\":\"Paraguayo \\\/ Platerine\"}]},{\"@type\":\"WebSite\",\"@id\":\"https:\\\/\\\/www.dcatala.com\\\/fr\\\/#website\",\"url\":\"https:\\\/\\\/www.dcatala.com\\\/fr\\\/\",\"name\":\"DOMINGO CATAL\u00c0\",\"description\":\"Produciendo calidad\",\"publisher\":{\"@id\":\"https:\\\/\\\/www.dcatala.com\\\/fr\\\/#organization\"},\"potentialAction\":[{\"@type\":\"SearchAction\",\"target\":{\"@type\":\"EntryPoint\",\"urlTemplate\":\"https:\\\/\\\/www.dcatala.com\\\/fr\\\/?s={search_term_string}\"},\"query-input\":{\"@type\":\"PropertyValueSpecification\",\"valueRequired\":true,\"valueName\":\"search_term_string\"}}],\"inLanguage\":\"fr-FR\"},{\"@type\":\"Organization\",\"@id\":\"https:\\\/\\\/www.dcatala.com\\\/fr\\\/#organization\",\"name\":\"D.Catala\",\"url\":\"https:\\\/\\\/www.dcatala.com\\\/fr\\\/\",\"logo\":{\"@type\":\"ImageObject\",\"inLanguage\":\"fr-FR\",\"@id\":\"https:\\\/\\\/www.dcatala.com\\\/fr\\\/#\\\/schema\\\/logo\\\/image\\\/\",\"url\":\"https:\\\/\\\/www.dcatala.com\\\/wp-content\\\/uploads\\\/2020\\\/05\\\/cropped-logo-d.catala-2-1-scaled-1.jpg\",\"contentUrl\":\"https:\\\/\\\/www.dcatala.com\\\/wp-content\\\/uploads\\\/2020\\\/05\\\/cropped-logo-d.catala-2-1-scaled-1.jpg\",\"width\":2560,\"height\":711,\"caption\":\"D.Catala\"},\"image\":{\"@id\":\"https:\\\/\\\/www.dcatala.com\\\/fr\\\/#\\\/schema\\\/logo\\\/image\\\/\"}}]}<\/script>\n<!-- \/ Yoast SEO plugin. -->","yoast_head_json":{"title":"Paraguayo \/ Platerine - DOMINGO CATAL\u00c0","description":"Paraguayo\/Platerine Les p\u00eaches du Paraguay sont un d\u00e9licieux secret d'Asie de l'Est. Cette vari\u00e9t\u00e9, \u00e0 la peau presque sans duvet, est la plus sucr\u00e9e et la","robots":{"index":"index","follow":"follow","max-snippet":"max-snippet:-1","max-image-preview":"max-image-preview:large","max-video-preview":"max-video-preview:-1"},"canonical":"https:\/\/www.dcatala.com\/fr\/fruit\/paraguayo-platerine\/","twitter_misc":{"Dur\u00e9e de lecture estim\u00e9e":"1 minute"},"schema":{"@context":"https:\/\/schema.org","@graph":[{"@type":"WebPage","@id":"https:\/\/www.dcatala.com\/fr\/fruit\/paraguayo-platerine\/","url":"https:\/\/www.dcatala.com\/fr\/fruit\/paraguayo-platerine\/","name":"Paraguayo \/ Platerine - DOMINGO CATAL\u00c0","isPartOf":{"@id":"https:\/\/www.dcatala.com\/fr\/#website"},"primaryImageOfPage":{"@id":"https:\/\/www.dcatala.com\/fr\/fruit\/paraguayo-platerine\/#primaryimage"},"image":{"@id":"https:\/\/www.dcatala.com\/fr\/fruit\/paraguayo-platerine\/#primaryimage"},"thumbnailUrl":"https:\/\/www.dcatala.com\/wp-content\/uploads\/2020\/04\/SweetCap.jpg","datePublished":"2020-03-26T12:24:15+00:00","dateModified":"2026-04-20T11:22:18+00:00","description":"Paraguayo\/Platerine Les p\u00eaches du Paraguay sont un d\u00e9licieux secret d'Asie de l'Est. Cette vari\u00e9t\u00e9, \u00e0 la peau presque sans duvet, est la plus sucr\u00e9e et la","breadcrumb":{"@id":"https:\/\/www.dcatala.com\/fr\/fruit\/paraguayo-platerine\/#breadcrumb"},"inLanguage":"fr-FR","potentialAction":[{"@type":"ReadAction","target":["https:\/\/www.dcatala.com\/fr\/fruit\/paraguayo-platerine\/"]}]},{"@type":"ImageObject","inLanguage":"fr-FR","@id":"https:\/\/www.dcatala.com\/fr\/fruit\/paraguayo-platerine\/#primaryimage","url":"https:\/\/www.dcatala.com\/wp-content\/uploads\/2020\/04\/SweetCap.jpg","contentUrl":"https:\/\/www.dcatala.com\/wp-content\/uploads\/2020\/04\/SweetCap.jpg"},{"@type":"BreadcrumbList","@id":"https:\/\/www.dcatala.com\/fr\/fruit\/paraguayo-platerine\/#breadcrumb","itemListElement":[{"@type":"ListItem","position":1,"name":"Portada","item":"https:\/\/www.dcatala.com\/fr\/"},{"@type":"ListItem","position":2,"name":"Fruit","item":"https:\/\/www.dcatala.com\/fr\/fruit\/"},{"@type":"ListItem","position":3,"name":"Paraguayo \/ Platerine"}]},{"@type":"WebSite","@id":"https:\/\/www.dcatala.com\/fr\/#website","url":"https:\/\/www.dcatala.com\/fr\/","name":"DOMINGO CATAL\u00c0","description":"Produciendo calidad","publisher":{"@id":"https:\/\/www.dcatala.com\/fr\/#organization"},"potentialAction":[{"@type":"SearchAction","target":{"@type":"EntryPoint","urlTemplate":"https:\/\/www.dcatala.com\/fr\/?s={search_term_string}"},"query-input":{"@type":"PropertyValueSpecification","valueRequired":true,"valueName":"search_term_string"}}],"inLanguage":"fr-FR"},{"@type":"Organization","@id":"https:\/\/www.dcatala.com\/fr\/#organization","name":"D.Catala","url":"https:\/\/www.dcatala.com\/fr\/","logo":{"@type":"ImageObject","inLanguage":"fr-FR","@id":"https:\/\/www.dcatala.com\/fr\/#\/schema\/logo\/image\/","url":"https:\/\/www.dcatala.com\/wp-content\/uploads\/2020\/05\/cropped-logo-d.catala-2-1-scaled-1.jpg","contentUrl":"https:\/\/www.dcatala.com\/wp-content\/uploads\/2020\/05\/cropped-logo-d.catala-2-1-scaled-1.jpg","width":2560,"height":711,"caption":"D.Catala"},"image":{"@id":"https:\/\/www.dcatala.com\/fr\/#\/schema\/logo\/image\/"}}]}},"_links":{"self":[{"href":"https:\/\/www.dcatala.com\/fr\/wp-json\/wp\/v2\/pages\/3951","targetHints":{"allow":["GET"]}}],"collection":[{"href":"https:\/\/www.dcatala.com\/fr\/wp-json\/wp\/v2\/pages"}],"about":[{"href":"https:\/\/www.dcatala.com\/fr\/wp-json\/wp\/v2\/types\/page"}],"author":[{"embeddable":true,"href":"https:\/\/www.dcatala.com\/fr\/wp-json\/wp\/v2\/users\/1"}],"replies":[{"embeddable":true,"href":"https:\/\/www.dcatala.com\/fr\/wp-json\/wp\/v2\/comments?post=3951"}],"version-history":[{"count":2,"href":"https:\/\/www.dcatala.com\/fr\/wp-json\/wp\/v2\/pages\/3951\/revisions"}],"predecessor-version":[{"id":10097,"href":"https:\/\/www.dcatala.com\/fr\/wp-json\/wp\/v2\/pages\/3951\/revisions\/10097"}],"up":[{"embeddable":true,"href":"https:\/\/www.dcatala.com\/fr\/wp-json\/wp\/v2\/pages\/3806"}],"wp:attachment":[{"href":"https:\/\/www.dcatala.com\/fr\/wp-json\/wp\/v2\/media?parent=3951"}],"curies":[{"name":"wp","href":"https:\/\/api.w.org\/{rel}","templated":true}]}}