{"id":7697,"date":"2020-06-01T15:24:13","date_gmt":"2020-06-01T15:24:13","guid":{"rendered":"https:\/\/www.dcatala.com\/?page_id=7697"},"modified":"2020-06-05T20:13:43","modified_gmt":"2020-06-05T18:13:43","slug":"fraise","status":"publish","type":"page","link":"https:\/\/www.dcatala.com\/fr\/fruit\/fraise\/","title":{"rendered":"Fraise"},"content":{"rendered":"\t\t<div data-elementor-type=\"wp-page\" data-elementor-id=\"7697\" class=\"elementor elementor-7697 elementor-6688\" data-elementor-post-type=\"page\">\n\t\t\t\t\t\t<section class=\"elementor-section elementor-top-section elementor-element elementor-element-4d6c4c69 elementor-section-full_width elementor-section-height-min-height elementor-section-height-default elementor-section-items-middle\" data-id=\"4d6c4c69\" data-element_type=\"section\" data-e-type=\"section\">\n\t\t\t\t\t\t<div class=\"elementor-container elementor-column-gap-default\">\n\t\t\t\t\t<div class=\"elementor-column elementor-col-100 elementor-top-column elementor-element elementor-element-92ae439\" data-id=\"92ae439\" data-element_type=\"column\" data-e-type=\"column\">\n\t\t\t<div class=\"elementor-widget-wrap elementor-element-populated\">\n\t\t\t\t\t\t<div class=\"elementor-element elementor-element-24128f9f elementor--h-position-center elementor--v-position-middle elementor-arrows-position-inside elementor-pagination-position-inside elementor-widget elementor-widget-slides\" data-id=\"24128f9f\" data-element_type=\"widget\" data-e-type=\"widget\" data-settings=\"{&quot;navigation&quot;:&quot;both&quot;,&quot;autoplay&quot;:&quot;yes&quot;,&quot;pause_on_hover&quot;:&quot;yes&quot;,&quot;pause_on_interaction&quot;:&quot;yes&quot;,&quot;autoplay_speed&quot;:5000,&quot;infinite&quot;:&quot;yes&quot;,&quot;transition&quot;:&quot;slide&quot;,&quot;transition_speed&quot;:500}\" data-widget_type=\"slides.default\">\n\t\t\t\t<div class=\"elementor-widget-container\">\n\t\t\t\t\t\t\t\t\t<div class=\"elementor-swiper\">\n\t\t\t\t\t<div class=\"elementor-slides-wrapper elementor-main-swiper swiper\" role=\"region\" aria-roledescription=\"carousel\" aria-label=\"Diapositives\" dir=\"ltr\" data-animation=\"fadeInUp\">\n\t\t\t\t<div class=\"swiper-wrapper elementor-slides\">\n\t\t\t\t\t\t\t\t\t\t<div class=\"elementor-repeater-item-3f6ce38 swiper-slide\" role=\"group\" aria-roledescription=\"slide\"><div class=\"swiper-slide-bg\" role=\"img\" aria-label=\"OLYMPUS DIGITAL CAMERA\"><\/div><div class=\"swiper-slide-inner\" ><div class=\"swiper-slide-contents\"><div class=\"elementor-slide-heading\">Fraise<\/div><\/div><\/div><\/div>\t\t\t\t<\/div>\n\t\t\t\t\t\t\t<\/div>\n\t\t\t\t<\/div>\n\t\t\t\t\t\t\t\t<\/div>\n\t\t\t\t<\/div>\n\t\t\t\t\t<\/div>\n\t\t<\/div>\n\t\t\t\t\t<\/div>\n\t\t<\/section>\n\t\t\t\t<section class=\"elementor-section elementor-top-section elementor-element elementor-element-73f51811 elementor-section-boxed elementor-section-height-default elementor-section-height-default\" data-id=\"73f51811\" data-element_type=\"section\" data-e-type=\"section\">\n\t\t\t\t\t\t<div class=\"elementor-container elementor-column-gap-default\">\n\t\t\t\t\t<div class=\"elementor-column elementor-col-100 elementor-top-column elementor-element elementor-element-5de224e7\" data-id=\"5de224e7\" data-element_type=\"column\" data-e-type=\"column\">\n\t\t\t<div class=\"elementor-widget-wrap elementor-element-populated\">\n\t\t\t\t\t\t<div class=\"elementor-element elementor-element-6fc37cfc elementor-widget elementor-widget-spacer\" data-id=\"6fc37cfc\" data-element_type=\"widget\" data-e-type=\"widget\" data-widget_type=\"spacer.default\">\n\t\t\t\t<div class=\"elementor-widget-container\">\n\t\t\t\t\t\t\t<div class=\"elementor-spacer\">\n\t\t\t<div class=\"elementor-spacer-inner\"><\/div>\n\t\t<\/div>\n\t\t\t\t\t\t<\/div>\n\t\t\t\t<\/div>\n\t\t\t\t\t<\/div>\n\t\t<\/div>\n\t\t\t\t\t<\/div>\n\t\t<\/section>\n\t\t\t\t<section class=\"elementor-section elementor-top-section elementor-element elementor-element-75632b77 produitem elementor-section-boxed elementor-section-height-default elementor-section-height-default\" data-id=\"75632b77\" data-element_type=\"section\" data-e-type=\"section\">\n\t\t\t\t\t\t<div class=\"elementor-container elementor-column-gap-default\">\n\t\t\t\t\t<div class=\"elementor-column elementor-col-100 elementor-top-column elementor-element elementor-element-7d2475d6\" data-id=\"7d2475d6\" data-element_type=\"column\" data-e-type=\"column\">\n\t\t\t<div class=\"elementor-widget-wrap elementor-element-populated\">\n\t\t\t\t\t\t<div class=\"elementor-element elementor-element-64895fc5 elementor-widget elementor-widget-text-editor\" data-id=\"64895fc5\" data-element_type=\"widget\" data-e-type=\"widget\" data-widget_type=\"text-editor.default\">\n\t\t\t\t<div class=\"elementor-widget-container\">\n\t\t\t\t\t\t\t\t\t<div class=\"col-xs-12 col-sm-6 col-md-4 col-lg-4\"><div class=\"texte\"><p>La premi\u00e8re fraise de jardin a \u00e9t\u00e9 cultiv\u00e9e en France \u00e0 la fin du XVIIIe si\u00e8cle. Avant cela, les fraises des bois et les s\u00e9lections cultiv\u00e9es d&rsquo;esp\u00e8ces de fraises des bois \u00e9taient la source commune des fruits. Le fruit de la fraise a \u00e9t\u00e9 mentionn\u00e9 dans la litt\u00e9rature romaine antique en r\u00e9f\u00e9rence \u00e0 son usage m\u00e9dicinal. Les Fran\u00e7ais ont commenc\u00e9 \u00e0 apporter des fraises de la for\u00eat dans leurs jardins pour les r\u00e9colter au XIIe si\u00e8cle. Charles V, le roi de France de 1364 \u00e0 1380, avait 1200 plants de fraises dans son jardin royal. Au d\u00e9but des ann\u00e9es 1400, les moines d&rsquo;Europe occidentale utilisaient la fraise des bois dans leurs manuscrits enlumin\u00e9s. La fraise se trouve dans l&rsquo;art italien, flamand, allemand et anglais. L&rsquo;ensemble du fraisier a \u00e9t\u00e9 utilis\u00e9 pour traiter les maladies d\u00e9pressives.<\/p><\/div><\/div>\t\t\t\t\t\t\t\t<\/div>\n\t\t\t\t<\/div>\n\t\t\t\t<div class=\"elementor-element elementor-element-289b0750 elementor-widget elementor-widget-spacer\" data-id=\"289b0750\" data-element_type=\"widget\" data-e-type=\"widget\" data-widget_type=\"spacer.default\">\n\t\t\t\t<div class=\"elementor-widget-container\">\n\t\t\t\t\t\t\t<div class=\"elementor-spacer\">\n\t\t\t<div class=\"elementor-spacer-inner\"><\/div>\n\t\t<\/div>\n\t\t\t\t\t\t<\/div>\n\t\t\t\t<\/div>\n\t\t\t\t\t<\/div>\n\t\t<\/div>\n\t\t\t\t\t<\/div>\n\t\t<\/section>\n\t\t\t\t<\/div>\n\t\t","protected":false},"excerpt":{"rendered":"<p>Fraise La premi\u00e8re fraise de jardin a \u00e9t\u00e9 cultiv\u00e9e en France \u00e0 la fin du XVIIIe si\u00e8cle. Avant cela, les fraises des bois et les s\u00e9lections cultiv\u00e9es d&rsquo;esp\u00e8ces de fraises des bois \u00e9taient la source commune des fruits. Le fruit de la fraise a \u00e9t\u00e9 mentionn\u00e9 dans la litt\u00e9rature romaine antique en r\u00e9f\u00e9rence \u00e0 son &#8230; <a title=\"Fraise\" class=\"read-more\" href=\"https:\/\/www.dcatala.com\/fr\/fruit\/fraise\/\" aria-label=\"En savoir plus sur Fraise\">Lire la suite<\/a><\/p>\n","protected":false},"author":1,"featured_media":0,"parent":3806,"menu_order":0,"comment_status":"closed","ping_status":"closed","template":"elementor_header_footer","meta":{"footnotes":""},"class_list":["post-7697","page","type-page","status-publish"],"yoast_head":"<!-- This site is optimized with the Yoast SEO plugin v27.4 - https:\/\/yoast.com\/product\/yoast-seo-wordpress\/ -->\n<title>Fraise - DOMINGO CATAL\u00c0<\/title>\n<meta name=\"description\" content=\"Fraise La premi\u00e8re fraise de jardin a \u00e9t\u00e9 cultiv\u00e9e en France \u00e0 la fin du XVIIIe si\u00e8cle. Avant cela, les fraises des bois et les s\u00e9lections cultiv\u00e9es\" \/>\n<meta name=\"robots\" content=\"index, follow, max-snippet:-1, max-image-preview:large, max-video-preview:-1\" \/>\n<link rel=\"canonical\" href=\"https:\/\/www.dcatala.com\/fr\/fruit\/fraise\/\" \/>\n<meta name=\"twitter:label1\" content=\"Dur\u00e9e de lecture estim\u00e9e\" \/>\n\t<meta name=\"twitter:data1\" content=\"1 minute\" \/>\n<script type=\"application\/ld+json\" class=\"yoast-schema-graph\">{\"@context\":\"https:\\\/\\\/schema.org\",\"@graph\":[{\"@type\":\"WebPage\",\"@id\":\"https:\\\/\\\/www.dcatala.com\\\/fr\\\/fruit\\\/fraise\\\/\",\"url\":\"https:\\\/\\\/www.dcatala.com\\\/fr\\\/fruit\\\/fraise\\\/\",\"name\":\"Fraise - DOMINGO CATAL\u00c0\",\"isPartOf\":{\"@id\":\"https:\\\/\\\/www.dcatala.com\\\/fr\\\/#website\"},\"datePublished\":\"2020-06-01T15:24:13+00:00\",\"dateModified\":\"2020-06-05T18:13:43+00:00\",\"description\":\"Fraise La premi\u00e8re fraise de jardin a \u00e9t\u00e9 cultiv\u00e9e en France \u00e0 la fin du XVIIIe si\u00e8cle. Avant cela, les fraises des bois et les s\u00e9lections cultiv\u00e9es\",\"breadcrumb\":{\"@id\":\"https:\\\/\\\/www.dcatala.com\\\/fr\\\/fruit\\\/fraise\\\/#breadcrumb\"},\"inLanguage\":\"fr-FR\",\"potentialAction\":[{\"@type\":\"ReadAction\",\"target\":[\"https:\\\/\\\/www.dcatala.com\\\/fr\\\/fruit\\\/fraise\\\/\"]}]},{\"@type\":\"BreadcrumbList\",\"@id\":\"https:\\\/\\\/www.dcatala.com\\\/fr\\\/fruit\\\/fraise\\\/#breadcrumb\",\"itemListElement\":[{\"@type\":\"ListItem\",\"position\":1,\"name\":\"Portada\",\"item\":\"https:\\\/\\\/www.dcatala.com\\\/fr\\\/\"},{\"@type\":\"ListItem\",\"position\":2,\"name\":\"Fruit\",\"item\":\"https:\\\/\\\/www.dcatala.com\\\/fr\\\/fruit\\\/\"},{\"@type\":\"ListItem\",\"position\":3,\"name\":\"Fraise\"}]},{\"@type\":\"WebSite\",\"@id\":\"https:\\\/\\\/www.dcatala.com\\\/fr\\\/#website\",\"url\":\"https:\\\/\\\/www.dcatala.com\\\/fr\\\/\",\"name\":\"DOMINGO CATAL\u00c0\",\"description\":\"Produciendo calidad\",\"publisher\":{\"@id\":\"https:\\\/\\\/www.dcatala.com\\\/fr\\\/#organization\"},\"potentialAction\":[{\"@type\":\"SearchAction\",\"target\":{\"@type\":\"EntryPoint\",\"urlTemplate\":\"https:\\\/\\\/www.dcatala.com\\\/fr\\\/?s={search_term_string}\"},\"query-input\":{\"@type\":\"PropertyValueSpecification\",\"valueRequired\":true,\"valueName\":\"search_term_string\"}}],\"inLanguage\":\"fr-FR\"},{\"@type\":\"Organization\",\"@id\":\"https:\\\/\\\/www.dcatala.com\\\/fr\\\/#organization\",\"name\":\"D.Catala\",\"url\":\"https:\\\/\\\/www.dcatala.com\\\/fr\\\/\",\"logo\":{\"@type\":\"ImageObject\",\"inLanguage\":\"fr-FR\",\"@id\":\"https:\\\/\\\/www.dcatala.com\\\/fr\\\/#\\\/schema\\\/logo\\\/image\\\/\",\"url\":\"https:\\\/\\\/www.dcatala.com\\\/wp-content\\\/uploads\\\/2020\\\/05\\\/cropped-logo-d.catala-2-1-scaled-1.jpg\",\"contentUrl\":\"https:\\\/\\\/www.dcatala.com\\\/wp-content\\\/uploads\\\/2020\\\/05\\\/cropped-logo-d.catala-2-1-scaled-1.jpg\",\"width\":2560,\"height\":711,\"caption\":\"D.Catala\"},\"image\":{\"@id\":\"https:\\\/\\\/www.dcatala.com\\\/fr\\\/#\\\/schema\\\/logo\\\/image\\\/\"}}]}<\/script>\n<!-- \/ Yoast SEO plugin. -->","yoast_head_json":{"title":"Fraise - DOMINGO CATAL\u00c0","description":"Fraise La premi\u00e8re fraise de jardin a \u00e9t\u00e9 cultiv\u00e9e en France \u00e0 la fin du XVIIIe si\u00e8cle. Avant cela, les fraises des bois et les s\u00e9lections cultiv\u00e9es","robots":{"index":"index","follow":"follow","max-snippet":"max-snippet:-1","max-image-preview":"max-image-preview:large","max-video-preview":"max-video-preview:-1"},"canonical":"https:\/\/www.dcatala.com\/fr\/fruit\/fraise\/","twitter_misc":{"Dur\u00e9e de lecture estim\u00e9e":"1 minute"},"schema":{"@context":"https:\/\/schema.org","@graph":[{"@type":"WebPage","@id":"https:\/\/www.dcatala.com\/fr\/fruit\/fraise\/","url":"https:\/\/www.dcatala.com\/fr\/fruit\/fraise\/","name":"Fraise - DOMINGO CATAL\u00c0","isPartOf":{"@id":"https:\/\/www.dcatala.com\/fr\/#website"},"datePublished":"2020-06-01T15:24:13+00:00","dateModified":"2020-06-05T18:13:43+00:00","description":"Fraise La premi\u00e8re fraise de jardin a \u00e9t\u00e9 cultiv\u00e9e en France \u00e0 la fin du XVIIIe si\u00e8cle. Avant cela, les fraises des bois et les s\u00e9lections cultiv\u00e9es","breadcrumb":{"@id":"https:\/\/www.dcatala.com\/fr\/fruit\/fraise\/#breadcrumb"},"inLanguage":"fr-FR","potentialAction":[{"@type":"ReadAction","target":["https:\/\/www.dcatala.com\/fr\/fruit\/fraise\/"]}]},{"@type":"BreadcrumbList","@id":"https:\/\/www.dcatala.com\/fr\/fruit\/fraise\/#breadcrumb","itemListElement":[{"@type":"ListItem","position":1,"name":"Portada","item":"https:\/\/www.dcatala.com\/fr\/"},{"@type":"ListItem","position":2,"name":"Fruit","item":"https:\/\/www.dcatala.com\/fr\/fruit\/"},{"@type":"ListItem","position":3,"name":"Fraise"}]},{"@type":"WebSite","@id":"https:\/\/www.dcatala.com\/fr\/#website","url":"https:\/\/www.dcatala.com\/fr\/","name":"DOMINGO CATAL\u00c0","description":"Produciendo calidad","publisher":{"@id":"https:\/\/www.dcatala.com\/fr\/#organization"},"potentialAction":[{"@type":"SearchAction","target":{"@type":"EntryPoint","urlTemplate":"https:\/\/www.dcatala.com\/fr\/?s={search_term_string}"},"query-input":{"@type":"PropertyValueSpecification","valueRequired":true,"valueName":"search_term_string"}}],"inLanguage":"fr-FR"},{"@type":"Organization","@id":"https:\/\/www.dcatala.com\/fr\/#organization","name":"D.Catala","url":"https:\/\/www.dcatala.com\/fr\/","logo":{"@type":"ImageObject","inLanguage":"fr-FR","@id":"https:\/\/www.dcatala.com\/fr\/#\/schema\/logo\/image\/","url":"https:\/\/www.dcatala.com\/wp-content\/uploads\/2020\/05\/cropped-logo-d.catala-2-1-scaled-1.jpg","contentUrl":"https:\/\/www.dcatala.com\/wp-content\/uploads\/2020\/05\/cropped-logo-d.catala-2-1-scaled-1.jpg","width":2560,"height":711,"caption":"D.Catala"},"image":{"@id":"https:\/\/www.dcatala.com\/fr\/#\/schema\/logo\/image\/"}}]}},"_links":{"self":[{"href":"https:\/\/www.dcatala.com\/fr\/wp-json\/wp\/v2\/pages\/7697","targetHints":{"allow":["GET"]}}],"collection":[{"href":"https:\/\/www.dcatala.com\/fr\/wp-json\/wp\/v2\/pages"}],"about":[{"href":"https:\/\/www.dcatala.com\/fr\/wp-json\/wp\/v2\/types\/page"}],"author":[{"embeddable":true,"href":"https:\/\/www.dcatala.com\/fr\/wp-json\/wp\/v2\/users\/1"}],"replies":[{"embeddable":true,"href":"https:\/\/www.dcatala.com\/fr\/wp-json\/wp\/v2\/comments?post=7697"}],"version-history":[{"count":2,"href":"https:\/\/www.dcatala.com\/fr\/wp-json\/wp\/v2\/pages\/7697\/revisions"}],"predecessor-version":[{"id":8745,"href":"https:\/\/www.dcatala.com\/fr\/wp-json\/wp\/v2\/pages\/7697\/revisions\/8745"}],"up":[{"embeddable":true,"href":"https:\/\/www.dcatala.com\/fr\/wp-json\/wp\/v2\/pages\/3806"}],"wp:attachment":[{"href":"https:\/\/www.dcatala.com\/fr\/wp-json\/wp\/v2\/media?parent=7697"}],"curies":[{"name":"wp","href":"https:\/\/api.w.org\/{rel}","templated":true}]}}