{"id":7661,"date":"2020-06-01T15:13:05","date_gmt":"2020-06-01T15:13:05","guid":{"rendered":"https:\/\/www.dcatala.com\/?page_id=7661"},"modified":"2020-06-05T20:42:21","modified_gmt":"2020-06-05T18:42:21","slug":"kiwi","status":"publish","type":"page","link":"https:\/\/www.dcatala.com\/it\/frutta\/kiwi\/","title":{"rendered":"Kiwi"},"content":{"rendered":"\t\t<div data-elementor-type=\"wp-page\" data-elementor-id=\"7661\" class=\"elementor elementor-7661 elementor-6690\" data-elementor-post-type=\"page\">\n\t\t\t\t\t\t<section class=\"elementor-section elementor-top-section elementor-element elementor-element-44cef9e4 elementor-section-full_width elementor-section-height-min-height elementor-section-height-default elementor-section-items-middle\" data-id=\"44cef9e4\" data-element_type=\"section\" data-e-type=\"section\">\n\t\t\t\t\t\t<div class=\"elementor-container elementor-column-gap-default\">\n\t\t\t\t\t<div class=\"elementor-column elementor-col-100 elementor-top-column elementor-element elementor-element-3a7724ab\" data-id=\"3a7724ab\" data-element_type=\"column\" data-e-type=\"column\">\n\t\t\t<div class=\"elementor-widget-wrap elementor-element-populated\">\n\t\t\t\t\t\t<div class=\"elementor-element elementor-element-78dbfb2 elementor--h-position-center elementor--v-position-middle elementor-arrows-position-inside elementor-pagination-position-inside elementor-widget elementor-widget-slides\" data-id=\"78dbfb2\" data-element_type=\"widget\" data-e-type=\"widget\" data-settings=\"{&quot;navigation&quot;:&quot;both&quot;,&quot;autoplay&quot;:&quot;yes&quot;,&quot;pause_on_hover&quot;:&quot;yes&quot;,&quot;pause_on_interaction&quot;:&quot;yes&quot;,&quot;autoplay_speed&quot;:5000,&quot;infinite&quot;:&quot;yes&quot;,&quot;transition&quot;:&quot;slide&quot;,&quot;transition_speed&quot;:500}\" data-widget_type=\"slides.default\">\n\t\t\t\t<div class=\"elementor-widget-container\">\n\t\t\t\t\t\t\t\t\t<div class=\"elementor-swiper\">\n\t\t\t\t\t<div class=\"elementor-slides-wrapper elementor-main-swiper swiper\" role=\"region\" aria-roledescription=\"carousel\" aria-label=\"Slides\" dir=\"ltr\" data-animation=\"fadeInUp\">\n\t\t\t\t<div class=\"swiper-wrapper elementor-slides\">\n\t\t\t\t\t\t\t\t\t\t<div class=\"elementor-repeater-item-3f6ce38 swiper-slide\" role=\"group\" aria-roledescription=\"slide\"><div class=\"swiper-slide-bg\" role=\"img\" aria-label=\"Organic Kiwis on Aged Wood Table. Closeup Photo.\"><\/div><div class=\"swiper-slide-inner\" ><div class=\"swiper-slide-contents\"><div class=\"elementor-slide-heading\">Kiwi<\/div><\/div><\/div><\/div>\t\t\t\t<\/div>\n\t\t\t\t\t\t\t<\/div>\n\t\t\t\t<\/div>\n\t\t\t\t\t\t\t\t<\/div>\n\t\t\t\t<\/div>\n\t\t\t\t\t<\/div>\n\t\t<\/div>\n\t\t\t\t\t<\/div>\n\t\t<\/section>\n\t\t\t\t<section class=\"elementor-section elementor-top-section elementor-element elementor-element-e67a892 elementor-section-boxed elementor-section-height-default elementor-section-height-default\" data-id=\"e67a892\" data-element_type=\"section\" data-e-type=\"section\">\n\t\t\t\t\t\t<div class=\"elementor-container elementor-column-gap-default\">\n\t\t\t\t\t<div class=\"elementor-column elementor-col-100 elementor-top-column elementor-element elementor-element-6302c843\" data-id=\"6302c843\" data-element_type=\"column\" data-e-type=\"column\">\n\t\t\t<div class=\"elementor-widget-wrap elementor-element-populated\">\n\t\t\t\t\t\t<div class=\"elementor-element elementor-element-18c0516 elementor-widget elementor-widget-spacer\" data-id=\"18c0516\" data-element_type=\"widget\" data-e-type=\"widget\" data-widget_type=\"spacer.default\">\n\t\t\t\t<div class=\"elementor-widget-container\">\n\t\t\t\t\t\t\t<div class=\"elementor-spacer\">\n\t\t\t<div class=\"elementor-spacer-inner\"><\/div>\n\t\t<\/div>\n\t\t\t\t\t\t<\/div>\n\t\t\t\t<\/div>\n\t\t\t\t\t<\/div>\n\t\t<\/div>\n\t\t\t\t\t<\/div>\n\t\t<\/section>\n\t\t\t\t<section class=\"elementor-section elementor-top-section elementor-element elementor-element-696f28bb produitem elementor-section-boxed elementor-section-height-default elementor-section-height-default\" data-id=\"696f28bb\" data-element_type=\"section\" data-e-type=\"section\">\n\t\t\t\t\t\t<div class=\"elementor-container elementor-column-gap-default\">\n\t\t\t\t\t<div class=\"elementor-column elementor-col-100 elementor-top-column elementor-element elementor-element-6b0aeb91\" data-id=\"6b0aeb91\" data-element_type=\"column\" data-e-type=\"column\">\n\t\t\t<div class=\"elementor-widget-wrap elementor-element-populated\">\n\t\t\t\t\t\t<div class=\"elementor-element elementor-element-2bc97a1c elementor-widget elementor-widget-text-editor\" data-id=\"2bc97a1c\" data-element_type=\"widget\" data-e-type=\"widget\" data-widget_type=\"text-editor.default\">\n\t\t\t\t<div class=\"elementor-widget-container\">\n\t\t\t\t\t\t\t\t\t<div class=\"col-xs-12 col-sm-6 col-md-4 col-lg-4\"><div class=\"texte\"><div class=\"col-xs-12 col-sm-6 col-md-4 col-lg-4\"><div class=\"texte\"><p>Il kiwi \u00e8 un dolce, agrumi, di colore verde brunastro delle dimensioni di un uovo di gallina. La buccia del frutto \u00e8 coperta da una lanugine morbida, che pu\u00f2 essere rimossa con un coltello o un pelapatate per facilitarne il consumo. Il kiwi contiene un enzima che funge da ammorbidente e molti cuochi aggiungono kiwi ai piatti di carne appositamente per la loro qualit\u00e0 tenera. Il kiwi viene spesso consumato crudo, da solo o con altri frutti. Un kiwi intero pu\u00f2 essere mangiato come una mela; la pelle \u00e8 commestibile, anche se molte persone preferiscono staccarla a causa della sua consistenza sfocata. Pu\u00f2 essere tagliato a fette e aggiunto a insalate fredde o scavato con un cucchiaio. I dessert caldi, come torte e torte, possono contenere frutta, cos\u00ec come yogurt, sorbetto e budini surgelati. Tuttavia, se utilizzato con prodotti lattiero-caseari, deve essere consumato immediatamente o si romper\u00e0 le proteine \u200b\u200bdel latte. Il kiwi crudo, come l&#8217;ananas, non dovrebbe essere aggiunto ai dessert di gelatina, poich\u00e9 spezza la struttura di tali piatti<\/p><\/div><\/div><\/div><\/div>\t\t\t\t\t\t\t\t<\/div>\n\t\t\t\t<\/div>\n\t\t\t\t\t<\/div>\n\t\t<\/div>\n\t\t\t\t\t<\/div>\n\t\t<\/section>\n\t\t\t\t<section class=\"elementor-section elementor-top-section elementor-element elementor-element-34bf1ffc elementor-section-boxed elementor-section-height-default elementor-section-height-default\" data-id=\"34bf1ffc\" data-element_type=\"section\" data-e-type=\"section\">\n\t\t\t\t\t\t<div class=\"elementor-container elementor-column-gap-default\">\n\t\t\t\t\t<div class=\"elementor-column elementor-col-100 elementor-top-column elementor-element elementor-element-5f3f26ac\" data-id=\"5f3f26ac\" data-element_type=\"column\" data-e-type=\"column\">\n\t\t\t<div class=\"elementor-widget-wrap elementor-element-populated\">\n\t\t\t\t\t\t<div class=\"elementor-element elementor-element-15564ebf elementor-widget elementor-widget-spacer\" data-id=\"15564ebf\" data-element_type=\"widget\" data-e-type=\"widget\" data-widget_type=\"spacer.default\">\n\t\t\t\t<div class=\"elementor-widget-container\">\n\t\t\t\t\t\t\t<div class=\"elementor-spacer\">\n\t\t\t<div class=\"elementor-spacer-inner\"><\/div>\n\t\t<\/div>\n\t\t\t\t\t\t<\/div>\n\t\t\t\t<\/div>\n\t\t\t\t\t<\/div>\n\t\t<\/div>\n\t\t\t\t\t<\/div>\n\t\t<\/section>\n\t\t\t\t<\/div>\n\t\t","protected":false},"excerpt":{"rendered":"<p>Kiwi Il kiwi \u00e8 un dolce, agrumi, di colore verde brunastro delle dimensioni di un uovo di gallina. La buccia del frutto \u00e8 coperta da una lanugine morbida, che pu\u00f2 essere rimossa con un coltello o un pelapatate per facilitarne il consumo. Il kiwi contiene un enzima che funge da ammorbidente e molti cuochi aggiungono &#8230; <a title=\"Kiwi\" class=\"read-more\" href=\"https:\/\/www.dcatala.com\/it\/frutta\/kiwi\/\" aria-label=\"Per saperne di pi\u00f9 su Kiwi\">Leggi tutto<\/a><\/p>\n","protected":false},"author":1,"featured_media":0,"parent":3808,"menu_order":0,"comment_status":"closed","ping_status":"closed","template":"elementor_header_footer","meta":{"footnotes":""},"class_list":["post-7661","page","type-page","status-publish"],"yoast_head":"<!-- This site is optimized with the Yoast SEO plugin v27.3 - https:\/\/yoast.com\/product\/yoast-seo-wordpress\/ -->\n<title>Kiwi - DOMINGO CATAL\u00c0<\/title>\n<meta name=\"description\" content=\"Kiwi Il kiwi \u00e8 un dolce, agrumi, di colore verde brunastro delle dimensioni di un uovo di gallina. La buccia del frutto \u00e8 coperta da una lanugine morbida,\" \/>\n<meta name=\"robots\" content=\"index, follow, max-snippet:-1, max-image-preview:large, max-video-preview:-1\" \/>\n<link rel=\"canonical\" href=\"https:\/\/www.dcatala.com\/it\/frutta\/kiwi\/\" \/>\n<meta name=\"twitter:label1\" content=\"Tempo di lettura stimato\" \/>\n\t<meta name=\"twitter:data1\" content=\"1 minuto\" \/>\n<script type=\"application\/ld+json\" class=\"yoast-schema-graph\">{\"@context\":\"https:\\\/\\\/schema.org\",\"@graph\":[{\"@type\":\"WebPage\",\"@id\":\"https:\\\/\\\/www.dcatala.com\\\/it\\\/frutta\\\/kiwi\\\/\",\"url\":\"https:\\\/\\\/www.dcatala.com\\\/it\\\/frutta\\\/kiwi\\\/\",\"name\":\"Kiwi - DOMINGO CATAL\u00c0\",\"isPartOf\":{\"@id\":\"https:\\\/\\\/www.dcatala.com\\\/it\\\/#website\"},\"datePublished\":\"2020-06-01T15:13:05+00:00\",\"dateModified\":\"2020-06-05T18:42:21+00:00\",\"description\":\"Kiwi Il kiwi \u00e8 un dolce, agrumi, di colore verde brunastro delle dimensioni di un uovo di gallina. La buccia del frutto \u00e8 coperta da una lanugine morbida,\",\"breadcrumb\":{\"@id\":\"https:\\\/\\\/www.dcatala.com\\\/it\\\/frutta\\\/kiwi\\\/#breadcrumb\"},\"inLanguage\":\"it-IT\",\"potentialAction\":[{\"@type\":\"ReadAction\",\"target\":[\"https:\\\/\\\/www.dcatala.com\\\/it\\\/frutta\\\/kiwi\\\/\"]}]},{\"@type\":\"BreadcrumbList\",\"@id\":\"https:\\\/\\\/www.dcatala.com\\\/it\\\/frutta\\\/kiwi\\\/#breadcrumb\",\"itemListElement\":[{\"@type\":\"ListItem\",\"position\":1,\"name\":\"Portada\",\"item\":\"https:\\\/\\\/www.dcatala.com\\\/it\\\/\"},{\"@type\":\"ListItem\",\"position\":2,\"name\":\"Frutta\",\"item\":\"https:\\\/\\\/www.dcatala.com\\\/it\\\/fruit\\\/\"},{\"@type\":\"ListItem\",\"position\":3,\"name\":\"Kiwi\"}]},{\"@type\":\"WebSite\",\"@id\":\"https:\\\/\\\/www.dcatala.com\\\/it\\\/#website\",\"url\":\"https:\\\/\\\/www.dcatala.com\\\/it\\\/\",\"name\":\"DOMINGO CATAL\u00c0\",\"description\":\"Produciendo calidad\",\"publisher\":{\"@id\":\"https:\\\/\\\/www.dcatala.com\\\/it\\\/#organization\"},\"potentialAction\":[{\"@type\":\"SearchAction\",\"target\":{\"@type\":\"EntryPoint\",\"urlTemplate\":\"https:\\\/\\\/www.dcatala.com\\\/it\\\/?s={search_term_string}\"},\"query-input\":{\"@type\":\"PropertyValueSpecification\",\"valueRequired\":true,\"valueName\":\"search_term_string\"}}],\"inLanguage\":\"it-IT\"},{\"@type\":\"Organization\",\"@id\":\"https:\\\/\\\/www.dcatala.com\\\/it\\\/#organization\",\"name\":\"D.Catala\",\"url\":\"https:\\\/\\\/www.dcatala.com\\\/it\\\/\",\"logo\":{\"@type\":\"ImageObject\",\"inLanguage\":\"it-IT\",\"@id\":\"https:\\\/\\\/www.dcatala.com\\\/it\\\/#\\\/schema\\\/logo\\\/image\\\/\",\"url\":\"https:\\\/\\\/www.dcatala.com\\\/wp-content\\\/uploads\\\/2020\\\/05\\\/cropped-logo-d.catala-2-1-scaled-1.jpg\",\"contentUrl\":\"https:\\\/\\\/www.dcatala.com\\\/wp-content\\\/uploads\\\/2020\\\/05\\\/cropped-logo-d.catala-2-1-scaled-1.jpg\",\"width\":2560,\"height\":711,\"caption\":\"D.Catala\"},\"image\":{\"@id\":\"https:\\\/\\\/www.dcatala.com\\\/it\\\/#\\\/schema\\\/logo\\\/image\\\/\"}}]}<\/script>\n<!-- \/ Yoast SEO plugin. -->","yoast_head_json":{"title":"Kiwi - DOMINGO CATAL\u00c0","description":"Kiwi Il kiwi \u00e8 un dolce, agrumi, di colore verde brunastro delle dimensioni di un uovo di gallina. La buccia del frutto \u00e8 coperta da una lanugine morbida,","robots":{"index":"index","follow":"follow","max-snippet":"max-snippet:-1","max-image-preview":"max-image-preview:large","max-video-preview":"max-video-preview:-1"},"canonical":"https:\/\/www.dcatala.com\/it\/frutta\/kiwi\/","twitter_misc":{"Tempo di lettura stimato":"1 minuto"},"schema":{"@context":"https:\/\/schema.org","@graph":[{"@type":"WebPage","@id":"https:\/\/www.dcatala.com\/it\/frutta\/kiwi\/","url":"https:\/\/www.dcatala.com\/it\/frutta\/kiwi\/","name":"Kiwi - DOMINGO CATAL\u00c0","isPartOf":{"@id":"https:\/\/www.dcatala.com\/it\/#website"},"datePublished":"2020-06-01T15:13:05+00:00","dateModified":"2020-06-05T18:42:21+00:00","description":"Kiwi Il kiwi \u00e8 un dolce, agrumi, di colore verde brunastro delle dimensioni di un uovo di gallina. La buccia del frutto \u00e8 coperta da una lanugine morbida,","breadcrumb":{"@id":"https:\/\/www.dcatala.com\/it\/frutta\/kiwi\/#breadcrumb"},"inLanguage":"it-IT","potentialAction":[{"@type":"ReadAction","target":["https:\/\/www.dcatala.com\/it\/frutta\/kiwi\/"]}]},{"@type":"BreadcrumbList","@id":"https:\/\/www.dcatala.com\/it\/frutta\/kiwi\/#breadcrumb","itemListElement":[{"@type":"ListItem","position":1,"name":"Portada","item":"https:\/\/www.dcatala.com\/it\/"},{"@type":"ListItem","position":2,"name":"Frutta","item":"https:\/\/www.dcatala.com\/it\/fruit\/"},{"@type":"ListItem","position":3,"name":"Kiwi"}]},{"@type":"WebSite","@id":"https:\/\/www.dcatala.com\/it\/#website","url":"https:\/\/www.dcatala.com\/it\/","name":"DOMINGO CATAL\u00c0","description":"Produciendo calidad","publisher":{"@id":"https:\/\/www.dcatala.com\/it\/#organization"},"potentialAction":[{"@type":"SearchAction","target":{"@type":"EntryPoint","urlTemplate":"https:\/\/www.dcatala.com\/it\/?s={search_term_string}"},"query-input":{"@type":"PropertyValueSpecification","valueRequired":true,"valueName":"search_term_string"}}],"inLanguage":"it-IT"},{"@type":"Organization","@id":"https:\/\/www.dcatala.com\/it\/#organization","name":"D.Catala","url":"https:\/\/www.dcatala.com\/it\/","logo":{"@type":"ImageObject","inLanguage":"it-IT","@id":"https:\/\/www.dcatala.com\/it\/#\/schema\/logo\/image\/","url":"https:\/\/www.dcatala.com\/wp-content\/uploads\/2020\/05\/cropped-logo-d.catala-2-1-scaled-1.jpg","contentUrl":"https:\/\/www.dcatala.com\/wp-content\/uploads\/2020\/05\/cropped-logo-d.catala-2-1-scaled-1.jpg","width":2560,"height":711,"caption":"D.Catala"},"image":{"@id":"https:\/\/www.dcatala.com\/it\/#\/schema\/logo\/image\/"}}]}},"_links":{"self":[{"href":"https:\/\/www.dcatala.com\/it\/wp-json\/wp\/v2\/pages\/7661","targetHints":{"allow":["GET"]}}],"collection":[{"href":"https:\/\/www.dcatala.com\/it\/wp-json\/wp\/v2\/pages"}],"about":[{"href":"https:\/\/www.dcatala.com\/it\/wp-json\/wp\/v2\/types\/page"}],"author":[{"embeddable":true,"href":"https:\/\/www.dcatala.com\/it\/wp-json\/wp\/v2\/users\/1"}],"replies":[{"embeddable":true,"href":"https:\/\/www.dcatala.com\/it\/wp-json\/wp\/v2\/comments?post=7661"}],"version-history":[{"count":2,"href":"https:\/\/www.dcatala.com\/it\/wp-json\/wp\/v2\/pages\/7661\/revisions"}],"predecessor-version":[{"id":8756,"href":"https:\/\/www.dcatala.com\/it\/wp-json\/wp\/v2\/pages\/7661\/revisions\/8756"}],"up":[{"embeddable":true,"href":"https:\/\/www.dcatala.com\/it\/wp-json\/wp\/v2\/pages\/3808"}],"wp:attachment":[{"href":"https:\/\/www.dcatala.com\/it\/wp-json\/wp\/v2\/media?parent=7661"}],"curies":[{"name":"wp","href":"https:\/\/api.w.org\/{rel}","templated":true}]}}